{"id":540,"date":"2010-06-15T11:24:25","date_gmt":"2010-06-15T10:24:25","guid":{"rendered":"http:\/\/praxiswoytas.de\/?page_id=540"},"modified":"2020-05-10T23:06:12","modified_gmt":"2020-05-10T22:06:12","slug":"labor","status":"publish","type":"page","link":"http:\/\/praxiswoytas.de\/?page_id=540","title":{"rendered":"Labor"},"content":{"rendered":"<table id=\"AutoNumber1\" style=\"border-collapse: collapse;\" border=\"0\" width=\"100%\" cellspacing=\"0\" cellpadding=\"0\">\n<tbody>\n<tr>\n<td width=\"15%\"><img loading=\"lazy\" decoding=\"async\" class=\"alignleft\" src=\"http:\/\/praxiswoytas.de\/wp-content\/uploads\/2011\/09\/labor1.jpg\" alt=\"\" width=\"40\" height=\"50\" \/><\/td>\n<td width=\"25%\"><img loading=\"lazy\" decoding=\"async\" class=\"alignleft\" src=\"http:\/\/praxiswoytas.de\/wp-content\/uploads\/2011\/09\/labor.png\" alt=\"\" width=\"161\" height=\"50\" \/><\/td>\n<td width=\"25%\"><img loading=\"lazy\" decoding=\"async\" class=\"alignleft\" src=\"http:\/\/praxiswoytas.de\/wp-content\/uploads\/2011\/09\/labor2.jpg\" alt=\"\" width=\"135\" height=\"50\" \/><\/td>\n<td width=\"35%\"><img loading=\"lazy\" decoding=\"async\" class=\"alignleft\" src=\"http:\/\/praxiswoytas.de\/wp-content\/uploads\/2011\/09\/labor3.jpg\" alt=\"\" width=\"135\" height=\"50\" \/><\/td>\n<\/tr>\n<\/tbody>\n<\/table>\n<p>Die Zeiten alchemistischer Selbsversuche im Praxishinterzimmerchen geh\u00f6ren f\u00fcr uns, als verantwortlich wissenschaftlich arbeitende Mediziner, selbstverst\u00e4ndlich der Vergangenheit an.<br \/>\nDeshalb arbeiten wir mit einem zertifizierten Gro\u00dflabor zusammen &#8211; hier stimmen Qualit\u00e4t, Know how und Preis. Diese Qualit\u00e4t geben wir gern an Sie weiter &#8211; zu Ihrer Sicherheit.<\/p>\n<p>Bioscientia Institut f\u00fcr Medizinische Diagnostik GmbH Labor Jena<br \/>\n\u00c4rztliche Laborgemeinschaft Jena<br \/>\nOrlaweg 2<br \/>\n07743 Jena<\/p>\n<p style=\"text-align: center;\">| <a href=\"https:\/\/www.bioscientia.de\/unternehmensbereiche\/diagnostik\/\" target=\"_blank\" rel=\"noopener noreferrer\">Leistungsangebote<\/a> |\u00a0<a href=\"https:\/\/www.bioscientia.com\/diagnostik-app\/\" target=\"_blank\" rel=\"noopener noreferrer\">Analysenverzeichnis<\/a> |\u00a0<a href=\"https:\/\/www.bioscientia.com\/diagnostik-app\/de\/indikationen\/\" target=\"_blank\" rel=\"noopener noreferrer\">Indikationsverzeichnis<\/a> |\u00a0<a href=\"https:\/\/www.bioscientia.de\/unternehmensbereiche\/diagnostik\/vorsorge\/\" target=\"_blank\" rel=\"noopener noreferrer\">IGeL-Angebote<\/a> |<\/p>\n<p style=\"text-align: center;\">\n<p style=\"text-align: center;\">\n<p style=\"text-align: center;\">\n<p style=\"text-align: center;\">\n<h1 style=\"text-align: center;\"><span style=\"color: #800000;\"><a href=\"https:\/\/www.internisten-im-netz.de\/mediathek\/online-tests\/blutwerte-check\/\" target=\"_blank\" rel=\"noopener noreferrer\">Blutwerte Check<\/a><\/span><\/h1>\n<p style=\"text-align: center;\">hier erfahren Sie, was Ihre Blutwerte bedeuten<\/p>\n<p><img loading=\"lazy\" decoding=\"async\" class=\"aligncenter wp-image-2568 size-full\" src=\"http:\/\/praxiswoytas.de\/wp-content\/uploads\/blood-1813410_1280.jpg\" alt=\"\" width=\"1280\" height=\"640\" srcset=\"http:\/\/praxiswoytas.de\/wp-content\/uploads\/blood-1813410_1280.jpg 1280w, http:\/\/praxiswoytas.de\/wp-content\/uploads\/blood-1813410_1280-300x150.jpg 300w, http:\/\/praxiswoytas.de\/wp-content\/uploads\/blood-1813410_1280-1024x512.jpg 1024w, http:\/\/praxiswoytas.de\/wp-content\/uploads\/blood-1813410_1280-768x384.jpg 768w, http:\/\/praxiswoytas.de\/wp-content\/uploads\/blood-1813410_1280-465x233.jpg 465w, http:\/\/praxiswoytas.de\/wp-content\/uploads\/blood-1813410_1280-695x348.jpg 695w\" sizes=\"auto, (max-width: 1280px) 100vw, 1280px\" \/><\/p>\n<p style=\"text-align: left;\">\n<p style=\"text-align: left;\">\n<p align=\"center\">\n<p align=\"center\">\n<p align=\"center\">\n<p align=\"center\">\n","protected":false},"excerpt":{"rendered":"<p>Die Zeiten alchemistischer Selbsversuche im Praxishinterzimmerchen geh\u00f6ren f\u00fcr uns, als verantwortlich wissenschaftlich arbeitende Mediziner, selbstverst\u00e4ndlich der Vergangenheit an. Deshalb arbeiten wir mit einem zertifizierten Gro\u00dflabor zusammen &#8211; hier stimmen Qualit\u00e4t, Know how und Preis. Diese Qualit\u00e4t geben wir gern an Sie weiter &#8211; zu Ihrer Sicherheit. Bioscientia Institut f\u00fcr Medizinische<span class=\"more-link\"><a href=\"http:\/\/praxiswoytas.de\/?page_id=540\">*** weiter lesen *** <\/a><\/span><\/p>\n","protected":false},"author":2,"featured_media":0,"parent":188,"menu_order":0,"comment_status":"closed","ping_status":"closed","template":"","meta":{"footnotes":""},"class_list":["entry","author-woytas","post-540","page","type-page","status-publish"],"_links":{"self":[{"href":"http:\/\/praxiswoytas.de\/index.php?rest_route=\/wp\/v2\/pages\/540","targetHints":{"allow":["GET"]}}],"collection":[{"href":"http:\/\/praxiswoytas.de\/index.php?rest_route=\/wp\/v2\/pages"}],"about":[{"href":"http:\/\/praxiswoytas.de\/index.php?rest_route=\/wp\/v2\/types\/page"}],"author":[{"embeddable":true,"href":"http:\/\/praxiswoytas.de\/index.php?rest_route=\/wp\/v2\/users\/2"}],"replies":[{"embeddable":true,"href":"http:\/\/praxiswoytas.de\/index.php?rest_route=%2Fwp%2Fv2%2Fcomments&post=540"}],"version-history":[{"count":42,"href":"http:\/\/praxiswoytas.de\/index.php?rest_route=\/wp\/v2\/pages\/540\/revisions"}],"predecessor-version":[{"id":2574,"href":"http:\/\/praxiswoytas.de\/index.php?rest_route=\/wp\/v2\/pages\/540\/revisions\/2574"}],"up":[{"embeddable":true,"href":"http:\/\/praxiswoytas.de\/index.php?rest_route=\/wp\/v2\/pages\/188"}],"wp:attachment":[{"href":"http:\/\/praxiswoytas.de\/index.php?rest_route=%2Fwp%2Fv2%2Fmedia&parent=540"}],"curies":[{"name":"wp","href":"https:\/\/api.w.org\/{rel}","templated":true}]}}