{"id":11,"date":"2010-03-09T00:10:48","date_gmt":"2010-03-08T23:10:48","guid":{"rendered":"http:\/\/woytas.de\/praxis\/?page_id=11"},"modified":"2025-08-18T22:59:29","modified_gmt":"2025-08-18T21:59:29","slug":"zweite-seite","status":"publish","type":"page","link":"https:\/\/praxiswoytas.de\/?page_id=11","title":{"rendered":"Anmeldung &amp; Termine"},"content":{"rendered":"<h3><strong>Praxiszeiten <\/strong><\/h3>\n<p><strong>Sprechstunden:<\/strong><\/p>\n<table id=\"AutoNumber1\" style=\"border-collapse: collapse; height: 71px;\" border=\"0\" width=\"300\" cellspacing=\"0\" cellpadding=\"0\">\n<tbody>\n<tr>\n<td width=\"15%\"><span style=\"font-family: Arial;\">Mo<\/span><\/td>\n<td width=\"30%\"><span style=\"font-family: Arial;\"> 08:00 &#8211; 13:00 Uhr<\/span><\/td>\n<td align=\"center\" width=\"40%\">Annahme bis 12Uhr<\/td>\n<td width=\"1%\"><\/td>\n<\/tr>\n<tr>\n<td width=\"15%\"><span style=\"font-family: Arial;\">Di<\/span><\/td>\n<td width=\"30%\"><span style=\"font-family: Arial;\">14:00 &#8211; 18:00 Uhr<\/span><\/td>\n<td align=\"center\" width=\"40%\">Terminsprechstunde<\/td>\n<td width=\"1%\"><\/td>\n<\/tr>\n<tr>\n<td width=\"15%\"><span style=\"font-family: Arial;\">Mi <\/span><\/td>\n<td width=\"30%\"><span style=\"font-family: Arial;\"> 08:00 &#8211; 12:00 Uhr<\/span><\/td>\n<td align=\"center\" width=\"40%\">Annahme bis 11Uhr<\/td>\n<td width=\"1%\"><\/td>\n<\/tr>\n<tr>\n<td width=\"15%\"><span style=\"font-family: Arial;\">Do<\/span><\/td>\n<td width=\"30%\"><span style=\"font-family: Arial;\"> 08:00 &#8211; 13:00 Uhr<\/span><\/td>\n<td align=\"center\" width=\"40%\">Annahme bis 12Uhr<\/td>\n<td width=\"1%\"><\/td>\n<\/tr>\n<tr>\n<td width=\"15%\"><span style=\"font-family: Arial;\">Fr <\/span><\/td>\n<td width=\"30%\"><span style=\"font-family: Arial;\"> 08:00 &#8211; 12:00 Uhr<\/span><\/td>\n<td align=\"center\" width=\"40%\">Annahme bis 11Uhr<\/td>\n<td width=\"1%\"><\/td>\n<\/tr>\n<\/tbody>\n<\/table>\n<p><strong>Servicezeiten (Rezepte\/\u00dcberweisung\/Anwendungen):<\/strong><\/p>\n<table id=\"AutoNumber1\" style=\"border-collapse: collapse; height: 33px;\" border=\"0\" width=\"300\" cellspacing=\"0\" cellpadding=\"0\">\n<tbody>\n<tr>\n<td width=\"15%\"><span style=\"font-family: Arial;\">Mo<\/span><\/td>\n<td width=\"30%\"><span style=\"font-family: Arial;\">nur mit Termin:<\/span><\/td>\n<td align=\"center\" width=\"40%\"><span style=\"font-family: Arial;\">14:00 &#8211; 17:00 Uhr<\/span><\/td>\n<td width=\"1%\"><\/td>\n<\/tr>\n<tr>\n<td width=\"15%\"><span style=\"font-family: Arial;\">Do<\/span><\/td>\n<td width=\"30%\"><span style=\"font-family: Arial;\"> nur mit Termin:<\/span><\/td>\n<td align=\"center\" width=\"40%\"><span style=\"font-family: Arial;\">14:00 &#8211; 17:00 Uhr<\/span><\/td>\n<td width=\"1%\"><\/td>\n<\/tr>\n<\/tbody>\n<\/table>\n<hr \/>\n<p><strong>Termine<\/strong><\/p>\n<p>Au\u00dfer in dringenden F\u00e4llen und Notf\u00e4llen ist immer eine Terminabsprache w\u00fcnschenswert. Um lange Wartezeiten zu vermeiden, vereinbaren Sie bitte telefonisch einen Arzttermin. Wir sind bem\u00fcht Ihnen einen zeitnahen Termin, wenn m\u00f6glich noch am selben Tag zu vergeben.\u00a0 Auch bei pl\u00f6tzlichen Erkrankungen (Grippe, Fieber, Durchfall) ist es sinnvoll durch Terminvereinbarung &#8211; auch f\u00fcr den n\u00e4chsten Tag &#8211; die Wartezeit in der Praxis gering zu halten. In Notf\u00e4llen k\u00f6nnen Sie w\u00e4hrend der Praxiszeiten ohne Voranmeldung in die Praxis kommen, wir bitten aber auch f\u00fcr Verst\u00e4ndnis, dass es durch Notf\u00e4lle zu Verz\u00f6gerungen im Praxisablauf kommt.<\/p>\n<h2 style=\"text-align: justify;\">Telefonische Terminvereinbarung: 0361 6604767<\/h2>\n<pre style=\"text-align: right;\">(w\u00e4hrend unserer Praxiszeiten)<\/pre>\n<h3><strong>Laborzeiten<\/strong><\/h3>\n<p>Montag, Mittwoch, Donnerstag und Freitag 8 Uhr bis 9.30 Uhr<\/p>\n<hr \/>\n<h3>Onlinetermine <a href=\"https:\/\/www.doctolib.de\/allgemeinmedizin\/erfurt\/marcus-matthias-woytas\" target=\"_blank\"><img loading=\"lazy\" decoding=\"async\" class=\"aligncenter wp-image-2911 size-full\" src=\"http:\/\/praxiswoytas.de\/wp-content\/uploads\/doctolib2.png\" alt=\"Doctolib Terminbuchung\" width=\"820\" height=\"312\" srcset=\"https:\/\/praxiswoytas.de\/wp-content\/uploads\/doctolib2.png 820w, https:\/\/praxiswoytas.de\/wp-content\/uploads\/doctolib2-300x114.png 300w, https:\/\/praxiswoytas.de\/wp-content\/uploads\/doctolib2-768x292.png 768w, https:\/\/praxiswoytas.de\/wp-content\/uploads\/doctolib2-465x177.png 465w, https:\/\/praxiswoytas.de\/wp-content\/uploads\/doctolib2-695x264.png 695w\" sizes=\"auto, (max-width: 820px) 100vw, 820px\" \/><\/a><\/h3>\n","protected":false},"excerpt":{"rendered":"<p>Praxiszeiten Sprechstunden: Mo 08:00 &#8211; 13:00 Uhr Annahme bis 12Uhr Di 14:00 &#8211; 18:00 Uhr Terminsprechstunde Mi 08:00 &#8211; 12:00 Uhr Annahme bis 11Uhr Do 08:00 &#8211; 13:00 Uhr Annahme bis 12Uhr Fr 08:00 &#8211; 12:00 Uhr Annahme bis 11Uhr Servicezeiten (Rezepte\/\u00dcberweisung\/Anwendungen): Mo nur mit Termin: 14:00 &#8211; 17:00 Uhr<span class=\"more-link\"><a href=\"https:\/\/praxiswoytas.de\/?page_id=11\">*** weiter lesen *** <\/a><\/span><\/p>\n","protected":false},"author":2,"featured_media":0,"parent":0,"menu_order":0,"comment_status":"closed","ping_status":"closed","template":"","meta":{"footnotes":""},"class_list":["entry","author-woytas","post-11","page","type-page","status-publish"],"_links":{"self":[{"href":"https:\/\/praxiswoytas.de\/index.php?rest_route=\/wp\/v2\/pages\/11","targetHints":{"allow":["GET"]}}],"collection":[{"href":"https:\/\/praxiswoytas.de\/index.php?rest_route=\/wp\/v2\/pages"}],"about":[{"href":"https:\/\/praxiswoytas.de\/index.php?rest_route=\/wp\/v2\/types\/page"}],"author":[{"embeddable":true,"href":"https:\/\/praxiswoytas.de\/index.php?rest_route=\/wp\/v2\/users\/2"}],"replies":[{"embeddable":true,"href":"https:\/\/praxiswoytas.de\/index.php?rest_route=%2Fwp%2Fv2%2Fcomments&post=11"}],"version-history":[{"count":38,"href":"https:\/\/praxiswoytas.de\/index.php?rest_route=\/wp\/v2\/pages\/11\/revisions"}],"predecessor-version":[{"id":2914,"href":"https:\/\/praxiswoytas.de\/index.php?rest_route=\/wp\/v2\/pages\/11\/revisions\/2914"}],"wp:attachment":[{"href":"https:\/\/praxiswoytas.de\/index.php?rest_route=%2Fwp%2Fv2%2Fmedia&parent=11"}],"curies":[{"name":"wp","href":"https:\/\/api.w.org\/{rel}","templated":true}]}}