{"id":1153,"date":"2012-03-25T14:09:48","date_gmt":"2012-03-25T13:09:48","guid":{"rendered":"http:\/\/praxiswoytas.de\/?page_id=1153"},"modified":"2021-07-18T23:06:40","modified_gmt":"2021-07-18T22:06:40","slug":"sportboot-tauglichkeit","status":"publish","type":"page","link":"https:\/\/praxiswoytas.de\/?page_id=1153","title":{"rendered":"Sportboot &#8211; Tauglichkeit"},"content":{"rendered":"<div id=\"main-content\">\n<p>Egal ob Bootsf\u00fchrerschein See oder Binnen \u2013 mit dem Antrag auf Zulassung zur Pr\u00fcfung muss ein \u00e4rztliches Attest vorgelegt werden. Das Attest muss auf einem speziellen Formular ausgestellt werden; Atteste f\u00fcr Flieger-, Taucher oder Busfahreruntersuchungen werden nicht anerkannt.<\/p>\n<h2><strong>Ablauf:<\/strong><\/h2>\n<p><strong>Anamnese und Untersuchung: <\/strong><\/p>\n<p>Erfassung sonstiger Befunde sowie k\u00f6rperlicher und geistiger Einschr\u00e4nkungen<strong><br \/>\n<\/strong><\/p>\n<p><strong>Spezialuntersuchungen:<\/strong><\/p>\n<p><strong>Sehsch\u00e4rfe:<\/strong> <a href=\"https:\/\/www.zeiss.de\/vision-care\/besser-sehen\/zeiss-online-seh-check.html\" target=\"_blank\" rel=\"noopener noreferrer\">Online-Sehtest<\/a><br \/>\n<strong><br \/>\nH\u00f6rtest: <\/strong><a href=\"http:\/\/www.kind.com\/de\/hoertest\/online-hoertest.html\" target=\"_blank\" rel=\"noopener noreferrer\">Online-H\u00f6rtest<\/a><\/p>\n<\/div>\n<p>Mit den Online &#8211; \u00a0 Beispieluntersuchungen\u00a0 k\u00f6nnen Sie vorab Ihr Seh- und H\u00f6rverm\u00f6gen testen<\/p>\n<div id=\"main-content\">\n<p>Info: Machen Sie von Ihrem Attest eine doppelseitige Kopie. Das Original wird f\u00fcr die Pr\u00fcfung zum Bootsf\u00fchrerschein See ben\u00f6tigt; die Kopie brauchen Sie f\u00fcr den Bootsf\u00fchrerschein Binnen. Das Attest verliert nach 12 Monaten seine G\u00fcltigkeit.<\/p>\n<p><img loading=\"lazy\" decoding=\"async\" class=\"size-full wp-image-1155 alignleft\" title=\"plate131\" src=\"http:\/\/praxiswoytas.de\/wp-content\/uploads\/2012\/03\/plate131.gif\" alt=\"plate131\" width=\"169\" height=\"166\" \/><\/p>\n<p><img loading=\"lazy\" decoding=\"async\" class=\"size-full wp-image-1154 alignleft\" title=\"plate121\" src=\"http:\/\/praxiswoytas.de\/wp-content\/uploads\/2012\/03\/plate121.gif\" alt=\"plate121\" width=\"169\" height=\"166\" \/><img loading=\"lazy\" decoding=\"async\" class=\"size-full wp-image-1156 alignleft\" title=\"plate141\" src=\"http:\/\/praxiswoytas.de\/wp-content\/uploads\/2012\/03\/plate141.gif\" alt=\"plate141\" width=\"169\" height=\"166\" \/><\/p>\n<p>***<\/p>\n<\/div>\n","protected":false},"excerpt":{"rendered":"<p>Egal ob Bootsf\u00fchrerschein See oder Binnen \u2013 mit dem Antrag auf Zulassung zur Pr\u00fcfung muss ein \u00e4rztliches Attest vorgelegt werden. Das Attest muss auf einem speziellen Formular ausgestellt werden; Atteste f\u00fcr Flieger-, Taucher oder Busfahreruntersuchungen werden nicht anerkannt. Ablauf: Anamnese und Untersuchung: Erfassung sonstiger Befunde sowie k\u00f6rperlicher und geistiger Einschr\u00e4nkungen<span class=\"more-link\"><a href=\"https:\/\/praxiswoytas.de\/?page_id=1153\">*** weiter lesen *** <\/a><\/span><\/p>\n","protected":false},"author":2,"featured_media":0,"parent":164,"menu_order":4,"comment_status":"closed","ping_status":"closed","template":"","meta":{"footnotes":""},"class_list":["entry","author-woytas","post-1153","page","type-page","status-publish"],"_links":{"self":[{"href":"https:\/\/praxiswoytas.de\/index.php?rest_route=\/wp\/v2\/pages\/1153","targetHints":{"allow":["GET"]}}],"collection":[{"href":"https:\/\/praxiswoytas.de\/index.php?rest_route=\/wp\/v2\/pages"}],"about":[{"href":"https:\/\/praxiswoytas.de\/index.php?rest_route=\/wp\/v2\/types\/page"}],"author":[{"embeddable":true,"href":"https:\/\/praxiswoytas.de\/index.php?rest_route=\/wp\/v2\/users\/2"}],"replies":[{"embeddable":true,"href":"https:\/\/praxiswoytas.de\/index.php?rest_route=%2Fwp%2Fv2%2Fcomments&post=1153"}],"version-history":[{"count":9,"href":"https:\/\/praxiswoytas.de\/index.php?rest_route=\/wp\/v2\/pages\/1153\/revisions"}],"predecessor-version":[{"id":2716,"href":"https:\/\/praxiswoytas.de\/index.php?rest_route=\/wp\/v2\/pages\/1153\/revisions\/2716"}],"up":[{"embeddable":true,"href":"https:\/\/praxiswoytas.de\/index.php?rest_route=\/wp\/v2\/pages\/164"}],"wp:attachment":[{"href":"https:\/\/praxiswoytas.de\/index.php?rest_route=%2Fwp%2Fv2%2Fmedia&parent=1153"}],"curies":[{"name":"wp","href":"https:\/\/api.w.org\/{rel}","templated":true}]}}