{"id":132,"date":"2010-03-12T00:41:44","date_gmt":"2010-03-11T23:41:44","guid":{"rendered":"http:\/\/woytas.de\/praxis\/?page_id=132"},"modified":"2020-09-17T00:19:12","modified_gmt":"2020-09-16T23:19:12","slug":"praxis-team","status":"publish","type":"page","link":"https:\/\/praxiswoytas.de\/?page_id=132","title":{"rendered":"Praxis &#038; Team"},"content":{"rendered":"<p style=\"text-align: center;\"><strong>Das \u00c4rztehaus am Anger 58<\/strong><\/p>\n<p style=\"text-align: center;\">Das f\u00fcr 800000 Euro sanierte \u00c4rztehaus am Anger 58 wurde am 25.10.2008 eingeweiht. &#8220;Das vornehme Haus an der Ecke Borngasse entstand im Jahr 1914 und war damals Domizil der Dresdner Bank. Die Stilelemente der noblen fassade setzen sich im Innerenan den Stuckdecken und Wandverzierungen fort.&#8221;<br \/>\n&#8220;W\u00e4hrend der zehnmonatigen Bauzeit verwandelte die KoWo das zuvor eher d\u00fcstere und verwinkelte Innere des knapp 100 Jahre alten Geb\u00e4udes in helle, freundliche und gut erreichbare Praxisr\u00e4ume. Dabei wude der Charme des alten Hauses erhalten und um moderne Funktionen erg\u00e4nzt&#8230;&#8221; &#8220;Ein angebauter Fahrstuhl erschlie\u00dft barrierefrei die oberen drei Etagen. &#8220;<\/p>\n<p style=\"text-align: center;\">Quelle TA 27.10.2009., A. Haubner<\/p>\n<address>\u00a0<\/address>\n<address>\u00a0<\/address>\n<address style=\"text-align: center;\"><img loading=\"lazy\" decoding=\"async\" class=\"  alignnone wp-image-1619 size-medium\" style=\"border: 0px none; margin: 0px;\" title=\"Molitor Immobilienconsulting\" src=\"http:\/\/praxiswoytas.de\/wp-content\/uploads\/2013\/12\/molitor-300x67.jpg\" alt=\"DG\" width=\"300\" height=\"67\" srcset=\"https:\/\/praxiswoytas.de\/wp-content\/uploads\/2013\/12\/molitor-300x67.jpg 300w, https:\/\/praxiswoytas.de\/wp-content\/uploads\/2013\/12\/molitor-1024x229.jpg 1024w, https:\/\/praxiswoytas.de\/wp-content\/uploads\/2013\/12\/molitor.jpg 1783w\" sizes=\"auto, (max-width: 300px) 100vw, 300px\" \/><\/address>\n<address style=\"text-align: center;\"><a href=\"http:\/\/www.praxiswoytas.de\" target=\"_blank\" rel=\"noopener noreferrer\"><img loading=\"lazy\" decoding=\"async\" class=\"size-medium wp-image-1620 \" style=\"border: 0px none; margin: 0px;\" title=\"Praxis Woytas * Marcus-Matthias Woytas * Allgemeinmedizin\" src=\"http:\/\/praxiswoytas.de\/wp-content\/uploads\/2013\/12\/praxis-300x86.jpg\" alt=\"praxis\" width=\"300\" height=\"86\" srcset=\"https:\/\/praxiswoytas.de\/wp-content\/uploads\/2013\/12\/praxis-300x86.jpg 300w, https:\/\/praxiswoytas.de\/wp-content\/uploads\/2013\/12\/praxis-1024x294.jpg 1024w, https:\/\/praxiswoytas.de\/wp-content\/uploads\/2013\/12\/praxis.jpg 1783w\" sizes=\"auto, (max-width: 300px) 100vw, 300px\" \/><\/a><\/address>\n<address style=\"text-align: center;\"><a href=\"http:\/\/ergotherapie-am-anger.de\/\" target=\"_blank\" rel=\"noopener noreferrer\"><img loading=\"lazy\" decoding=\"async\" class=\"size-medium wp-image-1617 \" style=\"border: 0px none; margin: 0px;\" title=\"Ergotherapie am Anger\" src=\"http:\/\/praxiswoytas.de\/wp-content\/uploads\/2013\/12\/ergo-300x99.jpg\" alt=\"ergo\" width=\"300\" height=\"99\" srcset=\"https:\/\/praxiswoytas.de\/wp-content\/uploads\/2013\/12\/ergo-300x99.jpg 300w, https:\/\/praxiswoytas.de\/wp-content\/uploads\/2013\/12\/ergo-1024x339.jpg 1024w, https:\/\/praxiswoytas.de\/wp-content\/uploads\/2013\/12\/ergo.jpg 1783w\" sizes=\"auto, (max-width: 300px) 100vw, 300px\" \/><\/a><\/address>\n<address style=\"text-align: center;\"><a href=\"http:\/\/www.kinderaerzte-anger.de\" target=\"_blank\" rel=\"noopener noreferrer\"><img loading=\"lazy\" decoding=\"async\" class=\"size-medium wp-image-1618 \" style=\"border: 0px none; margin: 0px;\" title=\"Kinderarztpraxis * Dres. Kriechling &amp; Feilmeier - Schuh\" src=\"http:\/\/praxiswoytas.de\/wp-content\/uploads\/2013\/12\/kinder-300x113.jpg\" alt=\"kinder\" width=\"300\" height=\"113\" srcset=\"https:\/\/praxiswoytas.de\/wp-content\/uploads\/2013\/12\/kinder-300x113.jpg 300w, https:\/\/praxiswoytas.de\/wp-content\/uploads\/2013\/12\/kinder-1024x386.jpg 1024w, https:\/\/praxiswoytas.de\/wp-content\/uploads\/2013\/12\/kinder.jpg 1783w\" sizes=\"auto, (max-width: 300px) 100vw, 300px\" \/><\/a><\/address>\n<address style=\"text-align: center;\"><a href=\"http:\/\/www.anger-vital-apotheke.de\" target=\"_blank\" rel=\"noopener noreferrer\"><img loading=\"lazy\" decoding=\"async\" class=\"size-medium wp-image-1616 \" style=\"border: 0px none; margin: 0px;\" title=\"Anger Vital Apotheke &amp; Piazza - Beauty &amp; Wellness\" src=\"http:\/\/praxiswoytas.de\/wp-content\/uploads\/2013\/12\/apotheke-300x148.jpg\" alt=\"apotheke\" width=\"300\" height=\"148\" srcset=\"https:\/\/praxiswoytas.de\/wp-content\/uploads\/2013\/12\/apotheke-300x148.jpg 300w, https:\/\/praxiswoytas.de\/wp-content\/uploads\/2013\/12\/apotheke-1024x508.jpg 1024w, https:\/\/praxiswoytas.de\/wp-content\/uploads\/2013\/12\/apotheke.jpg 1783w\" sizes=\"auto, (max-width: 300px) 100vw, 300px\" \/><\/a><\/address>\n<address>\u00a0<\/address>\n<address style=\"text-align: center;\">\u00a0<\/address>\n<address style=\"text-align: center;\">\u00a0<\/address>\n<address style=\"text-align: center;\">\u00a0<\/address>\n<address>\u00a0<\/address>\n<p style=\"text-align: center;\">\n<p style=\"text-align: center;\">\n","protected":false},"excerpt":{"rendered":"<p>Das \u00c4rztehaus am Anger 58 Das f\u00fcr 800000 Euro sanierte \u00c4rztehaus am Anger 58 wurde am 25.10.2008 eingeweiht. &#8220;Das vornehme Haus an der Ecke Borngasse entstand im Jahr 1914 und war damals Domizil der Dresdner Bank. Die Stilelemente der noblen fassade setzen sich im Innerenan den Stuckdecken und Wandverzierungen fort.&#8221;<span class=\"more-link\"><a href=\"https:\/\/praxiswoytas.de\/?page_id=132\">*** weiter lesen *** <\/a><\/span><\/p>\n","protected":false},"author":2,"featured_media":0,"parent":0,"menu_order":0,"comment_status":"closed","ping_status":"closed","template":"","meta":{"footnotes":""},"class_list":["entry","author-woytas","post-132","page","type-page","status-publish"],"_links":{"self":[{"href":"https:\/\/praxiswoytas.de\/index.php?rest_route=\/wp\/v2\/pages\/132","targetHints":{"allow":["GET"]}}],"collection":[{"href":"https:\/\/praxiswoytas.de\/index.php?rest_route=\/wp\/v2\/pages"}],"about":[{"href":"https:\/\/praxiswoytas.de\/index.php?rest_route=\/wp\/v2\/types\/page"}],"author":[{"embeddable":true,"href":"https:\/\/praxiswoytas.de\/index.php?rest_route=\/wp\/v2\/users\/2"}],"replies":[{"embeddable":true,"href":"https:\/\/praxiswoytas.de\/index.php?rest_route=%2Fwp%2Fv2%2Fcomments&post=132"}],"version-history":[{"count":21,"href":"https:\/\/praxiswoytas.de\/index.php?rest_route=\/wp\/v2\/pages\/132\/revisions"}],"predecessor-version":[{"id":2635,"href":"https:\/\/praxiswoytas.de\/index.php?rest_route=\/wp\/v2\/pages\/132\/revisions\/2635"}],"wp:attachment":[{"href":"https:\/\/praxiswoytas.de\/index.php?rest_route=%2Fwp%2Fv2%2Fmedia&parent=132"}],"curies":[{"name":"wp","href":"https:\/\/api.w.org\/{rel}","templated":true}]}}