{"id":137,"date":"2010-03-12T00:47:23","date_gmt":"2010-03-11T23:47:23","guid":{"rendered":"http:\/\/woytas.de\/praxis\/?page_id=137"},"modified":"2024-07-07T13:12:54","modified_gmt":"2024-07-07T12:12:54","slug":"praxisteam","status":"publish","type":"page","link":"https:\/\/praxiswoytas.de\/?page_id=137","title":{"rendered":"Praxisteam"},"content":{"rendered":"<h3><img loading=\"lazy\" decoding=\"async\" class=\"alignleft\" title=\"Marcus-Matthias Woytas\" src=\"http:\/\/www.woytas.de\/praxis\/img\/mmw.jpg\" alt=\"\" width=\"112\" height=\"160\" \/><span style=\"color: #800000;\"> <strong>Marcus-Matthias Woytas<\/strong><\/span><\/h3>\n<p>Als Facharzt f\u00fcr Allgemeinmedizin blicke ich auf eine sehr umfangreiche Aus- und Weiterbildung zur\u00fcck und bin aufgrund dieser Expertise als Prim\u00e4r- oder Hausarzt Ihr erster Ansprechpartner bei allen Erkrankungen und Fragen zur Gesundheit.<\/p>\n<p><em>Ein kleiner Einblick in meine bisherige T\u00e4tigkeit:\u00a0<\/em><br \/>\nStudium der Humanmedizin an der Friedrich Schiller &#8211; Univesit\u00e4t Jena von 1995 bis 2002 und Approbation als Arzt 2004. Vetragsarzt der Bundeswehr seit 2004 &#8211; 2014, Facharzt f\u00fcr Allgemeinmedizin in eigener Praxis seit 2009, EsthetiQ &#8211; Praxis f\u00fcr \u00c4sthetische Medizin seit 2014 und EsthetiQ &#8211; Wellness &amp; Beauty Lounge seit 2016.<\/p>\n<p style=\"text-align: justify;\">Assistenzen an folgenden Einrichtungen<br \/>\n<em>Friedrich Schiller Universit\u00e4t Jena<\/em> mit den Schwerpunkten:<br \/>\nAugenheilkunde, Thorax-, Gef\u00e4\u00df- und Kardiochirurgie, Innere Medizin, An\u00e4sthesie, Medizinische Mikrobiologie,<br \/>\n<em>Zentralklinik Bad Berka<\/em> mit den Schwerpunkten Pneumologie, Schlaflabor, Infektiologie, Pneumoonkologie, Palliativmedizin, Kardiologie, Rhythmologie,<br \/>\n<em>Sophien- und Hufelandklinik Weimar<\/em> mit dem Schwerpunkt: Kinder- und Jugendmedizin<br \/>\n<em>Helios Klinik Blankenhain<\/em> mit den Schwerpunkten: Allgemein- und Viszeralchirurgie, Unfallchirurgie, Orthop\u00e4die, Urologie<br \/>\nPraxisassistenzen in Neurologie und Psychiatrie, Allgemein- und Sportmedizin<\/p>\n<p style=\"text-align: justify;\">Wissenschaftliche Arbeit u.a. als Stipendiat am Institut f\u00fcr Medizinische Mikrobiologie der FSU Jena 2000 bis 2002 \u00fcber Chlamydien mit einigen Publikationen.<\/p>\n<hr \/>\n<h4><strong><span style=\"color: #993366;\"><span style=\"color: #800000;\">in der Praxis betreuen Sie:<\/span><br \/>\n<\/span><\/strong><\/h4>\n<p><span style=\"color: #800000;\"><strong>Linda Zbytni <\/strong>|<\/span> Praxismanagerin<\/p>\n<p><strong><span style=\"color: #800000;\">MeLinda <\/span>|<\/strong> AI &#8211; smarte Telefon-Fee<\/p>\n<hr \/>\n<h4><strong><span style=\"color: #800000;\">in der EsthetiQ &#8211; Lounge betreuen Sie:<\/span><br \/>\n<\/strong><\/h4>\n<p><strong><span style=\"color: #800000;\">Claudia Sch\u00f6nfeld <\/span>|\u00a0<\/strong> Spa Management<\/p>\n<p><strong><span style=\"color: #800000;\">Janice Brandin<span style=\"color: #000000;\">|\u00a0<\/span><\/span><\/strong><span style=\"color: #800000;\"><span style=\"color: #000000;\"> Esthetician \u00c4sthetische Medizin, Wellness &amp; Beauty <\/span><\/span><\/p>\n<hr \/>\n<p style=\"text-align: justify;\"><span style=\"color: #ffffff;\">A<\/span><\/p>\n<h2 style=\"text-align: justify;\"><span style=\"color: #800000;\"><strong>ALUMNI<\/strong><\/span><\/h2>\n<h3><span style=\"color: #800000;\"><strong>\u00c4rzte<br \/>\n<\/strong><\/span><\/h3>\n<p><span style=\"color: #800000;\"><strong>Spara A.<\/strong><\/span> | Hospitation EsthetiQ<\/p>\n<p><span style=\"color: #800000;\"><strong>Yelena S.<\/strong> |<\/span> Assistenz\u00e4rztin f\u00fcr Allgemeinmedizin<\/p>\n<p><span style=\"color: #ffffff;\">zin 2014<span style=\"color: #ffffff;\">A<\/span> <\/span><\/p>\n<hr \/>\n<h3 style=\"text-align: justify;\"><span style=\"color: #800000;\">Medizinische Fachangestellte &amp; Mitarbeiter<br \/>\n<\/span><\/h3>\n<p><strong><span style=\"color: #800000;\">Melanie S. <\/span>|<\/strong> Medizinische Fachangestellte<\/p>\n<p><strong><span style=\"color: #800000;\">Martina K.<\/span> |<\/strong> Master Skin &amp; Treatments<\/p>\n<p><strong><span style=\"color: #800000;\">Diana C.<\/span>|<\/strong> Medizinische Fachangestellte<\/p>\n<p><span style=\"color: #800000;\"><strong>Ines W. <\/strong><span style=\"color: #000000;\">| <\/span><\/span><span style=\"color: #000000;\">Arzthelferin<\/span><\/p>\n<p><span style=\"color: #800000;\"><strong>Kristina P. <\/strong><span style=\"color: #000000;\">| <\/span><\/span><span style=\"color: #000000;\">Medizinische Fachangestellte, <\/span><span style=\"color: #000000;\">Hebamme<\/span><\/p>\n<p><span style=\"color: #000000;\"><span style=\"color: #800000;\"><strong>Katharina W.<\/strong> <span style=\"color: #000000;\">| <\/span><\/span><span style=\"color: #800000;\"><span style=\"color: #000000;\">Medizinische Fachangestellte, <\/span><\/span><\/span><span style=\"color: #000000;\"><span style=\"color: #800000;\"><span style=\"color: #000000;\">Physiotherapeutin<\/span><\/span><\/span><\/p>\n<p><span style=\"color: #800000;\">\u00a0<\/span><\/p>\n<hr \/>\n<h3 style=\"text-align: justify;\"><span style=\"color: #800000;\">Auszubildende<\/span><\/h3>\n<p><span style=\"color: #800000;\"><strong>Steffi<\/strong><\/span><strong><span style=\"color: #800000;\"> M.<\/span> |<\/strong> Umsch\u00fclerin zur Medizinischen Fachangestellten<\/p>\n<p><span style=\"color: #800000;\"><strong>Stefania<\/strong><\/span><strong><span style=\"color: #800000;\"> C. <\/span>|<\/strong> Umsch\u00fclerin zur Medizinischen Fachangestellten<\/p>\n<p><span style=\"color: #993366;\"><strong>Linda Z. <\/strong><\/span>| Umsch\u00fclerin zur Medizinischen Fachangestellten<\/p>\n<p><strong><span style=\"color: #993366;\">Diana C.<\/span> |<\/strong> Umsch\u00fclerin zur Medizinischen Fachangestellten<\/p>\n<p><span style=\"color: #800000;\"><strong>Katharina W.<\/strong> <span style=\"color: #000000;\">| Umsch\u00fclerin zur <\/span><\/span><span style=\"color: #800000;\"><span style=\"color: #000000;\">Medizinischen Fachangestellten<br \/>\n<\/span><\/span><\/p>\n<p><span style=\"color: #800000;\"><strong>Patricia K. |<\/strong><\/span> Umsch\u00fclerin zur Medizinischen Fachangestellten<\/p>\n<p><span style=\"color: #800000;\"><strong>Eileen K. | <\/strong><\/span>Medizinische Fachangestellte, Umsch\u00fclerin zur Medizinischen Fachangestellten<\/p>\n<hr \/>\n<h3><span style=\"color: #800000;\">Studenten<\/span><\/h3>\n<p><span style=\"color: #800000;\"><span style=\"color: #000000;\"><strong>Praktisches Jahr:<\/strong> Stefan M.<\/span><\/span><\/p>\n<p style=\"text-align: justify;\"><span style=\"color: #800000;\"><span style=\"color: #000000;\"><strong>Blockparktikum:<\/strong> <\/span><\/span><span style=\"color: #ffffff;\"><span style=\"color: #000000;\">H., Katharina; W., Anne; S., Kafayat; N., Omar; D., Dina; H., Susanna; B., Torsten; W., Stefan; S., Alexandra; A., Yevgeniya; B., Carolin;H., Hannah; M., Juliane; H., Sebastian; M., Stefan; B., Janina<\/span>A<\/span><\/p>\n<hr \/>\n<h3><span style=\"color: #800000;\">Praktikanten<\/span><\/h3>\n<p style=\"text-align: justify;\"><span style=\"color: #ffffff;\"><span style=\"color: #000000;\">W., Tanja; J., Linda; L., Melanie<\/span>A<\/span><\/p>\n<hr \/>\n<p style=\"text-align: justify;\"><span style=\"color: #ffffff;\">A<\/span><\/p>\n<p><span style=\"color: #ffffff;\">A<\/span><\/p>\n<p><span style=\"border-radius: 2px; text-indent: 20px; width: auto; padding: 0px 4px 0px 0px; text-align: center; font: bold 11px\/20px 'Helvetica Neue',Helvetica,sans-serif; color: #ffffff; background: #bd081c url(&quot;data; position: absolute; opacity: 1; z-index: 8675309; display: none; cursor: pointer;\">Merken<\/span><\/p>\n","protected":false},"excerpt":{"rendered":"<p>Marcus-Matthias Woytas Als Facharzt f\u00fcr Allgemeinmedizin blicke ich auf eine sehr umfangreiche Aus- und Weiterbildung zur\u00fcck und bin aufgrund dieser Expertise als Prim\u00e4r- oder Hausarzt Ihr erster Ansprechpartner bei allen Erkrankungen und Fragen zur Gesundheit. Ein kleiner Einblick in meine bisherige T\u00e4tigkeit:\u00a0 Studium der Humanmedizin an der Friedrich Schiller &#8211;<span class=\"more-link\"><a href=\"https:\/\/praxiswoytas.de\/?page_id=137\">*** weiter lesen *** <\/a><\/span><\/p>\n","protected":false},"author":2,"featured_media":0,"parent":132,"menu_order":1,"comment_status":"closed","ping_status":"closed","template":"","meta":{"footnotes":""},"class_list":["entry","author-woytas","post-137","page","type-page","status-publish"],"_links":{"self":[{"href":"https:\/\/praxiswoytas.de\/index.php?rest_route=\/wp\/v2\/pages\/137","targetHints":{"allow":["GET"]}}],"collection":[{"href":"https:\/\/praxiswoytas.de\/index.php?rest_route=\/wp\/v2\/pages"}],"about":[{"href":"https:\/\/praxiswoytas.de\/index.php?rest_route=\/wp\/v2\/types\/page"}],"author":[{"embeddable":true,"href":"https:\/\/praxiswoytas.de\/index.php?rest_route=\/wp\/v2\/users\/2"}],"replies":[{"embeddable":true,"href":"https:\/\/praxiswoytas.de\/index.php?rest_route=%2Fwp%2Fv2%2Fcomments&post=137"}],"version-history":[{"count":73,"href":"https:\/\/praxiswoytas.de\/index.php?rest_route=\/wp\/v2\/pages\/137\/revisions"}],"predecessor-version":[{"id":2862,"href":"https:\/\/praxiswoytas.de\/index.php?rest_route=\/wp\/v2\/pages\/137\/revisions\/2862"}],"up":[{"embeddable":true,"href":"https:\/\/praxiswoytas.de\/index.php?rest_route=\/wp\/v2\/pages\/132"}],"wp:attachment":[{"href":"https:\/\/praxiswoytas.de\/index.php?rest_route=%2Fwp%2Fv2%2Fmedia&parent=137"}],"curies":[{"name":"wp","href":"https:\/\/api.w.org\/{rel}","templated":true}]}}