{"id":141,"date":"2010-03-12T00:56:13","date_gmt":"2010-03-11T23:56:13","guid":{"rendered":"http:\/\/woytas.de\/praxis\/?page_id=141"},"modified":"2012-05-31T07:54:51","modified_gmt":"2012-05-31T06:54:51","slug":"kooperationen","status":"publish","type":"page","link":"https:\/\/praxiswoytas.de\/?page_id=141","title":{"rendered":"Kollegen"},"content":{"rendered":"<p>Wir verfolgen einen ganzheitlichen Behandlungsansatz und arbeiten mit zahlreichen Kollegen und Kliniken in und um Erfurt zusammen.<\/p>\n<p><strong>Vertretung<\/strong><br \/>\nIm Urlaubs- und Krankheitsfall erfolgt die gegenseitige Vertretung (soweit nicht anders ausgeschildert) durch:<br \/>\nMR M.-M. Woytas, Trommsdorffstrasse 7, 99084 Erfurt<br \/>\nTerminvereinbarung unter 0361 5402270<\/p>\n<p><strong>Fach\u00e4rzte<\/strong><br \/>\n<a title=\"\u00c4NEF\" href=\"http:\/\/www.\u00e4rztenetz-erfurt.de\/\" target=\"_blank\">Arztsuche des \u00c4rztenetzes Erfurt<\/a><strong><br \/>\n<\/strong><a title=\"KVT\" href=\"http:\/\/kv-thueringen.de\" target=\"_blank\">Arztsuche der Kassen\u00e4rztlichen Vereinigung Th\u00fcringen<\/a><\/p>\n<p><strong>Kliniken<br \/>\n<\/strong><a title=\"Lotse\" href=\"http:\/\/www.klinik-lotse.de\" target=\"_blank\">Klinik Lotse<\/a><strong><br \/>\n<\/strong><a title=\"Blankenhain\" href=\"http:\/\/www.helios-kliniken.de\/klinik\/blankenhain.html\" target=\"_blank\">Helios-Klinik Blankenhain<\/a><br \/>\n<a title=\"HKE\" href=\"http:\/\/www.helios-kliniken.de\/klinik\/erfurt.html\" target=\"_blank\">Helios-Klinik Erfurt<\/a><br \/>\n<a title=\"KKH\" href=\"http:\/\/www.kkh-erfurt.de\/\" target=\"_blank\">Katholisches Krankenhaus<\/a><\/p>\n<p><strong>Klinik &#8211; Netzwerk<\/strong><br \/>\nMit den Kliniken Helios Erfurt und Blankenhain, sowie KKH Erfurt sind wir \u00fcber die jeweiligen \u00c4rzteportale vernetzt.<br \/>\nSofern Sie in diesen Kliniken behandelt werden, vergessen Sie bitte nicht uns als Hausarzt zur Befundabfrage freizuschalten (Klinikformular).<br \/>\nWir k\u00f6nnen dann zeitgleich ihren Klinikaufenthalt in Ihrer elektronischen Fallakte verfolgen und wichtige Befunde schon vorab bewerten und ggf. R\u00fccksprache mit den behandelnden \u00c4rzten nehmen.<\/p>\n<p><strong>Labor-Netzwerk<\/strong><br \/>\nWir sind Kooperationspartner der <a href=\"http:\/\/www.bioscientia.de\/de\/laborverbund\/labor-jena\/\" target=\"_blank\">\u00e4rztliche Laborgemeinschaft Jena &#8211; Verbund Mitteldeutscher \u00c4rzte (Bioscientia)<\/a> und k\u00f6nnen auf dieser Basis einen gro\u00dfen Teil der <a href=\"http:\/\/praxiswoytas.de\/angebot-ausstattung\/diagnostikverfahren\/labor\/\" target=\"_self\">Laborleistungen<\/a> selbst anbieten. Weitere, insebsondere Privat- und Individualleistungen k\u00f6nnen wir \u00fcber das <a href=\"http:\/\/www.biovis.de\/\" target=\"_blank\">Labor Biovis Dignostik MVZ<\/a> anbieten.<\/p>\n","protected":false},"excerpt":{"rendered":"<p>Wir verfolgen einen ganzheitlichen Behandlungsansatz und arbeiten mit zahlreichen Kollegen und Kliniken in und um Erfurt zusammen. Vertretung Im Urlaubs- und Krankheitsfall erfolgt die gegenseitige Vertretung (soweit nicht anders ausgeschildert) durch: MR M.-M. Woytas, Trommsdorffstrasse 7, 99084 Erfurt Terminvereinbarung unter 0361 5402270 Fach\u00e4rzte Arztsuche des \u00c4rztenetzes Erfurt Arztsuche der Kassen\u00e4rztlichen<span class=\"more-link\"><a href=\"https:\/\/praxiswoytas.de\/?page_id=141\">*** weiter lesen *** <\/a><\/span><\/p>\n","protected":false},"author":2,"featured_media":0,"parent":132,"menu_order":0,"comment_status":"closed","ping_status":"closed","template":"","meta":{"footnotes":""},"class_list":["entry","author-woytas","post-141","page","type-page","status-publish"],"_links":{"self":[{"href":"https:\/\/praxiswoytas.de\/index.php?rest_route=\/wp\/v2\/pages\/141","targetHints":{"allow":["GET"]}}],"collection":[{"href":"https:\/\/praxiswoytas.de\/index.php?rest_route=\/wp\/v2\/pages"}],"about":[{"href":"https:\/\/praxiswoytas.de\/index.php?rest_route=\/wp\/v2\/types\/page"}],"author":[{"embeddable":true,"href":"https:\/\/praxiswoytas.de\/index.php?rest_route=\/wp\/v2\/users\/2"}],"replies":[{"embeddable":true,"href":"https:\/\/praxiswoytas.de\/index.php?rest_route=%2Fwp%2Fv2%2Fcomments&post=141"}],"version-history":[{"count":14,"href":"https:\/\/praxiswoytas.de\/index.php?rest_route=\/wp\/v2\/pages\/141\/revisions"}],"predecessor-version":[{"id":1320,"href":"https:\/\/praxiswoytas.de\/index.php?rest_route=\/wp\/v2\/pages\/141\/revisions\/1320"}],"up":[{"embeddable":true,"href":"https:\/\/praxiswoytas.de\/index.php?rest_route=\/wp\/v2\/pages\/132"}],"wp:attachment":[{"href":"https:\/\/praxiswoytas.de\/index.php?rest_route=%2Fwp%2Fv2%2Fmedia&parent=141"}],"curies":[{"name":"wp","href":"https:\/\/api.w.org\/{rel}","templated":true}]}}