{"id":148,"date":"2010-03-12T01:03:34","date_gmt":"2010-03-12T00:03:34","guid":{"rendered":"http:\/\/woytas.de\/praxis\/?page_id=148"},"modified":"2020-09-17T00:53:42","modified_gmt":"2020-09-16T23:53:42","slug":"notdienst","status":"publish","type":"page","link":"https:\/\/praxiswoytas.de\/?page_id=148","title":{"rendered":"Notdienst"},"content":{"rendered":"<h2 style=\"text-align: center;\"><strong>In dringenden F\u00e4llen<br \/>\nau\u00dferhalb der Sprech- und Servicezeit<br \/>\nkonsultieren Sie bitte:<\/strong><\/h2>\n<p style=\"text-align: center;\"><strong>diensthabende Pr\u00e4senzpraxis: <\/strong><\/p>\n<h3 style=\"text-align: center;\">Ansagehotline 0175-9124294<\/h3>\n<hr \/>\n<p style=\"text-align: center;\"><span style=\"color: #ffffff;\">A<\/span><strong>Kassen\u00e4rztlicher Sitzdienst (Allgemein, HNO, Augen, Kinder)<\/strong><\/p>\n<h3 style=\"text-align: center;\"><a title=\"KVND\" href=\"http:\/\/www.apotheken.de\/include\/functions\/mapwindow.php?typ=0&amp;sym=1&amp;newsess=1&amp;wx=660.7638&amp;wy=3059.409&amp;description=Kassen%E4rztlicher+Notfalldienst+Erfurt\" target=\"_blank\" rel=\"noopener noreferrer\">Helios \u2013 Klinikum Erfurt, Nordh\u00e4user Str. 74, 99096 Erfurt <\/a> Tel.:0361 &#8211; 7814833<\/h3>\n<p style=\"text-align: center;\">Mo\/Di\/Do 19 &#8211; 7 Uhr, Mi\/Fr 13 &#8211; 7 Uhr , Sa\/So\/Feiertags 7 &#8211; 7 Uhr<\/p>\n<hr \/>\n<p style=\"text-align: justify;\"><span style=\"color: #ffffff;\">A<\/span><\/p>\n<h3 style=\"text-align: center;\">\u00e4rztlicher Bereitschaftsdienst der Kassen\u00e4rztlichen Vereinigung<\/h3>\n<p style=\"text-align: center;\"><a href=\"http:\/\/www.116117info.de\" target=\"_blank\" rel=\"noopener noreferrer\"><img loading=\"lazy\" decoding=\"async\" class=\"size-medium wp-image-1182 aligncenter\" title=\"kbv-116117-logo\" src=\"http:\/\/praxiswoytas.de\/wp-content\/uploads\/2012\/04\/kbv-116117-logo-300x199.jpg\" alt=\"kbv-116117-logo\" width=\"300\" height=\"199\" srcset=\"https:\/\/praxiswoytas.de\/wp-content\/uploads\/2012\/04\/kbv-116117-logo-300x199.jpg 300w, https:\/\/praxiswoytas.de\/wp-content\/uploads\/2012\/04\/kbv-116117-logo-1024x682.jpg 1024w\" sizes=\"auto, (max-width: 300px) 100vw, 300px\" \/><\/a><\/p>\n<p style=\"text-align: justify;\">\n<p style=\"text-align: justify;\">\n<hr \/>\n<p style=\"text-align: justify;\"><span style=\"color: #ffffff;\">A<\/span><\/p>\n<h2 style=\"text-align: center;\">Notruf 112<\/h2>\n<p style=\"text-align: justify;\"><span style=\"color: #ffffff;\">A<\/span><\/p>\n<h3 style=\"text-align: center;\"><a title=\"GNR\" href=\"http:\/\/www.apotheken.de\/include\/functions\/mapwindow.php?typ=0&amp;sym=1&amp;newsess=1&amp;wx=660.7638506&amp;wy=3059.409513&amp;description=Gemeinsames+Giftinformationszentrum+f%FCr+die+L%E4nder+Mecklenburg-Vorpommern%2C\" target=\"_blank\" rel=\"noopener noreferrer\">Giftnotruf<\/a> 730730<\/h3>\n<h3 style=\"text-align: center;\">Notapotheke: <a href=\"http:\/\/www.aponet.de\/service\/notdienstapotheke-finden\/suchergebnis\/0\/erfurt.html\" target=\"_blank\" rel=\"noopener noreferrer\">Aponet<\/a><\/h3>\n<p style=\"text-align: center;\"><a title=\"KVT\" href=\"http:\/\/www.kv-thueringen.de\/mitglieder\/notdienst\/a1__Zum_Herunterladen\/Informationsmaterial_116117\/Patienteninfo_116117.pdf\" target=\"_blank\" rel=\"noopener noreferrer\">Flyer \u00a0&#8220;\u00c4rztlicher Notfall in Th\u00fcringen&#8221;<\/a><\/p>\n<h3 style=\"text-align: center;\"><a title=\"Download Faxformular f\u00fcr Geh\u00f6rlose und Menschen mit Sprachbehinderung (PDF)\" href=\"http:\/\/daris.kbv.de\/daris\/link.asp?ID=1003765240\" target=\"_blank\" rel=\"noopener noreferrer\">Faxformular f\u00fcr h\u00f6r- und sprachgesch\u00e4digte Menschen zur Kontaktaufnahme mit dem Bereitschaftsdienst <\/a><\/h3>\n<p style=\"text-align: center;\">\n","protected":false},"excerpt":{"rendered":"<p>In dringenden F\u00e4llen au\u00dferhalb der Sprech- und Servicezeit konsultieren Sie bitte: diensthabende Pr\u00e4senzpraxis: Ansagehotline 0175-9124294 AKassen\u00e4rztlicher Sitzdienst (Allgemein, HNO, Augen, Kinder) Helios \u2013 Klinikum Erfurt, Nordh\u00e4user Str. 74, 99096 Erfurt Tel.:0361 &#8211; 7814833 Mo\/Di\/Do 19 &#8211; 7 Uhr, Mi\/Fr 13 &#8211; 7 Uhr , Sa\/So\/Feiertags 7 &#8211; 7 Uhr A<span class=\"more-link\"><a href=\"https:\/\/praxiswoytas.de\/?page_id=148\">*** weiter lesen *** <\/a><\/span><\/p>\n","protected":false},"author":2,"featured_media":0,"parent":26,"menu_order":0,"comment_status":"closed","ping_status":"closed","template":"","meta":{"footnotes":""},"class_list":["entry","author-woytas","post-148","page","type-page","status-publish"],"_links":{"self":[{"href":"https:\/\/praxiswoytas.de\/index.php?rest_route=\/wp\/v2\/pages\/148","targetHints":{"allow":["GET"]}}],"collection":[{"href":"https:\/\/praxiswoytas.de\/index.php?rest_route=\/wp\/v2\/pages"}],"about":[{"href":"https:\/\/praxiswoytas.de\/index.php?rest_route=\/wp\/v2\/types\/page"}],"author":[{"embeddable":true,"href":"https:\/\/praxiswoytas.de\/index.php?rest_route=\/wp\/v2\/users\/2"}],"replies":[{"embeddable":true,"href":"https:\/\/praxiswoytas.de\/index.php?rest_route=%2Fwp%2Fv2%2Fcomments&post=148"}],"version-history":[{"count":40,"href":"https:\/\/praxiswoytas.de\/index.php?rest_route=\/wp\/v2\/pages\/148\/revisions"}],"predecessor-version":[{"id":2642,"href":"https:\/\/praxiswoytas.de\/index.php?rest_route=\/wp\/v2\/pages\/148\/revisions\/2642"}],"up":[{"embeddable":true,"href":"https:\/\/praxiswoytas.de\/index.php?rest_route=\/wp\/v2\/pages\/26"}],"wp:attachment":[{"href":"https:\/\/praxiswoytas.de\/index.php?rest_route=%2Fwp%2Fv2%2Fmedia&parent=148"}],"curies":[{"name":"wp","href":"https:\/\/api.w.org\/{rel}","templated":true}]}}