{"id":164,"date":"2010-03-12T01:28:50","date_gmt":"2010-03-12T00:28:50","guid":{"rendered":"http:\/\/woytas.de\/praxis\/?page_id=164"},"modified":"2016-12-15T08:12:44","modified_gmt":"2016-12-15T07:12:44","slug":"igel-individuelle-gesundheits-und-wunschleistungen","status":"publish","type":"page","link":"https:\/\/praxiswoytas.de\/?page_id=164","title":{"rendered":"IGeL, Individuelle Gesundheits- und Wunschleistungen"},"content":{"rendered":"<p><base target=\"_blank\"><\/p>\n<table id=\"AutoNumber1\" style=\"border-collapse: collapse;\" border=\"0\" cellspacing=\"0\" cellpadding=\"0\" width=\"100%\">\n<tbody>\n<tr>\n<td width=\"75%\" align=\"left\" valign=\"top\">Wir bieten Ihnen zus\u00e4tzliche      Leistungen an, die aus \u00e4rztlicher Sicht begr\u00fcndet, sinnvoll und      empfehlenswert sind, aber gegenw\u00e4rtig durch die gesetzlichen      Krankenversicherungen (*) nicht bezahlt werden. Deshalb erfolgt die      Bezahlung gegen Rechnung durch den Patienten auf Grundlage der amtlichen      Geb\u00fchrenordnung (GO\u00c4).<\/p>\n<h3><strong>IGeL\/Wunsch &#8211; Diagnostik<\/strong><\/h3>\n<p>Reisemedizinische Beratung und Impfung<br \/>\nGesndheitsausweis \/ Reisearztbrief (Ihre Krankengeschichte auf Englisch f\u00fcr      Auslandsreisen)<br \/>\nerweiterter CheckUp (unter 35, Labor, EKG, Ultraschall)<br \/>\nerweiterte Krebsvorsorge<br \/>\nKrebsvorsorge bei M\u00e4nnern unter 45 Jahren incl. Haemoccult<br \/>\nProstatakrebs-Fr\u00fcherkennung mittels immunologischem Bluttest (<a href=\"http:\/\/de.wikipedia.org\/wiki\/Prostataspezifisches_Antigen\" target=\"_blank\">PSA<\/a>)<br \/>\nTumorvorsorge mittels immunologischem Stuhltest (<a href=\"http:\/\/de.wikipedia.org\/wiki\/Tumor_M2-PK\" target=\"_blank\">M2-PK      Stuhltest<\/a>)<br \/>\nerweiterte Hautkrebsvorsorge (unter 35)<br \/>\nTauchtauglichkeit<br \/>\nFallschirmsprungtauglichkeit<br \/>\nF\u00fchrerscheinuntersuchung<br \/>\nsportliche Belastungstests und Untersuchung und Bescheinigung von      Sporttauglichkeit<br \/>\nGrosser Herz-Kreislauf-Check<\/p>\n<h3><strong>IGeL\/Wunsch &#8211; Therapie<\/strong><\/h3>\n<p>Vitamin- und Aufbaukuren (Spritzen- oder Infusionstherapie) zur:<br \/>\nVitalisierung<br \/>\nArteriosklerose \u2013 Prophylaxe<br \/>\nImmunstimulierung<br \/>\nInfusionen zur Tinnitusbehandlung<br \/>\nKniegelenkarthrosetherapie mit Hyalurons\u00e4ure<br \/>\nNeuraltherapie (n. Hunecke)<br \/>\nElektroakupunktur (EAP)<\/p>\n<h3><strong>IGeL &#8211; Service<\/strong><\/h3>\n<p>Gutachten, Atteste, Antr\u00e4ge, Sportatteste<br \/>\nWunschhausbesuch<\/p>\n<p align=\"justify\">(*) Einige private Krankenversicherungen orientieren sich      in ihrer Kostenerstattung am Rahmen der Vorsorgeleistungen der ges.      Krankenkassen und hinsichtlich Diagnostik und Therapie an wirtschaftlichen      Gesichtspunkten. Unter Umst\u00e4nden werden deshalb Leistungen auch von privaten      Krankenversicherungen nicht oder nur teilweise erstattet. Dies \u00e4ndert nichts      an der Richtigkeit der Rechnungstellung.\u00a0 Gegebenenfalls sollten Sie sich      bei besonderen Untersuchungen und Behandlungen eine Kosten\u00fcbernahme      best\u00e4tigen lassen.<\/p>\n<h2>Das Original-IGeL-Buch von Dr. Krimmel<\/h2>\n<p align=\"justify\">\n<p align=\"justify\"><img decoding=\"async\" style=\"margin: 3px 20px; border: 0pt none;\" src=\"http:\/\/praxiswoytas.de\/wp-content\/uploads\/2011\/09\/igelbuch.jpg\" border=\"0\" alt=\"\" hspace=\"20\" vspace=\"3\" align=\"left\" \/><img loading=\"lazy\" decoding=\"async\" class=\"size-full wp-image-1035 alignleft\" title=\"igelbuch\" src=\"http:\/\/praxiswoytas.de\/wp-content\/uploads\/2011\/10\/igelbuch.jpg\" alt=\"igelbuch\" width=\"136\" height=\"175\" \/>Im      Jahre 1998 ver\u00f6ffentlichte Dr. Lothar Krimmel im Deutschen \u00c4rzte-Verlag sein      aufsehenerregendes Werk,\u00a0mit dem er erstmals Theorie und Praxis der      Individuellen Gesundheitsleistungen vorstellte und damit das &#8220;IGeL-Zeitalter&#8221;      begr\u00fcndete. Das bereits seit dem Jahr 2000 vergriffene Buch hat bis heute      kaum an Aktualit\u00e4t eingeb\u00fc\u00dft. An dieser Stelle haben Sie mit freundlicher      Genehmigung des Deutschen \u00c4rzte-Verlags exklusiv die M\u00f6glichkeit zum      Download der Textfassung, also ohne Tabellen und Abbildungen.<\/p>\n<p align=\"justify\">zum Download:     <a href=\"http:\/\/www.bioscientia.de\/de\/files\/2011\/04\/IGeL-Buch.pdf\" target=\"_blank\"> Kostenerstattung und Individuelle Gesundheitsleistungen &#8211; Neue Chancen f\u00fcr      Patienten und \u00c4rzte<\/a><\/p>\n<\/td>\n<td width=\"5%\" align=\"left\" valign=\"top\"><\/td>\n<td width=\"20%\" align=\"left\" valign=\"top\">\n<h3><strong>IGeL Labortests (PDF)<br \/>\n<\/strong><\/h3>\n<p><a href=\"http:\/\/www.woytas.de\/aenef\/bioscientia\/Alkohol.pdf\"> <span style=\"font-size: x-small;\">Alkohol<\/span><\/a><span style=\"font-size: x-small;\"><br \/>\n<\/span><span style=\"font-size: x-small;\"> <a href=\"http:\/\/www.woytas.de\/aenef\/bioscientia\/Arteriosklerose-Risiko.pdf\"> Arteriosklerose-Risiko<\/a><\/span><span style=\"font-size: x-small;\"><br \/>\n<\/span><span style=\"font-size: x-small;\"> <a href=\"http:\/\/www.www.woytas.de\/aenef\/bioscientia\/Blutfette-Basis-Check_02-2012.pdf\"> Blutfette-Basis-Check<\/a><br \/>\n<a href=\"http:\/\/www.woytas.de\/aenef\/bioscientia\/Blutgruppenbestimmung.pdf\"> Blutgruppenbestimmung<\/a><\/span><span style=\"font-size: x-small;\"><br \/>\n<\/span> <a href=\"http:\/\/www.woytas.de\/aenef\/bioscientia\/borreliose-und-fsme.pdf\"> <span style=\"font-size: x-small;\">Borreliose      und FSME<\/span><\/a><span style=\"font-size: x-small;\"><br \/>\n<\/span><span style=\"font-size: x-small;\"> <a href=\"http:\/\/www.woytas.de\/aenef\/bioscientia\/Chronische-M\u00fcdigkeit.pdf\"> Chronische M\u00fcdigkeit<\/a><\/span><span style=\"font-size: x-small;\"><br \/>\n<\/span><span style=\"font-size: x-small;\"> <a href=\"http:\/\/www.woytas.de\/aenef\/bioscientia\/darmkrebsvorsorge-immunologischer-stuhltest.pdf\"> Darmkrebsvorsorge \u2013 M2PK<\/a><br \/>\n<a href=\"http:\/\/www.woytas.de\/aenef\/bioscientia\/Diabetes-Risiko-Check.pdf\"> Diabetes-Risiko-Check<\/a><br \/>\n<a href=\"http:\/\/www.woytas.de\/aenef\/bioscientia\/Drogenscreening_02-2012.pdf\"> Drogenscreening<\/a><br \/>\n<a href=\"http:\/\/www.woytas.de\/aenef\/bioscientia\/Dysbiose-Check.pdf\"> Dysbiose-Check<\/a><br \/>\n<a href=\"http:\/\/www.woytas.de\/aenef\/bioscientia\/Eisenmangel-Basis-Check_02-2012.pdf\"> Eisenmangel-Basis-Check<\/a><br \/>\n<a href=\"http:\/\/www.woytas.de\/aenef\/bioscientia\/Fertilit\u00e4ts-Check.pdf\" target=\"_blank\"> Fertilit\u00e4ts-Check<\/a><br \/>\n<a href=\"http:\/\/www.woytas.de\/aenef\/bioscientia\/Geb\u00e4rmutterhalskrebs-Risiko_02-2012.pdf\"> Geb\u00e4rmutterhalskrebs-Risiko<\/a><br \/>\n<a href=\"http:\/\/www.woytas.de\/aenef\/bioscientia\/Check-up_02-2012.pdf\"> Gesundheitsuntersuchung (Check)<\/a><\/span><span style=\"font-size: x-small;\"><br \/>\n<\/span><span style=\"font-size: x-small;\"> <a href=\"http:\/\/www.woytas.de\/aenef\/bioscientia\/Haarausfall.pdf\"> Haarausfall<\/a><\/span><span style=\"font-size: x-small;\"><br \/>\n<\/span> <a href=\"http:\/\/www.woytas.de\/aenef\/bioscientia\/H\u00e4mochromatose_02-2012.pdf\"> <span style=\"font-size: x-small;\"> H\u00e4mochromatose <\/span><\/a> <span style=\"font-size: x-small;\"><br \/>\n<a href=\"http:\/\/www.woytas.de\/aenef\/bioscientia\/Helicobacter.pdf\"> Helicobacter pylori<\/a><br \/>\n<a href=\"http:\/\/www.woytas.de\/aenef\/bioscientia\/Hepatitis-C-Risiko.pdf\"> Hepatitis C-Risiko<\/a><br \/>\n<a href=\"http:\/\/www.woytas.de\/aenef\/bioscientia\/herzinfarkt-risiko-check.pdf\"> Herzinfarkt-Risiko-Check<\/a><br \/>\n<a href=\"http:\/\/www.woytas.de\/aenef\/bioscientia\/Histamin-Intoleranz_02-2012.pdf\"> Histamin-Intoleranz<\/a><br \/>\n<a href=\"http:\/\/www.woytas.de\/aenef\/bioscientia\/Hormonstatus-Frau_02-2012.pdf\"> Hormonstatus Frau<\/a><br \/>\n<a href=\"http:\/\/www.woytas.de\/aenef\/bioscientia\/Hormonstatus-Mann.pdf\"> Hormonstatus Mann<\/a><br \/>\n<a href=\"http:\/\/www.woytas.de\/aenef\/bioscientia\/Immunstatus.pdf\"> Immunstatus<\/a><br \/>\n<a href=\"http:\/\/www.woytas.de\/aenef\/bioscientia\/Lactose-Intoleranz.pdf\"> Lactose-Intoleranz<\/a><br \/>\n<a href=\"http:\/\/www.woytas.de\/aenef\/bioscientia\/Leber-Risiko-Check_02-2012.pdf\"> Leber-Risiko-Check<\/a><br \/>\n<a href=\"http:\/\/www.woytas.de\/aenef\/bioscientia\/Metabolisches-Syndrom.pdf\"> Metabolisches Syndrom<\/a><\/span><span style=\"font-size: x-small;\"><br \/>\n<\/span><span style=\"font-size: x-small;\"> <a href=\"http:\/\/www.woytas.de\/aenef\/bioscientia\/Nieren-Check_02-2012.pdf\"> Nieren-Check<\/a><\/span><span style=\"font-size: x-small;\"><br \/>\n<\/span><span style=\"font-size: x-small;\"> <a href=\"http:\/\/www.woytas.de\/aenef\/bioscientia\/osteoporose-diagnostik.pdf\"> Osteoporose-Diagnostik<\/a><br \/>\n<a href=\"http:\/\/www.woytas.de\/aenef\/bioscientia\/Oxidativer-Stress.pdf\"> Oxidativer Stress<\/a><\/span><span style=\"font-size: x-small;\"><br \/>\n<\/span><span style=\"font-size: x-small;\"> <a href=\"http:\/\/www.woytas.de\/aenef\/bioscientia\/Prostatakrebs-PSA_02-2012.pdf\"> Prostatakrebs: PSA<\/a><\/span><span style=\"font-size: x-small;\"><br \/>\n<\/span><span style=\"font-size: x-small;\"> <a href=\"http:\/\/www.woytas.de\/aenef\/bioscientia\/Prostatakrebs-PCA3_02-2012.pdf\"> Prostatakrebs: PCA3<\/a><br \/>\n<a href=\"http:\/\/www.woytas.de\/aenef\/bioscientia\/Reisemedizin_02-2012.pdf\"> Reisemedizin (Impfschutz)<\/a><\/span><span style=\"font-size: x-small;\"><br \/>\n<\/span><span style=\"font-size: x-small;\"> <a href=\"http:\/\/www.woytas.de\/aenef\/bioscientia\/Rheuma-Risiko_02-2012.pdf\"> Rheuma-Risiko<\/a><\/span><span style=\"font-size: x-small;\"><br \/>\n<\/span><span style=\"font-size: x-small;\"> <a href=\"http:\/\/www.woytas.de\/aenef\/bioscientia\/Schilddr\u00fcsen-Check_02-2012.pdf\"> Schilddr\u00fcsen-Check<\/a><\/span><span style=\"font-size: x-small;\"><br \/>\n<\/span><span style=\"font-size: x-small;\"> <a href=\"http:\/\/www.woytas.de\/aenef\/bioscientia\/Sexuell-\u00fcbertragbare-Erkrankungen.pdf\"> Sexuell \u00fcbertragbare Erkrankungen<\/a><\/span><span style=\"font-size: x-small;\"><br \/>\n<\/span><span style=\"font-size: x-small;\"> <a href=\"http:\/\/www.woytas.de\/aenef\/bioscientia\/Sterilit\u00e4tsvorsorge-Chlamydien-Test_02-2012.pdf\"> Sterilit\u00e4tsvorsorge (Chlamydien)<\/a><\/span><span style=\"font-size: x-small;\"><br \/>\n<\/span><span style=\"font-size: x-small;\"> <a href=\"http:\/\/www.woytas.de\/aenef\/bioscientia\/Thrombose-Risiko_02-2012.pdf\"> Thrombose-Risiko<\/a><\/span><span style=\"font-size: x-small;\"><br \/>\n<\/span><span style=\"font-size: x-small;\"> <a href=\"http:\/\/www.woytas.de\/aenef\/bioscientia\/Tumormarker.pdf\"> Tumormarker<\/a><\/span><span style=\"font-size: x-small;\"><br \/>\n<\/span><span style=\"font-size: x-small;\"> <a href=\"http:\/\/www.woytas.de\/aenef\/bioscientia\/Vitalstoff-Check.pdf\"> Vitalstoff-Check<\/a><\/span><span style=\"font-size: x-small;\"><br \/>\n<\/span><span style=\"font-size: x-small;\"> <a href=\"http:\/\/www.woytas.de\/aenef\/bioscientia\/Vitamin-D.pdf\"> Vitamin D<\/a><\/span><\/td>\n<\/tr>\n<\/tbody>\n<\/table>\n<table class=\"main\" border=\"0\" cellspacing=\"0\" cellpadding=\"0\" width=\"100%\">\n<tbody>\n<tr>\n<td class=\"txtTextHTM\" align=\"left\" valign=\"top\">\n<h2>Pro &amp; Contra<\/h2>\n<h3>Die Grenzen der gesetzlichen Krankenversicherung<\/h3>\n<p>Als Versicherter der gesetzlichen Krankenversicherung (GKV) erhalten  Sie nach wie vor alle \u00e4rztlichen Leistungen im Rahmen der gesetzlichen  M\u00f6glichkeiten. Die Leistungen m\u00fcssen ausreichend, zweckm\u00e4\u00dfig und  wirtschaftlich sein und d\u00fcrfen das Ma\u00df des Notwendigen nicht  \u00fcberschreiten. So steht es im Sozialgesetz.<\/p>\n<p>Doch die von den gesetzlichen Krankenkassen kostenlos angebotenen  Teste umfassen nur einen Teil der labordiagnostischen Verfahren. Zum  einen sind die Vorsorgema\u00dfnahmen der Krankenkassen nicht auf dem  neuesten Stand\u00a0\u2013 es gibt oft schon modernere und aussagekr\u00e4ftigere  Testverfahren \u2013, zum anderen werden nur solche Tests von den  Krankenkassen bezahlt, die sie in ihren Leistungskatalog aufgenommen  haben \u2013 ein Prozess, der manchmal Jahre dauert.<\/p>\n<p><strong>\u201cModerne Methoden werden nicht sofort zur Kassenleistung.  Gerade im Bereich der Pr\u00e4vention kann die moderne Labormedizin deshalb  schon heute viel mehr leisten als im Leistungskatalog der GKV vorgesehen  ist.\u201d<\/strong><\/p>\n<p>Auch wenn es gelegentlich anders dargestellt wird: die Tatsache, dass  ein Test noch nicht als Kassenleistung aufgelistet ist, spricht nicht  grunds\u00e4tzlich gegen diesen Labortest, sondern eher gegen das langwierige  Aufnahmeverfahren.<\/p>\n<p>Wie man es auch dreht und wendet: zur grunds\u00e4tzlichen Pflichtleistung  der gesetzlichen Krankenkassen geh\u00f6rt die Behandlung vorhandener  Krankheiten, aber <strong>nicht<\/strong> das fr\u00fchestm\u00f6gliche Aufsp\u00fcren zuk\u00fcnftiger Risiken.<\/p>\n<h3>Fr\u00fcherkennung ist besser als Sp\u00e4tbehandlung<\/h3>\n<p>Nur wer fit und gesund ist, kann die st\u00e4ndig wachsenden Anforderungen  des modernen Alltags bew\u00e4ltigen. Dabei ist gezielte Vorsorge  (Pr\u00e4vention) \u2013 wie z. B. eine ausgewogene Ern\u00e4hrung, ausreichende  Bewegung und \u00e4rztliche Vorsorgeuntersuchungen \u2013\u00a0ein wichtiger Faktor, um  auf Dauer gesund zu bleiben.<\/p>\n<p>Bei Einhaltung der beschriebenen Faktoren lie\u00dfen sich die  Krebserkrankungen um die H\u00e4lfte, Erkrankungen wie Herzinfarkte und  Schlaganf\u00e4lle um ein Viertel reduzieren.<\/p>\n<h3>Und damit wird auch das Ziel von Pr\u00e4vention deutlich:<\/h3>\n<p>es geht um eine erh\u00f6hte Lebensqualit\u00e4t mit m\u00f6glichst vielen  krankheits- und behinderungsfreien Lebensjahren sowie um den Erhalt der  Selbst\u00e4ndigkeit im Alter. Gehen Sie also verantwortungsbewusst mit Ihrem  K\u00f6rper um und nutzen Sie die Chancen, die eine regelm\u00e4\u00dfige Vorsorge zum  Beispiel im Rahmen der individuellen <strong>Gesundheitsleistungen (IGeL)<\/strong> bietet.<\/p>\n<h3>\u00dcberlassen Sie Ihre Gesundheit nicht dem Zufall<\/h3>\n<p>Gezielte Vorsorgeuntersuchungen aus dem Labor helfen, Heilungschancen deutlich zu verbessern und einer Erkrankung vorzubeugen.<\/p>\n<p>Das sollten Sie sich wert sein!<\/p>\n<p>Wir haben f\u00fcr Sie eine Reihe von sinnvollen Vorsorgeangeboten  zusammengestellt, bei denen die Ergebnisse von Laboruntersuchungen f\u00fcr  die Erhaltung Ihrer pers\u00f6nlichen Gesundheit eine wichtige Rolle spielen  k\u00f6nnen.<\/p>\n<h2><a href=\"http:\/\/www.igel-monitor.de\/\" target=\"_blank\">Die andere Seite der Medaille &#8211; IGeL &#8211; Leistungen in der Bewertung des MDK<\/a><\/h2>\n<\/td>\n<\/tr>\n<\/tbody>\n<\/table>\n","protected":false},"excerpt":{"rendered":"<p>Wir bieten Ihnen zus\u00e4tzliche Leistungen an, die aus \u00e4rztlicher Sicht begr\u00fcndet, sinnvoll und empfehlenswert sind, aber gegenw\u00e4rtig durch die gesetzlichen Krankenversicherungen (*) nicht bezahlt werden. Deshalb erfolgt die Bezahlung gegen Rechnung durch den Patienten auf Grundlage der amtlichen Geb\u00fchrenordnung (GO\u00c4). IGeL\/Wunsch &#8211; Diagnostik Reisemedizinische Beratung und Impfung Gesndheitsausweis \/ Reisearztbrief<span class=\"more-link\"><a href=\"https:\/\/praxiswoytas.de\/?page_id=164\">*** weiter lesen *** <\/a><\/span><\/p>\n","protected":false},"author":2,"featured_media":0,"parent":49,"menu_order":0,"comment_status":"closed","ping_status":"closed","template":"tmpl_fullwidth-page.php","meta":{"footnotes":""},"class_list":["entry","author-woytas","post-164","page","type-page","status-publish"],"_links":{"self":[{"href":"https:\/\/praxiswoytas.de\/index.php?rest_route=\/wp\/v2\/pages\/164","targetHints":{"allow":["GET"]}}],"collection":[{"href":"https:\/\/praxiswoytas.de\/index.php?rest_route=\/wp\/v2\/pages"}],"about":[{"href":"https:\/\/praxiswoytas.de\/index.php?rest_route=\/wp\/v2\/types\/page"}],"author":[{"embeddable":true,"href":"https:\/\/praxiswoytas.de\/index.php?rest_route=\/wp\/v2\/users\/2"}],"replies":[{"embeddable":true,"href":"https:\/\/praxiswoytas.de\/index.php?rest_route=%2Fwp%2Fv2%2Fcomments&post=164"}],"version-history":[{"count":55,"href":"https:\/\/praxiswoytas.de\/index.php?rest_route=\/wp\/v2\/pages\/164\/revisions"}],"predecessor-version":[{"id":167,"href":"https:\/\/praxiswoytas.de\/index.php?rest_route=\/wp\/v2\/pages\/164\/revisions\/167"}],"up":[{"embeddable":true,"href":"https:\/\/praxiswoytas.de\/index.php?rest_route=\/wp\/v2\/pages\/49"}],"wp:attachment":[{"href":"https:\/\/praxiswoytas.de\/index.php?rest_route=%2Fwp%2Fv2%2Fmedia&parent=164"}],"curies":[{"name":"wp","href":"https:\/\/api.w.org\/{rel}","templated":true}]}}