{"id":1680,"date":"2014-02-09T20:38:41","date_gmt":"2014-02-09T19:38:41","guid":{"rendered":"http:\/\/praxiswoytas.de\/?page_id=1680"},"modified":"2014-02-09T20:38:41","modified_gmt":"2014-02-09T19:38:41","slug":"langzeit-ekg","status":"publish","type":"page","link":"https:\/\/praxiswoytas.de\/?page_id=1680","title":{"rendered":"Langzeit-EKG"},"content":{"rendered":"<p>Bei der Untersuchung mit dem 24-Stunden-Langzeit-EKG k\u00f6nnen wir Herzrhythmusst\u00f6rungen wie Extraschl\u00e4ge (Extrasystolen), Herzrasen (Tachykardie) aber auch zu langsamen Herzschlag (Bradykardie) aufdecken. Hierzu wird auf einen Speicher ( Memory-Chip) jeder einzelne Herzschlag innerhalb von 24 Stunden als EKG aufgezeichnet. In der Praxis werden EKG-Klebeelektroden auf den Brustkorb angelegt. Das Ger\u00e4t ist ein kleines K\u00e4stchen, das bequem zu tragen ist, damit Ihnen ein  normaler Tagesablauf m\u00f6glich ist. Vermeiden Sie dabei st\u00e4rkeres Schwitzen oder starke Ersch\u00fctterungen wie z. B. Arbeiten an Maschinen oder Joggen. Die Auswertung und das Ergebnis der Untersuchung erhalten Sie nach  ca. 2 Tagen.<\/p>\n<p><img loading=\"lazy\" decoding=\"async\" class=\"alignnone size-full wp-image-1683\" title=\"spiderview211\" src=\"http:\/\/praxiswoytas.de\/wp-content\/uploads\/2014\/02\/spiderview211.jpg\" alt=\"spiderview211\" width=\"245\" height=\"135\" \/><\/p>\n<p>Die kardiologische Befundauswertung erfolgt im Auftrag durch:<\/p>\n<p><a href=\"http:\/\/fz-angerbrunnen.de\/index.php\/Praxis-fuer-Herz-und-Kreislauferkrankungen\" target=\"_blank\">Praxis Dr. med. Jana Boer<br \/>\nNeuwerkstra\u00dfe 51\/Regierungsstra\u00dfe 3<br \/>\n99084 Erfurt<\/a><\/p>\n<p><img loading=\"lazy\" decoding=\"async\" class=\"alignnone size-full wp-image-1684\" title=\"syneview02070041\" src=\"http:\/\/praxiswoytas.de\/wp-content\/uploads\/2014\/02\/syneview02070041.jpg\" alt=\"syneview02070041\" width=\"186\" height=\"297\" \/><\/p>\n","protected":false},"excerpt":{"rendered":"<p>Bei der Untersuchung mit dem 24-Stunden-Langzeit-EKG k\u00f6nnen wir Herzrhythmusst\u00f6rungen wie Extraschl\u00e4ge (Extrasystolen), Herzrasen (Tachykardie) aber auch zu langsamen Herzschlag (Bradykardie) aufdecken. Hierzu wird auf einen Speicher ( Memory-Chip) jeder einzelne Herzschlag innerhalb von 24 Stunden als EKG aufgezeichnet. In der Praxis werden EKG-Klebeelektroden auf den Brustkorb angelegt. Das Ger\u00e4t ist<span class=\"more-link\"><a href=\"https:\/\/praxiswoytas.de\/?page_id=1680\">*** weiter lesen *** <\/a><\/span><\/p>\n","protected":false},"author":2,"featured_media":0,"parent":188,"menu_order":0,"comment_status":"closed","ping_status":"closed","template":"","meta":{"footnotes":""},"class_list":["entry","author-woytas","post-1680","page","type-page","status-publish"],"_links":{"self":[{"href":"https:\/\/praxiswoytas.de\/index.php?rest_route=\/wp\/v2\/pages\/1680","targetHints":{"allow":["GET"]}}],"collection":[{"href":"https:\/\/praxiswoytas.de\/index.php?rest_route=\/wp\/v2\/pages"}],"about":[{"href":"https:\/\/praxiswoytas.de\/index.php?rest_route=\/wp\/v2\/types\/page"}],"author":[{"embeddable":true,"href":"https:\/\/praxiswoytas.de\/index.php?rest_route=\/wp\/v2\/users\/2"}],"replies":[{"embeddable":true,"href":"https:\/\/praxiswoytas.de\/index.php?rest_route=%2Fwp%2Fv2%2Fcomments&post=1680"}],"version-history":[{"count":4,"href":"https:\/\/praxiswoytas.de\/index.php?rest_route=\/wp\/v2\/pages\/1680\/revisions"}],"predecessor-version":[{"id":1688,"href":"https:\/\/praxiswoytas.de\/index.php?rest_route=\/wp\/v2\/pages\/1680\/revisions\/1688"}],"up":[{"embeddable":true,"href":"https:\/\/praxiswoytas.de\/index.php?rest_route=\/wp\/v2\/pages\/188"}],"wp:attachment":[{"href":"https:\/\/praxiswoytas.de\/index.php?rest_route=%2Fwp%2Fv2%2Fmedia&parent=1680"}],"curies":[{"name":"wp","href":"https:\/\/api.w.org\/{rel}","templated":true}]}}