{"id":1759,"date":"2014-02-27T17:42:38","date_gmt":"2014-02-27T16:42:38","guid":{"rendered":"http:\/\/praxiswoytas.de\/?page_id=1759"},"modified":"2015-05-31T23:33:44","modified_gmt":"2015-05-31T22:33:44","slug":"osteopathie-osteocura","status":"publish","type":"page","link":"https:\/\/praxiswoytas.de\/?page_id=1759","title":{"rendered":"Osteopathie | Osteocura"},"content":{"rendered":"<h4 style=\"text-align: center;\"><span style=\"color: #800000;\"><br \/>\n<\/span><\/h4>\n<h4 style=\"text-align: center;\"><span style=\"color: #800000;\"><strong><em>Sehr geehrte Patienten,<\/em><\/strong><\/span><\/h4>\n<p><span style=\"color: #800000;\"> <\/span><span style=\"color: #800000;\"> <\/span><\/p>\n<h4 style=\"text-align: center;\"><span style=\"color: #800000;\"><em>seit 2013 k\u00f6nnen wir Ihnen Osteopathie bei bestimmten Beschwerden und   Erkrankungen als alternatives Behandlung anbieten. Osteopathische Verfahren setzen wir  ein  zur Behandlung von orthop\u00e4dischen, gastrointestinalen,  neurologischen  und gyn\u00e4kologischen Ver\u00e4nderungen und Problemen in der  Schwangerschaft.  Behandelt werden alle Patienten bis ins hohe Alter auf  \u00e4rztliche  Empfehlung. Unser Therapiekonzept besteht in der  ganzheitlichen  Wahrnehmung des Patienten, der interdisziplin\u00e4ren  Zusammenarbeit  zwischen Arzt und Therapeut.<br \/>\n<\/em><\/span><\/h4>\n<p><span style=\"color: #800000;\"> <\/span><span style=\"color: #800000;\"> <\/span><\/p>\n<h4 style=\"text-align: center;\"><span style=\"color: #800000;\"><strong><em>Wir freuen uns auf Sie<\/em><\/strong><\/span><\/h4>\n<p><span style=\"color: #800000;\"> <\/span><span style=\"color: #800000;\"> <\/span><\/p>\n<h4 style=\"text-align: center;\"><span style=\"color: #800000;\"><strong><em> M.-M. Woytas\u00a0\u00a0\u00a0 \u00a0 \u00a0\u00a0\u00a0 Peter M\u00fcller<\/em><em><br \/>\n<\/em><\/strong><\/span><\/h4>\n<p><span style=\"color: #800000;\"> <\/span><span style=\"color: #800000;\"> <\/span><\/p>\n<h4 style=\"text-align: center;\"><span style=\"color: #800000;\"><em> <\/em><\/span><\/h4>\n<p><span style=\"color: #800000;\"> <\/span><span style=\"color: #800000;\"> <\/span><\/p>\n<h4 style=\"text-align: center;\"><span style=\"color: #800000;\"><strong><em>Informationen &amp; Termine unter: <\/em><\/strong><\/span><\/h4>\n<p><span style=\"color: #800000;\"> <\/span><span style=\"color: #800000;\"> <\/span><\/p>\n<h4 style=\"text-align: center;\"><span style=\"color: #800000;\"><strong><em><a href=\"http:\/\/www.osteocura.de\" target=\"_blank\">www.osteocura.de<\/a> | <a href=\"mailto:post@osteocura.de\">post@osteocura.de<\/a><\/em><\/strong><\/span><\/h4>\n<p><span style=\"color: #800000;\"> <\/span><span style=\"color: #800000;\"> <\/span><\/p>\n<h4 style=\"text-align: center;\"><span style=\"color: #800000;\"><strong><em> oder<\/em><\/strong><\/span><\/h4>\n<p><span style=\"color: #800000;\"> <\/span><span style=\"color: #800000;\"> <\/span><\/p>\n<h4 style=\"text-align: center;\"><span style=\"color: #800000;\"><strong><em>0361 34948289<\/em><\/strong><\/span><\/h4>\n<p><strong><em> <\/em><\/strong><\/p>\n","protected":false},"excerpt":{"rendered":"<p>Sehr geehrte Patienten, seit 2013 k\u00f6nnen wir Ihnen Osteopathie bei bestimmten Beschwerden und Erkrankungen als alternatives Behandlung anbieten. Osteopathische Verfahren setzen wir ein zur Behandlung von orthop\u00e4dischen, gastrointestinalen, neurologischen und gyn\u00e4kologischen Ver\u00e4nderungen und Problemen in der Schwangerschaft. Behandelt werden alle Patienten bis ins hohe Alter auf \u00e4rztliche Empfehlung. Unser Therapiekonzept<span class=\"more-link\"><a href=\"https:\/\/praxiswoytas.de\/?page_id=1759\">*** weiter lesen *** <\/a><\/span><\/p>\n","protected":false},"author":2,"featured_media":0,"parent":49,"menu_order":0,"comment_status":"closed","ping_status":"closed","template":"","meta":{"footnotes":""},"class_list":["entry","author-woytas","post-1759","page","type-page","status-publish"],"_links":{"self":[{"href":"https:\/\/praxiswoytas.de\/index.php?rest_route=\/wp\/v2\/pages\/1759","targetHints":{"allow":["GET"]}}],"collection":[{"href":"https:\/\/praxiswoytas.de\/index.php?rest_route=\/wp\/v2\/pages"}],"about":[{"href":"https:\/\/praxiswoytas.de\/index.php?rest_route=\/wp\/v2\/types\/page"}],"author":[{"embeddable":true,"href":"https:\/\/praxiswoytas.de\/index.php?rest_route=\/wp\/v2\/users\/2"}],"replies":[{"embeddable":true,"href":"https:\/\/praxiswoytas.de\/index.php?rest_route=%2Fwp%2Fv2%2Fcomments&post=1759"}],"version-history":[{"count":5,"href":"https:\/\/praxiswoytas.de\/index.php?rest_route=\/wp\/v2\/pages\/1759\/revisions"}],"predecessor-version":[{"id":1761,"href":"https:\/\/praxiswoytas.de\/index.php?rest_route=\/wp\/v2\/pages\/1759\/revisions\/1761"}],"up":[{"embeddable":true,"href":"https:\/\/praxiswoytas.de\/index.php?rest_route=\/wp\/v2\/pages\/49"}],"wp:attachment":[{"href":"https:\/\/praxiswoytas.de\/index.php?rest_route=%2Fwp%2Fv2%2Fmedia&parent=1759"}],"curies":[{"name":"wp","href":"https:\/\/api.w.org\/{rel}","templated":true}]}}