{"id":1775,"date":"2014-06-15T02:46:32","date_gmt":"2014-06-15T01:46:32","guid":{"rendered":"http:\/\/praxiswoytas.de\/?page_id=1775"},"modified":"2020-09-17T00:08:12","modified_gmt":"2020-09-16T23:08:12","slug":"ooperationen-partner","status":"publish","type":"page","link":"https:\/\/praxiswoytas.de\/?page_id=1775","title":{"rendered":"Kooperationen &#038; Partner"},"content":{"rendered":"<p><a href=\"http:\/\/osteocura.de\/\" target=\"_blank\" rel=\"noopener noreferrer\"><img loading=\"lazy\" decoding=\"async\" class=\"size-full wp-image-1634 alignleft\" style=\"margin-left: 20px; margin-right: 20px;\" src=\"http:\/\/praxiswoytas.de\/wp-content\/uploads\/2013\/12\/comp-osteocura-vistaprint-kopie.jpg\" alt=\"\" width=\"175\" height=\"113\" srcset=\"https:\/\/praxiswoytas.de\/wp-content\/uploads\/2013\/12\/comp-osteocura-vistaprint-kopie.jpg 502w, https:\/\/praxiswoytas.de\/wp-content\/uploads\/2013\/12\/comp-osteocura-vistaprint-kopie-300x194.jpg 300w\" sizes=\"auto, (max-width: 175px) 100vw, 175px\" \/><\/a><\/p>\n<p><strong>Osteocura<\/strong> | Wir freuen uns Ihnen ab sofort Osteopathie bei bestimmten Beschwerden und Erkrankungen anbieten zu k\u00f6nnen. Unser Therapiekonzept besteht in der ganzheitlichen Wahrnehmung des Patienten, der interdisziplin\u00e4ren Zusammenarbeit zwischen Arzt und Therapeut. . Es ist auch Versuch die Gegens\u00e4tze von Schul- und Erfahrungsmedizin sinnvoll miteinander zu verkn\u00fcpfen und zu erg\u00e4nzen, damit daraus die bestm\u00f6gliche Behandlung resultiert. Die Behandlung erfolgt, nach \u00e4rztlicher Untersuchung in der EsthetiQ Lounge im Hause bzw. in der Praxis am Ringelberg<span style=\"color: #ffffff;\">XX<\/span><span style=\"color: #ffffff;\">X<\/span><\/p>\n<hr \/>\n<p><span style=\"color: #ffffff;\">XX<\/span><\/p>\n<p><a href=\"http:\/\/www.bioscientia.de\/de\/\" target=\"_blank\" rel=\"noopener noreferrer\"><img loading=\"lazy\" decoding=\"async\" class=\"alignleft size-full wp-image-1777\" style=\"margin: 0px 20px; border: 0px none;\" title=\"logo2\" src=\"http:\/\/praxiswoytas.de\/wp-content\/uploads\/2014\/06\/logo2.png\" alt=\"logo2\" width=\"175\" height=\"29\" \/><\/a><strong>Labor<\/strong> Wir sind Partner von: Bioscientia Institut f\u00fcr Medizinische Diagnostik GmbH Labor Jena \/ \u00c4rztliche Laborgemeinschaft Jena, Orlaweg 2, 07743 Jena.<\/p>\n<hr \/>\n<p><span style=\"color: #ffffff;\">XX<\/span><\/p>\n","protected":false},"excerpt":{"rendered":"<p>Osteocura | Wir freuen uns Ihnen ab sofort Osteopathie bei bestimmten Beschwerden und Erkrankungen anbieten zu k\u00f6nnen. Unser Therapiekonzept besteht in der ganzheitlichen Wahrnehmung des Patienten, der interdisziplin\u00e4ren Zusammenarbeit zwischen Arzt und Therapeut. . Es ist auch Versuch die Gegens\u00e4tze von Schul- und Erfahrungsmedizin sinnvoll miteinander zu verkn\u00fcpfen und zu<span class=\"more-link\"><a href=\"https:\/\/praxiswoytas.de\/?page_id=1775\">*** weiter lesen *** <\/a><\/span><\/p>\n","protected":false},"author":2,"featured_media":0,"parent":132,"menu_order":0,"comment_status":"closed","ping_status":"closed","template":"","meta":{"footnotes":""},"class_list":["entry","author-woytas","post-1775","page","type-page","status-publish"],"_links":{"self":[{"href":"https:\/\/praxiswoytas.de\/index.php?rest_route=\/wp\/v2\/pages\/1775","targetHints":{"allow":["GET"]}}],"collection":[{"href":"https:\/\/praxiswoytas.de\/index.php?rest_route=\/wp\/v2\/pages"}],"about":[{"href":"https:\/\/praxiswoytas.de\/index.php?rest_route=\/wp\/v2\/types\/page"}],"author":[{"embeddable":true,"href":"https:\/\/praxiswoytas.de\/index.php?rest_route=\/wp\/v2\/users\/2"}],"replies":[{"embeddable":true,"href":"https:\/\/praxiswoytas.de\/index.php?rest_route=%2Fwp%2Fv2%2Fcomments&post=1775"}],"version-history":[{"count":21,"href":"https:\/\/praxiswoytas.de\/index.php?rest_route=\/wp\/v2\/pages\/1775\/revisions"}],"predecessor-version":[{"id":2631,"href":"https:\/\/praxiswoytas.de\/index.php?rest_route=\/wp\/v2\/pages\/1775\/revisions\/2631"}],"up":[{"embeddable":true,"href":"https:\/\/praxiswoytas.de\/index.php?rest_route=\/wp\/v2\/pages\/132"}],"wp:attachment":[{"href":"https:\/\/praxiswoytas.de\/index.php?rest_route=%2Fwp%2Fv2%2Fmedia&parent=1775"}],"curies":[{"name":"wp","href":"https:\/\/api.w.org\/{rel}","templated":true}]}}