{"id":182,"date":"2010-03-12T01:52:35","date_gmt":"2010-03-12T00:52:35","guid":{"rendered":"http:\/\/woytas.de\/praxis\/?page_id=182"},"modified":"2020-05-10T01:48:31","modified_gmt":"2020-05-10T00:48:31","slug":"reisemedizin","status":"publish","type":"page","link":"https:\/\/praxiswoytas.de\/?page_id=182","title":{"rendered":"Reisemedizin"},"content":{"rendered":"<p>Vor einer geplanten Reise vereinbaren Sie bitte rechtzeitig einen Termin mit uns, um sich reisemedizinisch beraten zu lassen und den f\u00fcr ihr Reiseziel empfohlenen Impfstatus zu planen und umzusetzen.<\/p>\n<p>Vorabinformationen zu ihrem Reiseziel und den daf\u00fcr empfohlenen Impfungen erhalten Sie u. a. \u00fcber folgende Links:<\/p>\n<ul>\n<li><a href=\"http:\/\/www.fit-for-travel.de\/\" target=\"_blank\" rel=\"noopener noreferrer\">Fit for Travel<\/a><\/li>\n<li><a href=\"http:\/\/www.crm.de\/\" target=\"_blank\" rel=\"noopener noreferrer\">Centrum f\u00fcr Reisemedizin<\/a><\/li>\n<li><a title=\"AA\" href=\"http:\/\/www.auswaertiges-amt.de\/DE\/Laenderinformationen\/Uebersicht_Navi.html\" target=\"_blank\" rel=\"noopener noreferrer\">Ausw\u00e4rtiges Amt<\/a><\/li>\n<\/ul>\n<p>Diese Leistung ist als individuelle Gesundheitsleistung nicht Bestandteil der gesetzlichen Krankenversicherung. Unter Umst\u00e4nden \u00fcbernimmt aber <a href=\"http:\/\/www.crm.de\/krankenkassen\/kk_tabelle_kassen.htm\" target=\"_blank\" rel=\"noopener noreferrer\">Ihre Krankenkasse<\/a> einen Teil der Leistungen gegen Vorlage der Rechnung oder Sie erhalten Beitragsgutschriften in einem Bonusprogramm.<\/p>\n<div class=\"level4\">\n<h2 style=\"text-align: justify;\">Malariaprophylaxe<\/h2>\n<p>Malariainformation vom Ausw\u00e4rtigen Amt: <a href=\"https:\/\/www.auswaertiges-amt.de\/blob\/200176\/85336150853dfcdb7a6818b3137c4da2\/malariamerkblatt-data.pdf\" target=\"_blank\" rel=\"noopener noreferrer\">&#8220;Malaria, Empfehlungen zur Vorbeugung und Notfallselbstbehandlung von Dr. Krippner &amp; Dr. Boecken&#8221;<\/a><\/p>\n<h2 class=\"box-cnt-head cf\">Reiseimpfung auf Kassenkosten<\/h2>\n<div class=\"box-cnt-head cf\">\n<p style=\"text-align: left;\">Die <span class=\"ehits\">Reiseimpfung<\/span> z\u00e4hlt zwar nicht zu den Pflichtleistungen der gesetzlichen Krankenkassen. Dennoch erstattet nach Angaben des <a href=\"http:\/\/www.crm.de\/krankenkassen\/kk_tabelle_kassen.htm\" target=\"_blank\" rel=\"noopener noreferrer\">Centrums f\u00fcr Reisemedizin (CRM)<\/a> mittlerweile etwa jede zweite gesetzliche Kasse die Impfungen f\u00fcr den privaten Auslandurlaub als sogenannte &#8220;freiwillige Leistung&#8221;. Das CRM hatauf seiner Website eben jene Kassen zusammengestellt, die die Kosten der Impfung tragen. (Quelle: <a href=\"http:\/\/www.aerztezeitung.de\/extras\/tipp_des_tages\/article\/662102\/tipp-des-tages-reiseimpfung-kassenkosten.html?sh=1&amp;h=1017541072\" target=\"_blank\" rel=\"noopener noreferrer\">\u00c4rztezeitung<\/a>)<\/p>\n<\/div>\n<\/div>\n\n<!-- iframe plugin v.6.0 wordpress.org\/plugins\/iframe\/ -->\n<iframe loading=\"lazy\" src=\"https:\/\/cdn.thieme.de\/crm\/globe\/globe.html?utm_source=ad&#038;utm_medium=art&#038;utm_campaign=crm_globus&#038;utm_content=ad_1\" width=\"100%\" height=\"640\" scrolling=\"yes\" class=\"iframe-class\" frameborder=\"0\"><\/iframe>\n\n<h2 style=\"text-align: justify;\">Reisevorbereitungen<\/h2>\n<p><a href=\"https:\/\/www.auswaertiges-amt.de\/de\/ReiseUndSicherheit\/reisemedizin\/reisemedizinische-hinweise\" target=\"_blank\" rel=\"noopener noreferrer\">Aktuelle reisemedizinische Hinweise<\/a> des Ausw\u00e4rtigen Amtes(AA)<\/p>\n<p><a href=\"https:\/\/www.auswaertiges-amt.de\/de\/ReiseUndSicherheit\/reisemedizin\/-\/1609092\" target=\"_blank\" rel=\"noopener noreferrer\">L\u00e4nderinfos<\/a> des Gesundheitsdienstes des AA<\/p>\n<h2>Medizinisches Betreuungsformular<\/h2>\n<p style=\"text-align: justify;\">Sofern Zweifel an Ihrer Flugreisetauglichkeit bestehen, muss im Vorfeld eine Beurteilung derselben durch einen\u00a0 Arzt\u00a0 der Fluggesellschaft (z.B. Lufthansa-Arzt) eingeholt werden. Sie erhalten nach der Untersuchung ein medizinisches Betreuungsformular, das von Ihrem behandelnden sowie einem Arzt der Fluggesellschaft unterschrieben wird. Es dient dazu, dass alle am Reiseprozess beteiligten Stellen die notwendigen Vorbereitungen treffen k\u00f6nnen und dokumentiert, dass keine medizinischen Bedenken gegen eine Bef\u00f6rderung mit einem Flugzeug bestehen. Eine Anmeldung f\u00fcr die Beurteilung der Flugreisetauglichkeit ist bis sp\u00e4testens 48 Stunden vor Abflug notwendig. Wenden Sie sich hierzu bitte an den Lufthansa Medical Desk unter <strong>+49 &#8211; 5 61 &#8211; 99 33 70 20<\/strong>.Wenn Sie oft mit dem Flugzeug unterwegs sind, erleichtert Ihnen FREMEC die Flugreise. Denn f\u00fcr Vielflieger mit Mobilit\u00e4tseinschr\u00e4nkungen wurde die Frequent Traveller&#8217;s Medical Card (FREMEC) entwickelt. Diese Karte enth\u00e4lt alle f\u00fcr Ihre Betreuung wichtigen Daten und ersetzt das sonst f\u00fcr jeden Flug notwendige medizinische Betreuungsformular.\u00a0 Die G\u00fcltigkeit der Karte wird von einem unserer \u00c4rzte auf der Basis Ihres Krankheitsbildes festgelegt.<\/p>\n<h2 style=\"text-align: justify;\">Reisepr\u00e4vention in den Tropen<\/h2>\n<p>Unser Servicepartner Impfdoc bietet diverse sinnvolle Pr\u00e4ventionsideen im <a href=\"http:\/\/www.tropenshop.de\/\" target=\"_blank\" rel=\"noopener noreferrer\">Tropenshop<\/a> an.<\/p>\n","protected":false},"excerpt":{"rendered":"<p>Vor einer geplanten Reise vereinbaren Sie bitte rechtzeitig einen Termin mit uns, um sich reisemedizinisch beraten zu lassen und den f\u00fcr ihr Reiseziel empfohlenen Impfstatus zu planen und umzusetzen. Vorabinformationen zu ihrem Reiseziel und den daf\u00fcr empfohlenen Impfungen erhalten Sie u. a. \u00fcber folgende Links: Fit for Travel Centrum f\u00fcr<span class=\"more-link\"><a href=\"https:\/\/praxiswoytas.de\/?page_id=182\">*** weiter lesen *** <\/a><\/span><\/p>\n","protected":false},"author":2,"featured_media":0,"parent":49,"menu_order":0,"comment_status":"closed","ping_status":"closed","template":"tmpl_fullwidth-page.php","meta":{"footnotes":""},"class_list":["entry","author-woytas","post-182","page","type-page","status-publish"],"_links":{"self":[{"href":"https:\/\/praxiswoytas.de\/index.php?rest_route=\/wp\/v2\/pages\/182","targetHints":{"allow":["GET"]}}],"collection":[{"href":"https:\/\/praxiswoytas.de\/index.php?rest_route=\/wp\/v2\/pages"}],"about":[{"href":"https:\/\/praxiswoytas.de\/index.php?rest_route=\/wp\/v2\/types\/page"}],"author":[{"embeddable":true,"href":"https:\/\/praxiswoytas.de\/index.php?rest_route=\/wp\/v2\/users\/2"}],"replies":[{"embeddable":true,"href":"https:\/\/praxiswoytas.de\/index.php?rest_route=%2Fwp%2Fv2%2Fcomments&post=182"}],"version-history":[{"count":49,"href":"https:\/\/praxiswoytas.de\/index.php?rest_route=\/wp\/v2\/pages\/182\/revisions"}],"predecessor-version":[{"id":2551,"href":"https:\/\/praxiswoytas.de\/index.php?rest_route=\/wp\/v2\/pages\/182\/revisions\/2551"}],"up":[{"embeddable":true,"href":"https:\/\/praxiswoytas.de\/index.php?rest_route=\/wp\/v2\/pages\/49"}],"wp:attachment":[{"href":"https:\/\/praxiswoytas.de\/index.php?rest_route=%2Fwp%2Fv2%2Fmedia&parent=182"}],"curies":[{"name":"wp","href":"https:\/\/api.w.org\/{rel}","templated":true}]}}