{"id":1903,"date":"2015-12-21T02:58:40","date_gmt":"2015-12-21T01:58:40","guid":{"rendered":"http:\/\/praxiswoytas.de\/?page_id=1903"},"modified":"2020-05-10T22:46:47","modified_gmt":"2020-05-10T21:46:47","slug":"asthetische-medizin-esthetiq","status":"publish","type":"page","link":"https:\/\/praxiswoytas.de\/?page_id=1903","title":{"rendered":"\u00c4sthetische Medizin &#8211; EsthetiQ"},"content":{"rendered":"<h4><\/h4>\n<h4 style=\"text-align: center;\">HERZlich Willkommen bei EsthetiQ<br \/>\nIhrem pers\u00f6nlichen Schl\u00fcssel f\u00fcr Ihr Wohlbefinden<\/h4>\n<p style=\"text-align: center;\">EsthetiQ &#8211; \u00c4sthetische Medizin, Wellness &amp; Beauty Lounge ist ein modernes Praxis-Institut f\u00fcr ganzheitliche Sch\u00f6nheits- und Gesundheitspflege. Neben schonenden und noninvasiven Behandlungen in den Bereichen Beauty, Wellness &amp; Antiaging mit Gesichtspflege und Bodyshaping bieten wir Ihnen ganzheitliche Verfahren f\u00fcr k\u00f6rperliche und geistige Regeneration.<\/p>\n<p style=\"text-align: center;\">Die EsthetiQ \u2013 Wellness &amp; Beauty Lounge ist der ideale Ort, um zu Entspannen und neue Energie zu gewinnen. Tauchen Sie ein in den Genuss purer Entspannung und lassen Sie sich von uns in einer Welt aus mediterranen und maritimen Ambiente verw\u00f6hnen. Genie\u00dfen Sie in unserem Day-Spa unsere professionelle Rundum-Betreuung f\u00fcr Ihr Wohlbefinden in einer besonderen Atmosph\u00e4re, in der Sie vollkommen entspannen und zur Ruhe kommen k\u00f6nnen.<\/p>\n<p style=\"text-align: center;\">EsthetiQ &#8211; \u00c4sthetikpraxis ist das Sch\u00f6nheitsgeheimnis in Erfurt f\u00fcr Faltenbehandlung mit BOTOX (R) , Hyalurons\u00e4ure, RADIESSE (R) sowie Haut- und Gef\u00e4\u00df &#8211; Laser und Fett-Weg-Spritze mit AQUALYX (R) , Anti-Cellulite-Mesotherapie mit ALIDYA (R) , AntiAging, Infusions- mit Ozontherapie, sowie Massage- Balneo- und Thalassotherapie.<\/p>\n<p style=\"text-align: center;\">EsthetiQ steht f\u00fcr professionelle, moderne und schonende \u00e4stehtische Medizin nach den Qualit\u00e4tskriterien der jeweiligen Fachgesellschaften, deren ausgebildetes und zertifiziertes Mitglied ich auch bin.<\/p>\n<p style=\"text-align: center;\">Im pers\u00f6nlichen Beratungsger\u00e4ch beantworten wir auch gern ihre Fragen..<\/p>\n<p style=\"text-align: center;\">Marcus \u2013 Matthias Woytas , Praxis &amp; EsthetiQ &#8211; Team<\/p>\n<p style=\"text-align: center;\">Weitere Informationen:<\/p>\n<p style=\"text-align: center;\"><a title=\"EsthetiQ\" href=\"http:\/\/esthetiq.de\/\" target=\"_blank\" rel=\"noopener noreferrer\">EsthetiQ<\/a> | <a title=\"EsthetiQ\" href=\"https:\/\/www.facebook.com\/esthetiq.de\" target=\"_blank\" rel=\"noopener noreferrer\">Facebook<\/a><\/p>\n<p style=\"text-align: center;\">\n<p style=\"text-align: center;\"><img loading=\"lazy\" decoding=\"async\" class=\"aligncenter wp-image-2564 size-full\" src=\"http:\/\/praxiswoytas.de\/wp-content\/uploads\/meditation-1384758_1280.jpg\" alt=\"\" width=\"1280\" height=\"882\" srcset=\"https:\/\/praxiswoytas.de\/wp-content\/uploads\/meditation-1384758_1280.jpg 1280w, https:\/\/praxiswoytas.de\/wp-content\/uploads\/meditation-1384758_1280-300x207.jpg 300w, https:\/\/praxiswoytas.de\/wp-content\/uploads\/meditation-1384758_1280-1024x706.jpg 1024w, https:\/\/praxiswoytas.de\/wp-content\/uploads\/meditation-1384758_1280-768x529.jpg 768w, https:\/\/praxiswoytas.de\/wp-content\/uploads\/meditation-1384758_1280-465x320.jpg 465w, https:\/\/praxiswoytas.de\/wp-content\/uploads\/meditation-1384758_1280-695x479.jpg 695w\" sizes=\"auto, (max-width: 1280px) 100vw, 1280px\" \/><\/p>\n","protected":false},"excerpt":{"rendered":"<p>HERZlich Willkommen bei EsthetiQ Ihrem pers\u00f6nlichen Schl\u00fcssel f\u00fcr Ihr Wohlbefinden EsthetiQ &#8211; \u00c4sthetische Medizin, Wellness &amp; Beauty Lounge ist ein modernes Praxis-Institut f\u00fcr ganzheitliche Sch\u00f6nheits- und Gesundheitspflege. Neben schonenden und noninvasiven Behandlungen in den Bereichen Beauty, Wellness &amp; Antiaging mit Gesichtspflege und Bodyshaping bieten wir Ihnen ganzheitliche Verfahren f\u00fcr k\u00f6rperliche<span class=\"more-link\"><a href=\"https:\/\/praxiswoytas.de\/?page_id=1903\">*** weiter lesen *** <\/a><\/span><\/p>\n","protected":false},"author":2,"featured_media":0,"parent":49,"menu_order":0,"comment_status":"closed","ping_status":"closed","template":"","meta":{"footnotes":""},"class_list":["entry","author-woytas","post-1903","page","type-page","status-publish"],"_links":{"self":[{"href":"https:\/\/praxiswoytas.de\/index.php?rest_route=\/wp\/v2\/pages\/1903","targetHints":{"allow":["GET"]}}],"collection":[{"href":"https:\/\/praxiswoytas.de\/index.php?rest_route=\/wp\/v2\/pages"}],"about":[{"href":"https:\/\/praxiswoytas.de\/index.php?rest_route=\/wp\/v2\/types\/page"}],"author":[{"embeddable":true,"href":"https:\/\/praxiswoytas.de\/index.php?rest_route=\/wp\/v2\/users\/2"}],"replies":[{"embeddable":true,"href":"https:\/\/praxiswoytas.de\/index.php?rest_route=%2Fwp%2Fv2%2Fcomments&post=1903"}],"version-history":[{"count":12,"href":"https:\/\/praxiswoytas.de\/index.php?rest_route=\/wp\/v2\/pages\/1903\/revisions"}],"predecessor-version":[{"id":2569,"href":"https:\/\/praxiswoytas.de\/index.php?rest_route=\/wp\/v2\/pages\/1903\/revisions\/2569"}],"up":[{"embeddable":true,"href":"https:\/\/praxiswoytas.de\/index.php?rest_route=\/wp\/v2\/pages\/49"}],"wp:attachment":[{"href":"https:\/\/praxiswoytas.de\/index.php?rest_route=%2Fwp%2Fv2%2Fmedia&parent=1903"}],"curies":[{"name":"wp","href":"https:\/\/api.w.org\/{rel}","templated":true}]}}