{"id":200,"date":"2010-03-12T02:40:30","date_gmt":"2010-03-12T01:40:30","guid":{"rendered":"http:\/\/woytas.de\/praxis\/?page_id=200"},"modified":"2016-04-26T21:00:39","modified_gmt":"2016-04-26T20:00:39","slug":"impressum","status":"publish","type":"page","link":"https:\/\/praxiswoytas.de\/?page_id=200","title":{"rendered":"Impressum"},"content":{"rendered":"<p>Marcus-Matthias Woytas<br \/>\nAnger 58<br \/>\n99084 Erfurt<br \/>\nTel.: 0361 6604767<br \/>\nFax: 0361 6604768<br \/>\nE-Mail: info[at]praxiswoytas.de<\/p>\n<p>Berufsbezeichnung: Facharzt f\u00fcr Allgemeinmedizin<\/p>\n<p>Berufsbezeichnung verliehen in: Deutschland (Th\u00fcringen)<\/p>\n<p>Zust\u00e4ndige \u00c4rztekammer: <a title=\"LAEK\" href=\"http:\/\/www.laek-thueringen.de\/\" target=\"_blank\">Th\u00fcringen<\/a><\/p>\n<p>Zust\u00e4ndige Aufsichtsbeh\u00f6rde: <a title=\"KVT\" href=\"http:\/\/www.kvt.de\/\" target=\"_blank\">Th\u00fcringen<\/a><\/p>\n<p>Link zur Berufsordnung: <a title=\"MBO\" href=\"http:\/\/www.bundesaerztekammer.de\/30\/Berufsordnung\/index.html\" target=\"_blank\">http:\/\/www.bundesaerztekammer.de\/30\/Berufsordnung\/index.html<\/a><\/p>\n<p>Praxisinstitut Institutskennzeichen: 271601190<\/p>\n","protected":false},"excerpt":{"rendered":"<p>Marcus-Matthias Woytas Anger 58 99084 Erfurt Tel.: 0361 6604767 Fax: 0361 6604768 E-Mail: info[at]praxiswoytas.de Berufsbezeichnung: Facharzt f\u00fcr Allgemeinmedizin Berufsbezeichnung verliehen in: Deutschland (Th\u00fcringen) Zust\u00e4ndige \u00c4rztekammer: Th\u00fcringen Zust\u00e4ndige Aufsichtsbeh\u00f6rde: Th\u00fcringen Link zur Berufsordnung: http:\/\/www.bundesaerztekammer.de\/30\/Berufsordnung\/index.html Praxisinstitut Institutskennzeichen: 271601190<span class=\"more-link\"><a href=\"https:\/\/praxiswoytas.de\/?page_id=200\">*** weiter lesen *** <\/a><\/span><\/p>\n","protected":false},"author":2,"featured_media":0,"parent":402,"menu_order":0,"comment_status":"closed","ping_status":"closed","template":"","meta":{"footnotes":""},"class_list":["entry","author-woytas","post-200","page","type-page","status-publish"],"_links":{"self":[{"href":"https:\/\/praxiswoytas.de\/index.php?rest_route=\/wp\/v2\/pages\/200","targetHints":{"allow":["GET"]}}],"collection":[{"href":"https:\/\/praxiswoytas.de\/index.php?rest_route=\/wp\/v2\/pages"}],"about":[{"href":"https:\/\/praxiswoytas.de\/index.php?rest_route=\/wp\/v2\/types\/page"}],"author":[{"embeddable":true,"href":"https:\/\/praxiswoytas.de\/index.php?rest_route=\/wp\/v2\/users\/2"}],"replies":[{"embeddable":true,"href":"https:\/\/praxiswoytas.de\/index.php?rest_route=%2Fwp%2Fv2%2Fcomments&post=200"}],"version-history":[{"count":10,"href":"https:\/\/praxiswoytas.de\/index.php?rest_route=\/wp\/v2\/pages\/200\/revisions"}],"predecessor-version":[{"id":1984,"href":"https:\/\/praxiswoytas.de\/index.php?rest_route=\/wp\/v2\/pages\/200\/revisions\/1984"}],"up":[{"embeddable":true,"href":"https:\/\/praxiswoytas.de\/index.php?rest_route=\/wp\/v2\/pages\/402"}],"wp:attachment":[{"href":"https:\/\/praxiswoytas.de\/index.php?rest_route=%2Fwp%2Fv2%2Fmedia&parent=200"}],"curies":[{"name":"wp","href":"https:\/\/api.w.org\/{rel}","templated":true}]}}