{"id":236,"date":"2010-03-17T22:37:27","date_gmt":"2010-03-17T21:37:27","guid":{"rendered":"http:\/\/woytas.de\/praxis\/?page_id=236"},"modified":"2010-03-17T23:55:49","modified_gmt":"2010-03-17T22:55:49","slug":"reisen-mit-behinderung","status":"publish","type":"page","link":"https:\/\/praxiswoytas.de\/?page_id=236","title":{"rendered":"Reisen mit Behinderung"},"content":{"rendered":"<div class=\"level4\">\n<div class=\"box-cnt-head cf\">\n<p style=\"text-align: justify;\"><strong>Medizinisches Betreuungsformular<\/strong><br \/>\nSofern Zweifel an Ihrer Flugreisetauglichkeit bestehen, muss im Vorfeld eine Beurteilung derselben durch einen\u00a0 Arzt\u00a0 der Fluggesellschaft (z.B. Lufthansa-Arzt) eingeholt werden. Sie erhalten nach der Untersuchung ein medizinisches Betreuungsformular, das von Ihrem behandelnden sowie einem Arzt der Fluggesellschaft unterschrieben wird. Es dient dazu, dass alle am Reiseprozess beteiligten Stellen die notwendigen Vorbereitungen treffen k\u00f6nnen und dokumentiert, dass keine medizinischen Bedenken gegen eine Bef\u00f6rderung mit einem Flugzeug bestehen. Eine Anmeldung f\u00fcr die Beurteilung der Flugreisetauglichkeit ist bis sp\u00e4testens 48 Stunden vor Abflug notwendig. Wenden Sie sich hierzu bitte an den Lufthansa Medical Desk unter <strong>+49 &#8211; 5 61 &#8211; 99 33 70 20<\/strong>.Wenn Sie oft mit dem Flugzeug unterwegs sind, erleichtert Ihnen FREMEC die Flugreise. Denn f\u00fcr Vielflieger mit Mobilit\u00e4tseinschr\u00e4nkungen wurde die Frequent Traveller&#8217;s Medical Card (FREMEC) entwickelt. Diese Karte enth\u00e4lt alle f\u00fcr Ihre Betreuung wichtigen Daten und ersetzt das sonst f\u00fcr jeden Flug notwendige medizinische Betreuungsformular.\u00a0 Die G\u00fcltigkeit der Karte wird von einem unserer \u00c4rzte auf der Basis Ihres Krankheitsbildes festgelegt.<br \/>\nDie Karte hat bei allen Airlines G\u00fcltigkeit, die dem Luftfahrtverband IATA angeh\u00f6ren. FREMEC wird vom \u00c4rztlichen Dienst der Lufthansa oder von circa 180 Vertrags\u00e4rzten in aller Welt ausgestellt.<\/p>\n<\/div>\n<\/div>\n","protected":false},"excerpt":{"rendered":"<p>Medizinisches Betreuungsformular Sofern Zweifel an Ihrer Flugreisetauglichkeit bestehen, muss im Vorfeld eine Beurteilung derselben durch einen\u00a0 Arzt\u00a0 der Fluggesellschaft (z.B. Lufthansa-Arzt) eingeholt werden. Sie erhalten nach der Untersuchung ein medizinisches Betreuungsformular, das von Ihrem behandelnden sowie einem Arzt der Fluggesellschaft unterschrieben wird. Es dient dazu, dass alle am Reiseprozess beteiligten<span class=\"more-link\"><a href=\"https:\/\/praxiswoytas.de\/?page_id=236\">*** weiter lesen *** <\/a><\/span><\/p>\n","protected":false},"author":2,"featured_media":0,"parent":182,"menu_order":0,"comment_status":"closed","ping_status":"closed","template":"","meta":{"footnotes":""},"class_list":["entry","author-woytas","post-236","page","type-page","status-publish"],"_links":{"self":[{"href":"https:\/\/praxiswoytas.de\/index.php?rest_route=\/wp\/v2\/pages\/236","targetHints":{"allow":["GET"]}}],"collection":[{"href":"https:\/\/praxiswoytas.de\/index.php?rest_route=\/wp\/v2\/pages"}],"about":[{"href":"https:\/\/praxiswoytas.de\/index.php?rest_route=\/wp\/v2\/types\/page"}],"author":[{"embeddable":true,"href":"https:\/\/praxiswoytas.de\/index.php?rest_route=\/wp\/v2\/users\/2"}],"replies":[{"embeddable":true,"href":"https:\/\/praxiswoytas.de\/index.php?rest_route=%2Fwp%2Fv2%2Fcomments&post=236"}],"version-history":[{"count":3,"href":"https:\/\/praxiswoytas.de\/index.php?rest_route=\/wp\/v2\/pages\/236\/revisions"}],"predecessor-version":[{"id":266,"href":"https:\/\/praxiswoytas.de\/index.php?rest_route=\/wp\/v2\/pages\/236\/revisions\/266"}],"up":[{"embeddable":true,"href":"https:\/\/praxiswoytas.de\/index.php?rest_route=\/wp\/v2\/pages\/182"}],"wp:attachment":[{"href":"https:\/\/praxiswoytas.de\/index.php?rest_route=%2Fwp%2Fv2%2Fmedia&parent=236"}],"curies":[{"name":"wp","href":"https:\/\/api.w.org\/{rel}","templated":true}]}}