{"id":238,"date":"2010-03-17T22:41:50","date_gmt":"2010-03-17T21:41:50","guid":{"rendered":"http:\/\/woytas.de\/praxis\/?page_id=238"},"modified":"2010-03-17T23:37:37","modified_gmt":"2010-03-17T22:37:37","slug":"reisethrombose","status":"publish","type":"page","link":"https:\/\/praxiswoytas.de\/?page_id=238","title":{"rendered":"Reisethrombose"},"content":{"rendered":"<div class=\"box-2d\" style=\"text-align: justify;\">\n<div class=\"pga cf\">\n<p><strong>M\u00f6gliche Ursachen einer Reisethrombose<\/strong><br \/>\nDurch langes bewegungsarmes Sitzen, wie z. B. in Flugzeugen, wird der durch die Muskelbewegung aktiv gef\u00f6rderte R\u00fcckstrom des Blutes zum Herzen eingeschr\u00e4nkt. Dies kann zu Fl\u00fcssigkeitseinlagerungen, vorzugsweise im Unterschenkelbereich, f\u00fchren. Der erh\u00f6hte Gewebedruck bewirkt dann seinerseits eine Reduzierung des Blutr\u00fcckstroms.<\/p>\n<p>In seltenen F\u00e4llen kann sich bei Risikopersonen ein Blutgerinnsel an der Wand der Vene entwickeln, das als Thrombose bezeichnet wird und den R\u00fcckstrom des Blutes zus\u00e4tzlich erheblich behindert.<\/p>\n<p>In ganz seltenen F\u00e4llen kann es zum Abriss eines Teils dieses Gerinnsels kommen, welches \u00fcber den Blutstrom bis in die Lunge verschleppt werden kann. Durch den Verschluss eines Blutgef\u00e4\u00dfes kann dies so zu einer erheblichen Beeintr\u00e4chtigung der Pumpleistung des Herzens f\u00fchren. In diesem Fall spricht man von einer Lungenembolie, die im Extremfall zu pl\u00f6tzlichem Herzversagen f\u00fchren kann.<\/p><\/div>\n<\/div>\n<p style=\"text-align: justify;\"><a class=\"hidden-anc\" name=\"ancAbT1\"><\/a><\/p>\n<div class=\"box-2d\" style=\"text-align: justify;\">\n<div class=\"pga cf\">\n<p class=\"wt_ln\"><strong>Besondere Risikogruppen<\/strong><\/p>\n<ul class=\"lst-std\">\n<li>Personen \u00fcber 60 Jahre<\/li>\n<li>Personen, die bereits fr\u00fcher eine Thrombose erlitten haben<\/li>\n<li>\u00dcbergewichtige Personen<\/li>\n<li>Schwangere<\/li>\n<li>Personen mit einer b\u00f6sartigen Erkrankung<\/li>\n<li>Frauen, die die Pille nehmen und gleichzeitig rauchen<\/li>\n<li>Personen, die k\u00fcrzlich operiert wurden<\/li>\n<li>Personen, die einen erblichen Gerinnungsdefekt aufweisen<\/li>\n<\/ul>\n<\/div>\n<\/div>\n<p style=\"text-align: justify;\">\n<div class=\"box-2d\" style=\"text-align: justify;\">\n<div class=\"pga cf\">\n<p><strong>Das k\u00f6nnen Sie tun, um einer Thrombose vorzubeugen<\/strong><br \/>\nDurch sogenannte Kompressionsstr\u00fcmpfe (am besten Kompressionsstrumpfhosen) k\u00f6nnen Sie die Fl\u00fcssigkeitseinlagerung in den Beinen deutlich reduzieren. Bei Risikogruppen sollten diese Str\u00fcmpfe zudem individuell angepasst werden.<\/p>\n<p>Versuchen Sie, sich w\u00e4hrend des Fluges zu bewegen. Achten Sie darauf, w\u00e4hrend des Fluges ausreichend zu trinken, um bei der trockenen Luft im Flugzeug einen vern\u00fcnftigen Fl\u00fcssigkeitsausgleich herzustellen.\u00a0 Schr\u00e4nken Sie den Alkoholgenuss ein und verzichten Sie auf Schlaf- oder Beruhigungsmittel.<\/p>\n<p>F\u00fcr besonders gef\u00e4hrdete Personen empfehlen wir dringend die R\u00fccksprache mit dem behandelnden Arzt. In Einzelf\u00e4llen kann die vorbeugende Einnahme eines Medikaments zur Verhinderung von Blutgerinnseln notwendig sein.<\/p>\n<p><em>(Quelle: <a title=\"lh\" href=\"http:\/\/www.lufthansa.com\/online\/portal\/lh\/de\/info_and_services\/travel_preparation?nodeid=1757493&amp;l=de&amp;cid=18002&amp;blt_p=DE&amp;blt_l=de&amp;blt_t=Info_and_Services%3ETravel_Preparation&amp;blt_e=Content&amp;blt_n=Links%20zu%20diesem%20Them&amp;blt_z=Reisethrombose&amp;blt_c=DE|de|Info_and_Services%3ETravel_Preparation|Content|Links%20zu%20diesem%20Them|Reisethrombose\" target=\"_blank\">www.lufthansa.de<\/a>)<\/em><\/div>\n<\/div>\n","protected":false},"excerpt":{"rendered":"<p>M\u00f6gliche Ursachen einer Reisethrombose Durch langes bewegungsarmes Sitzen, wie z. B. in Flugzeugen, wird der durch die Muskelbewegung aktiv gef\u00f6rderte R\u00fcckstrom des Blutes zum Herzen eingeschr\u00e4nkt. Dies kann zu Fl\u00fcssigkeitseinlagerungen, vorzugsweise im Unterschenkelbereich, f\u00fchren. Der erh\u00f6hte Gewebedruck bewirkt dann seinerseits eine Reduzierung des Blutr\u00fcckstroms. In seltenen F\u00e4llen kann sich bei<span class=\"more-link\"><a href=\"https:\/\/praxiswoytas.de\/?page_id=238\">*** weiter lesen *** <\/a><\/span><\/p>\n","protected":false},"author":2,"featured_media":0,"parent":182,"menu_order":0,"comment_status":"closed","ping_status":"closed","template":"","meta":{"footnotes":""},"class_list":["entry","author-woytas","post-238","page","type-page","status-publish"],"_links":{"self":[{"href":"https:\/\/praxiswoytas.de\/index.php?rest_route=\/wp\/v2\/pages\/238","targetHints":{"allow":["GET"]}}],"collection":[{"href":"https:\/\/praxiswoytas.de\/index.php?rest_route=\/wp\/v2\/pages"}],"about":[{"href":"https:\/\/praxiswoytas.de\/index.php?rest_route=\/wp\/v2\/types\/page"}],"author":[{"embeddable":true,"href":"https:\/\/praxiswoytas.de\/index.php?rest_route=\/wp\/v2\/users\/2"}],"replies":[{"embeddable":true,"href":"https:\/\/praxiswoytas.de\/index.php?rest_route=%2Fwp%2Fv2%2Fcomments&post=238"}],"version-history":[{"count":4,"href":"https:\/\/praxiswoytas.de\/index.php?rest_route=\/wp\/v2\/pages\/238\/revisions"}],"predecessor-version":[{"id":255,"href":"https:\/\/praxiswoytas.de\/index.php?rest_route=\/wp\/v2\/pages\/238\/revisions\/255"}],"up":[{"embeddable":true,"href":"https:\/\/praxiswoytas.de\/index.php?rest_route=\/wp\/v2\/pages\/182"}],"wp:attachment":[{"href":"https:\/\/praxiswoytas.de\/index.php?rest_route=%2Fwp%2Fv2%2Fmedia&parent=238"}],"curies":[{"name":"wp","href":"https:\/\/api.w.org\/{rel}","templated":true}]}}