{"id":256,"date":"2010-03-17T23:45:12","date_gmt":"2010-03-17T22:45:12","guid":{"rendered":"http:\/\/woytas.de\/praxis\/?page_id=256"},"modified":"2010-03-18T00:20:03","modified_gmt":"2010-03-17T23:20:03","slug":"medikamente","status":"publish","type":"page","link":"https:\/\/praxiswoytas.de\/?page_id=256","title":{"rendered":"Medikamente"},"content":{"rendered":"<p style=\"text-align: justify;\">\n<p style=\"text-align: justify;\"><strong>Regelm\u00e4\u00dfig einzunehmende Medikamente<\/strong><br \/>\nIm Zusammenhang mit der Zeitumstellung k\u00f6nnen sich Schwierigkeiten bei der regelm\u00e4\u00dfigen Einnahme von Medikamenten ergeben. Wenn Sie in regelm\u00e4\u00dfigen zeitlichen Intervallen ein Medikament einnehmen m\u00fcssen, empfehlen wir, vor einem Flug \u00fcber eine oder mehrere Zeitzonen hinweg einen Arzt zu konsultieren.<\/p>\n<p style=\"text-align: justify;\"><strong>Insulin<\/strong><br \/>\nDa die zu injizierende Menge Insulin an den Mahlzeitenrhythmus gekoppelt ist, spielt die zeitliche Komponente eine besonders wichtige Rolle. F\u00fcr von Diabetes mellitus betroffene Personen haben wir einige wichtige Hinweise zusammengestellt.<\/p>\n<p style=\"text-align: justify;\"><a title=\"DM\" href=\"http:\/\/woytas.de\/praxis\/angebot-ausstattung\/reisemedizin\/diabetes-mellitus\/\" target=\"_self\">Hinweise f\u00fcr an Diabetes mellitus erkrankte Flugreisende<\/a><\/p>\n<p style=\"text-align: justify;\"><strong>Die Pille<\/strong><br \/>\nSicherheit in der Schwangerschaftsverh\u00fctung l\u00e4sst sich am besten erzielen, wenn Sie bei Reisen in Richtung Westen, bei denen sich der Tag um mindestens 6 Stunden verl\u00e4ngert, eine Pille zus\u00e4tzlich einnehmen. Hierzu empfehlen wir, vorher den behandelnden Arzt zu konsultieren.<\/p>\n<p style=\"text-align: justify;\"><strong>Medikamente im Handgep\u00e4ck<\/strong><br \/>\nDie Verpackung von Medikamenten sollte schlagfest sein und Ihr Medikamentenbedarf nach M\u00f6glichkeit auf mehrere Handgep\u00e4ckst\u00fccke verteilt werden. Es ist ratsam, etwa das Anderthalb- bis Zweifache des erwarteten Bedarfs im Handgep\u00e4ck mitzuf\u00fchren. Denn in Ausnahmef\u00e4llen werden Fl\u00fcge manchmal umgeleitet oder ihr Abflug verz\u00f6gert sich um l\u00e4ngere Zeit &#8211; auch wenn Sie schon im Flugzeug sitzen.<\/p>\n<p style=\"text-align: justify;\"><strong>Mit Medikamenten durch den Zoll<\/strong><br \/>\nBei Medikamenten und Spritzen im Handgep\u00e4ck ist es ratsam, eine \u00e4rztliche Bescheinigung mitzuf\u00fchren, die best\u00e4tigt, dass es sich um pers\u00f6nlich ben\u00f6tigtes medizinisches Material handelt.<\/p>\n<p style=\"text-align: justify;\"><strong>Verlust von Medikamenten<\/strong><br \/>\nF\u00fcr den Fall des Verlusts Ihrer Medikamente auf der Reise oder im Zielland sollten Sie sich von Ihrem behandelnden Arzt eine \u00dcbersicht \u00fcber Ihre Blutgruppe und andere wichtige Gesundheitsdaten sowie die Dosiseinstellung der Medikamente und ihre Generic-Namen (warenrechtlich nicht gesch\u00fctzte, internationale Freinamen von Arzneistoffen) ausstellen lassen. F\u00fchren Sie au\u00dferdem die f\u00fcr eine Behandlung oder Rezeptausstellung im Ausland notwendigen Dokumente mit sich. Informieren Sie sich hierzu bei Ihrem Arzt oder Ihrer Krankenkasse.<\/p>\n<p style=\"text-align: justify;\"><em>(Quelle: <a title=\"lh\" href=\"http:\/\/www.lufthansa.com\/online\/portal\/lh\/de\/info_and_services\/travel_preparation?nodeid=1757624&amp;l=de&amp;cid=18002\" target=\"_blank\">www.lufthansa.de<\/a>)<\/em><\/p>\n","protected":false},"excerpt":{"rendered":"<p>Regelm\u00e4\u00dfig einzunehmende Medikamente Im Zusammenhang mit der Zeitumstellung k\u00f6nnen sich Schwierigkeiten bei der regelm\u00e4\u00dfigen Einnahme von Medikamenten ergeben. Wenn Sie in regelm\u00e4\u00dfigen zeitlichen Intervallen ein Medikament einnehmen m\u00fcssen, empfehlen wir, vor einem Flug \u00fcber eine oder mehrere Zeitzonen hinweg einen Arzt zu konsultieren. Insulin Da die zu injizierende Menge Insulin<span class=\"more-link\"><a href=\"https:\/\/praxiswoytas.de\/?page_id=256\">*** weiter lesen *** <\/a><\/span><\/p>\n","protected":false},"author":2,"featured_media":0,"parent":182,"menu_order":0,"comment_status":"closed","ping_status":"closed","template":"","meta":{"footnotes":""},"class_list":["entry","author-woytas","post-256","page","type-page","status-publish"],"_links":{"self":[{"href":"https:\/\/praxiswoytas.de\/index.php?rest_route=\/wp\/v2\/pages\/256","targetHints":{"allow":["GET"]}}],"collection":[{"href":"https:\/\/praxiswoytas.de\/index.php?rest_route=\/wp\/v2\/pages"}],"about":[{"href":"https:\/\/praxiswoytas.de\/index.php?rest_route=\/wp\/v2\/types\/page"}],"author":[{"embeddable":true,"href":"https:\/\/praxiswoytas.de\/index.php?rest_route=\/wp\/v2\/users\/2"}],"replies":[{"embeddable":true,"href":"https:\/\/praxiswoytas.de\/index.php?rest_route=%2Fwp%2Fv2%2Fcomments&post=256"}],"version-history":[{"count":4,"href":"https:\/\/praxiswoytas.de\/index.php?rest_route=\/wp\/v2\/pages\/256\/revisions"}],"predecessor-version":[{"id":261,"href":"https:\/\/praxiswoytas.de\/index.php?rest_route=\/wp\/v2\/pages\/256\/revisions\/261"}],"up":[{"embeddable":true,"href":"https:\/\/praxiswoytas.de\/index.php?rest_route=\/wp\/v2\/pages\/182"}],"wp:attachment":[{"href":"https:\/\/praxiswoytas.de\/index.php?rest_route=%2Fwp%2Fv2%2Fmedia&parent=256"}],"curies":[{"name":"wp","href":"https:\/\/api.w.org\/{rel}","templated":true}]}}