{"id":257,"date":"2010-03-17T23:42:28","date_gmt":"2010-03-17T22:42:28","guid":{"rendered":"http:\/\/woytas.de\/praxis\/?page_id=257"},"modified":"2010-03-18T00:16:25","modified_gmt":"2010-03-17T23:16:25","slug":"diabetes-mellitus","status":"publish","type":"page","link":"https:\/\/praxiswoytas.de\/?page_id=257","title":{"rendered":"Diabetes mellitus"},"content":{"rendered":"<p>Der Diabetes mellitus ist eine Krankheit, die eine zeitlich genau abgestimmte Dosierung des Medikaments Insulin erfordert. Aus diesen Gr\u00fcnden scheuen sich oftmals Betroffene, Reisen in L\u00e4nder zu unternehmen, die eine Zeitumstellung mit sich bringen. Doch die Krankheit muss kein Hindernis f\u00fcr ungetr\u00fcbte Reisefreuden sein.<\/p>\n<p>Der richtige Umgang mit der Erkrankung und eine gute Vorbereitung sind das A und O, um eine Reise auch als Diabeteskranke(r) voll und ganz genie\u00dfen zu k\u00f6nnen:<\/p>\n<p><strong>Vor der Reise<\/strong><\/p>\n<ul>\n<li>Sprechen Sie vor einer Reise mit Ihrem Arzt \u00fcber die Menge und Art der Insulininjektionen.<\/li>\n<li>Lassen Sie sich au\u00dferdem einen genauen Reiseinjektionsplan erstellen. So wissen Sie wann und wie viel Insulin Sie zu sich nehmen m\u00fcssen.<\/li>\n<li>Nehmen Sie die doppelte Menge an erforderlichen Medikamenten und Materialien auf die Reise mit (am besten jeweils im Handgep\u00e4ck und Koffer), damit Sie in Notf\u00e4llen immer auf einen Ersatz zur\u00fcckgreifen k\u00f6nnen.<\/li>\n<li>Bei Fl\u00fcgen in Richtung Westen, in denen Sie Zeitzonen \u00fcberschreiten, sollten Sie aufgrund der Verl\u00e4ngerung des Tages eine zus\u00e4tzliche Mahlzeit und Insulindosis zu sich nehmen. Sprechen Sie vor der Reise dar\u00fcber mit Ihrem behandelnden Arzt.<\/li>\n<li>Da sich im Gegensatz dazu bei Fl\u00fcgen in Richtung Osten der Tag verk\u00fcrzt, ist es empfehlenswert, entsprechend weniger Insulin zu spritzen. Sprechen Sie auch in diesem Fall vor der Reise mit Ihrem Arzt.<\/li>\n<\/ul>\n<p><strong>Nach der Ankunft<\/strong><\/p>\n<ul>\n<li>Bitte beachten Sie, dass Insulin bei K\u00fchlschranktemperatur (+ 2 bis &#8211; 8 Grad Celsius) aufbewahrt werden sollte. Ohne K\u00fchlung kann es bis zu 24 Stunden transportiert werden, jedoch nie bei Temperaturen \u00fcber 25 Grad Celsius.<\/li>\n<li>Nach der ersten Nacht im Zielland kann eine zus\u00e4tzliche Blutzuckerkontrolle und eventuell ein extra Essen mit Kohlenhydraten empfehlenswert sein, um den K\u00f6rper mit den notwendigen N\u00e4hrstoffen zu versorgen.<\/li>\n<li>Bei Durchfallerkrankungen und Erbrechen sollten Sie unbedingt noch vor Ort einen Arzt aufsuchen, der Ihren Fl\u00fcssigkeitshaushalt untersucht und gegebenenfalls die Insulindosis neu anpasst. F\u00fchren Sie deshalb unbedingt die f\u00fcr eine Behandlung im Ausland notwendigen Dokumente mit sich. Informieren Sie sich hierzu bei Ihrem Arzt oder Ihrer Krankenkasse.<\/li>\n<\/ul>\n<p>(Quelle: <a title=\"lh\" href=\"http:\/\/www.lufthansa.com\/online\/portal\/lh\/de\/info_and_services\/travel_preparation?nodeid=1757562&amp;l=de&amp;cid=18002\" target=\"_blank\"><em>www.lufthansa.de<\/em><\/a>)<\/p>\n","protected":false},"excerpt":{"rendered":"<p>Der Diabetes mellitus ist eine Krankheit, die eine zeitlich genau abgestimmte Dosierung des Medikaments Insulin erfordert. Aus diesen Gr\u00fcnden scheuen sich oftmals Betroffene, Reisen in L\u00e4nder zu unternehmen, die eine Zeitumstellung mit sich bringen. Doch die Krankheit muss kein Hindernis f\u00fcr ungetr\u00fcbte Reisefreuden sein. Der richtige Umgang mit der Erkrankung<span class=\"more-link\"><a href=\"https:\/\/praxiswoytas.de\/?page_id=257\">*** weiter lesen *** <\/a><\/span><\/p>\n","protected":false},"author":2,"featured_media":0,"parent":182,"menu_order":0,"comment_status":"closed","ping_status":"closed","template":"","meta":{"footnotes":""},"class_list":["entry","author-woytas","post-257","page","type-page","status-publish"],"_links":{"self":[{"href":"https:\/\/praxiswoytas.de\/index.php?rest_route=\/wp\/v2\/pages\/257","targetHints":{"allow":["GET"]}}],"collection":[{"href":"https:\/\/praxiswoytas.de\/index.php?rest_route=\/wp\/v2\/pages"}],"about":[{"href":"https:\/\/praxiswoytas.de\/index.php?rest_route=\/wp\/v2\/types\/page"}],"author":[{"embeddable":true,"href":"https:\/\/praxiswoytas.de\/index.php?rest_route=\/wp\/v2\/users\/2"}],"replies":[{"embeddable":true,"href":"https:\/\/praxiswoytas.de\/index.php?rest_route=%2Fwp%2Fv2%2Fcomments&post=257"}],"version-history":[{"count":4,"href":"https:\/\/praxiswoytas.de\/index.php?rest_route=\/wp\/v2\/pages\/257\/revisions"}],"predecessor-version":[{"id":278,"href":"https:\/\/praxiswoytas.de\/index.php?rest_route=\/wp\/v2\/pages\/257\/revisions\/278"}],"up":[{"embeddable":true,"href":"https:\/\/praxiswoytas.de\/index.php?rest_route=\/wp\/v2\/pages\/182"}],"wp:attachment":[{"href":"https:\/\/praxiswoytas.de\/index.php?rest_route=%2Fwp%2Fv2%2Fmedia&parent=257"}],"curies":[{"name":"wp","href":"https:\/\/api.w.org\/{rel}","templated":true}]}}