{"id":26,"date":"2010-03-09T01:12:13","date_gmt":"2010-03-09T00:12:13","guid":{"rendered":"http:\/\/woytas.de\/praxis\/?page_id=26"},"modified":"2016-09-04T22:11:11","modified_gmt":"2016-09-04T21:11:11","slug":"praxisbesuch-konsultation","status":"publish","type":"page","link":"https:\/\/praxiswoytas.de\/?page_id=26","title":{"rendered":"Praxisbesuch &amp; Konsultation"},"content":{"rendered":"<p><strong>Chipkarte &amp; Behandlungsschein<\/strong><br \/>\nBitte bringen Sie Ihre aktuelle Chipkarte bei jedem Praxisbesuch mit. Falls in dringenden F\u00e4llen die Karte bzw. der Behandlungsschein nicht vorgelegt werden kann, sind diese umgehend nachzureichen. Um Missverst\u00e4ndnisse zu vermeiden sollten Sie den aktuellen Befreiungsbescheid\u00a0 u. den Behindertenausweis \/ Merkzeichen immer zum Praxisbesuch mitbringen.<\/p>\n<p><a title=\"Flyer\" href=\"http:\/\/praxiswoytas.de\/wp-content\/uploads\/2011\/01\/praxisflyer.pdf\" target=\"_blank\">Flyer &#8220;Praxis Woytas&#8221;<\/a><\/p>\n<p><a href=\"http:\/\/www.kv-thueringen.de\/presse\/30_publ\/10_archiv\/2012\/12\/RS1212_Plakat_Patienteninformation.pdf\" target=\"_blank\">Flyer &#8220;\u00dcberweisung, Wegfall der Praxisgeb\u00fchr&#8221;<\/a><\/p>\n<p><strong>\u00dcberweisung<\/strong><br \/>\nDie \u00dcberweisung zum Facharzt bedingt eine kollegiale Zusammenarbeit mit dem Hausarzt. Diese Zusammenarbeit wird durch \u00dcberweisungsauftrag und Befund\u00fcbermittlung mit Therapieempfehlung organisiert.<br \/>\nFehlen diese beiden wichtigen Behandlungsbausteine und Fach\u00e4rzte werden in Eigenregie aufgesucht, so ist die weitere befundspezifische Versorgung (Arzneimittel, Heil- und Hilfsmittelverordnung) zwischen Facharzt und Patient selbst sicherzustellen. Gleiches gilt f\u00fcr Therapieempfehlungen von Privat\u00e4rzten und Heilkundigen.<\/p>\n<p><strong>Hausbesuche<\/strong><br \/>\nIn dringenden, nicht vermeidbaren, Krankheits- oder Notf\u00e4llen, die ein pers\u00f6nliches Aufsuchen eines Arztes (auch in Begleitung oder im Taxi) unm\u00f6glich machen, ist in Erfurt und den umliegenden Landkreisen jederzeit der dringliche Hausbesuchsdienst im organisierten KV-Notfalldienst erreichbar und in Anspruch zu nehmen.<br \/>\nIn besonderen F\u00e4llen ist der Besuch nach \u00e4rztlichem Ermessen bei medizinischer Indikation (z.B. Palliativversorgung) durch uns m\u00f6glich.<br \/>\nGenerell kann \u00e4rztliche Hilfe in der Praxis besser und schneller geleistet werden. Es steht hier das ganze Diagnostik- und Therapiespektrum zur Verf\u00fcgung, insbesondere auch eine sterile Wundversorgung, EKG und Labor. Gegebenenfalls wird deshalb auch ein Kranken- oder Behindertentransport organisiert. Eine komplette haus\u00e4rztliche Versorgung insbesondere mit regelm\u00e4\u00dfigen  Hausbesuchen ist uns allerdings nur bei Wohnort des Patienten im Erfurter Zentrum  m\u00f6glich. Daher bitten wir um Verst\u00e4ndnis, da\u00df wir Neupatienten aus  Kapazit\u00e4tsgr\u00fcnden haupts\u00e4chlich aus Erfurt annehmen.<br \/>\nHaus- und Heimbesuche ohne medizinische Indikation, die z.B. rein pflegerischer Natur (R\u00f6tung) sind oder der Dokumentation von Bagatellerkrankungen und somit lediglich Qualit\u00e4tssicherung des Dienstes- oder der Einrichtung dienen,  werden nicht oder nur als Wunschleistung gegen Kostenerstattung durch den Auftraggeber durchgef\u00fchrt.<\/p>\n<p><em>Gibt es eine r\u00e4umliche Grenze (Entfernung zum Patienten), f\u00fcr Hausbesuche ?<\/em><br \/>\nGem\u00e4\u00df \u00a7 17 Abs. 4 BMV-\u00c4rzte k\u00f6nnen Besuche au\u00dferhalb des \u00fcblichen Praxisbereiches abgelehnt werden. Der \u00fcbliche Praxisbereich bestimmt sich z.B. an der Lage der Praxis (st\u00e4dtischer bzw. l\u00e4ndlicher<br \/>\nBereich) und der Entfernung zur n\u00e4chsten Arztpraxis.<\/p>\n<p><strong>Notfalldienst<br \/>\n<\/strong>F\u00fcr den Notdienstbereich Erfurt\/Erfurt-Land\/S\u00f6mmerda ist ein gemeinsamer, kollegialer Notdienst organisiert an dem alle, in \u00e4rztlicher Niederlassung t\u00e4tige Kollegen teilnehmen. Au\u00dferhalb der \u00fcblichen Sprechzeiten ist eine KV- Notfallsprechstunde in der KV-Ambulanz (\t0361-7814833) im Helios-Klinikum Erfurt f\u00fcr die Fachrichtungen Allgemeinmedizin, Kinderheilkunde, HNO und Augenheilkunde zu folgenden Zeiten ge\u00f6ffnet:<br \/>\nMo, Di, Do: ab 19.00 Uhr * Mi, Fr: ab 13.00 Uhr, Sa, So, Feiertage: 07.00 &#8211; 07.00 Uhr<\/p>\n<p><strong>Vertretung<\/strong><br \/>\nIm Urlaubs- und Krankheitsfall erfolgt die gegenseitige Vertretung  (soweit nicht anders ausgeschildert) durch:<br \/>\nMR M.-M. Woytas, Trommsdorffstrasse 7, 99084 Erfurt<br \/>\nTerminvereinbarung unter 0361 5402270<\/p>\n<p><strong>Pr\u00e4senzpraxis<\/strong><br \/>\nDie Pr\u00e4senzpraxis Erfurt ist ein kollegialer Zusammenschlu\u00df von 14 haus\u00e4rztlichen Arztpraxen des \u00c4NEF  in Erfurt der Dres.\u00a0 Bachmann \/ Boehm-K\u00fcrschner \/ Faltermaier \/ Hochheim \/ Holzschuh \/ Prater \/ Tondt \/ Trostorff \/ Weigel \/ Soost \/ Wicht \/ Woytas, Marcus \/ Woytas, Michael.<br \/>\n\u00dcber die <span style=\"color: #000000;\"><strong>Ansagehotline 0175-9124294<\/strong><\/span> ist nach einem Dienstplan ein Kollege in Notf\u00e4llen au\u00dferhalb der Sprechzeiten bis zur Aktivierung der 116117 erreichbar. In Notf\u00e4llen kann dieser dann einen dringenden Hausbesuch \u00fcber den DHD organisieren. Dieses Kollegialsystem ist keine Sprechstundenvertretung, in jedem Falle ist im weiteren Verlauf, z.B. f\u00fcr Verordnungen oder f\u00fcr einen Haus- oder Heimbesuch,\u00a0 der Hausarzt oder dessen regul\u00e4rer Vertreter zu konsultieren.<\/p>\n<p><strong>Notruf <\/strong>112<\/p>\n<p><strong>Zahnarzt-Notdienst<\/strong> 0361 7814833<\/p>\n<p><strong>Gift-Notruf<\/strong> 0361-730730<\/p>\n<p><a href=\"http:\/\/www.kv-thueringen.de\/pub\/10_Flyer_ND.pdf\" target=\"_parent\">Flyer \u00a0&#8220;\u00c4rztlicher Notfall in Th\u00fcringen&#8221;<\/a><\/p>\n","protected":false},"excerpt":{"rendered":"<p>Chipkarte &amp; Behandlungsschein Bitte bringen Sie Ihre aktuelle Chipkarte bei jedem Praxisbesuch mit. Falls in dringenden F\u00e4llen die Karte bzw. der Behandlungsschein nicht vorgelegt werden kann, sind diese umgehend nachzureichen. Um Missverst\u00e4ndnisse zu vermeiden sollten Sie den aktuellen Befreiungsbescheid\u00a0 u. den Behindertenausweis \/ Merkzeichen immer zum Praxisbesuch mitbringen. Flyer &#8220;Praxis<span class=\"more-link\"><a href=\"https:\/\/praxiswoytas.de\/?page_id=26\">*** weiter lesen *** <\/a><\/span><\/p>\n","protected":false},"author":2,"featured_media":0,"parent":0,"menu_order":0,"comment_status":"closed","ping_status":"closed","template":"","meta":{"footnotes":""},"class_list":["entry","author-woytas","post-26","page","type-page","status-publish"],"_links":{"self":[{"href":"https:\/\/praxiswoytas.de\/index.php?rest_route=\/wp\/v2\/pages\/26","targetHints":{"allow":["GET"]}}],"collection":[{"href":"https:\/\/praxiswoytas.de\/index.php?rest_route=\/wp\/v2\/pages"}],"about":[{"href":"https:\/\/praxiswoytas.de\/index.php?rest_route=\/wp\/v2\/types\/page"}],"author":[{"embeddable":true,"href":"https:\/\/praxiswoytas.de\/index.php?rest_route=\/wp\/v2\/users\/2"}],"replies":[{"embeddable":true,"href":"https:\/\/praxiswoytas.de\/index.php?rest_route=%2Fwp%2Fv2%2Fcomments&post=26"}],"version-history":[{"count":16,"href":"https:\/\/praxiswoytas.de\/index.php?rest_route=\/wp\/v2\/pages\/26\/revisions"}],"predecessor-version":[{"id":455,"href":"https:\/\/praxiswoytas.de\/index.php?rest_route=\/wp\/v2\/pages\/26\/revisions\/455"}],"wp:attachment":[{"href":"https:\/\/praxiswoytas.de\/index.php?rest_route=%2Fwp%2Fv2%2Fmedia&parent=26"}],"curies":[{"name":"wp","href":"https:\/\/api.w.org\/{rel}","templated":true}]}}