{"id":2671,"date":"2021-01-10T17:26:10","date_gmt":"2021-01-10T16:26:10","guid":{"rendered":"http:\/\/praxiswoytas.de\/?page_id=2671"},"modified":"2021-01-10T17:26:10","modified_gmt":"2021-01-10T16:26:10","slug":"free-wifi-patienten-wlan","status":"publish","type":"page","link":"https:\/\/praxiswoytas.de\/?page_id=2671","title":{"rendered":"Free WiFi \/ Patienten WLAN"},"content":{"rendered":"\n<h1 class=\"wp-block-heading\">Internetzugang f\u00fcr Patienten<\/h1>\n\n\n\n<p>Zur Verk\u00fcrzung der Wartezeiten bietet die Praxis den Patienten einen kostenlosten Internet-Zugang \u00fcber ein \u00f6ffentliches WLAN Netzwerk \/ Free WiFi an.\u00a0Die Nutzung dieses Internetzugangs erfolgt unter der Voraussetzung, dass die Patienten bei der Anmeldung im WLAN die folgenden Nutzungsbestimmungen akzeptieren.\u00a0<\/p>\n\n\n\n<h2 class=\"wp-block-heading\"><br>Nutzungbestimmungen f\u00fcr Patienten WLAN<\/h2>\n\n\n\n<p><strong>1. Gegenstand und Geltungsbereich dieser Nutzungsbedingungen<\/strong><\/p>\n\n\n\n<p>Diese Nutzungsbedingungen regeln Ihre und unsere Rechte und Pflichten im Zusammenhang mit der Nutzung unseres Patienten-WLAN-Zugangs.<\/p>\n\n\n\n<p><strong>2. Unsere Leistungen<\/strong><\/p>\n\n\n\n<p>(1) Wir stellen Ihnen in unseren Gesch\u00e4ftsr\u00e4umen einen Zugang zum Internet in Form eines WLAN-Zugangs (\u201eWiFi Hotspot\u201c) zur kostenlosen Nutzung zur Verf\u00fcgung.<\/p>\n\n\n\n<p>(2) Die Bereitstellung des Hotspots richtet sich nach unseren jeweiligen technischen und betrieblichen M\u00f6glichkeiten. Ein Anspruch auf einen funktionsf\u00e4higen Hotspot oder eine bestimmte \u00f6rtliche Abdeckung des Hotspots besteht nicht.<\/p>\n\n\n\n<p>(3) Wir gew\u00e4hrleisten ferner nicht, dass der Hotspot st\u00f6rungs- und unterbrechungsfrei genutzt werden kann. Auch k\u00f6nnen wir keine \u00dcbertragungsgeschwindigkeiten gew\u00e4hrleisten.<\/p>\n\n\n\n<p>(4) Wir behalten uns das Recht vor, den Zugang zum Hotspot im Falle notwendiger technischer Reparatur- und Wartungsarbeiten ohne vorherige Ank\u00fcndigung zu \u00e4ndern, zu beschr\u00e4nken oder einzustellen.<\/p>\n\n\n\n<p>(5) Es besteht kein Anspruch darauf, dass bestimmte Dienste \u00fcber den Hotspot genutzt werden k\u00f6nnen. So k\u00f6nnen insbesondere Port-Sperrungen vorgenommen werden. In der Regel wird das Surfen im Internet und das Senden und Empfangen von E-Mails erm\u00f6glicht.<\/p>\n\n\n\n<p><strong>3. Zugang und Nutzung<\/strong><\/p>\n\n\n\n<p>(1) Wir bieten unser Patienten-WLAN nur f\u00fcr Besucher unserer Praxis an. Es handelt sich nicht um einen \u00f6ffentlich zug\u00e4nglichen Telekommunikationsdienst, sondern um ein internes WLAN f\u00fcr Patienten unserer Praxis.<\/p>\n\n\n\n<p>(2) Voraussetzung f\u00fcr eine Nutzung ist, dass Sie sich zuvor f\u00fcr die Nutzung des Hotspots registrieren und somit die Geltung dieser Nutzungsbedingungen zu Beginn der Nutzung des Hotspots akzeptieren<\/p>\n\n\n\n<p>(3) Es besteht kein Anspruch auf Nutzung des Hotspots. Uns steht es frei, den Zugang zum Hotspot jederzeit ohne Angabe von Gr\u00fcnden einzuschr\u00e4nken oder einzustellen.<\/p>\n\n\n\n<p>(4) Es gilt die jeweils aktuelle Fassung dieser Nutzungsbedingungen, die Ihnen bei der Anmeldung zum Hotspot abrufbar gemacht wird.<\/p>\n\n\n\n<p><strong>4. Zugangsdaten<\/strong><\/p>\n\n\n\n<p>(1) Die im Zuge der Registrierung genutzten Anmeldedaten (Benutzername, Passwort) sind von Ihnen unbefugten Dritten nicht zug\u00e4nglich zu machen.<\/p>\n\n\n\n<p>(2) Sie haften als Nutzer f\u00fcr jedwede Nutzung und\/oder sonstige Aktivit\u00e4t, die unter Ihren Zugangsdaten ausgef\u00fchrt wird, nach den gesetzlichen Bestimmungen.<\/p>\n\n\n\n<p><strong>5. Ihre Pflichten als Nutzer<\/strong><\/p>\n\n\n\n<p>(1) Sie sind verpflichtet, etwaige Informationen, die im Rahmen der Nutzung des Dienstes von Ihnen zu ihrer Person angegeben werden, wahrheitsgem\u00e4\u00df zu machen.<\/p>\n\n\n\n<p>(2) Sie sind verpflichtet, bei der Nutzung unseres Hotspots die geltenden Gesetze einzuhalten.<\/p>\n\n\n\n<p>(3) Weitere Pflichten, die sich aus anderen Bestimmungen dieser Nutzungsbedingungen ergeben, bleiben unber\u00fchrt.<\/p>\n\n\n\n<p><strong>6. Preise<\/strong><\/p>\n\n\n\n<p>Der Dienst wird kostenlos erbracht.<\/p>\n\n\n\n<p><strong>7. Verf\u00fcgbarkeit der Leistungen<\/strong><\/p>\n\n\n\n<p>Da unsere Leistungen unentgeltlich erbracht werden, haben Sie keinen Anspruch auf Nutzung des Hotspots. Wir bem\u00fchen uns jedoch um eine m\u00f6glichst unterbrechungsfreie Nutzbarkeit des Hotspots.<\/p>\n\n\n\n<p><strong>8. Verbotene Handlungen<\/strong><\/p>\n\n\n\n<p>Ihnen sind als Nutzer jegliche Handlungen bei der Nutzung des Hotspots untersagt, die gegen geltendes Recht versto\u00dfen, Rechte Dritter verletzen oder gegen die Grunds\u00e4tze des Jugendschutzes versto\u00dfen. Insbesondere sind folgende Handlungen untersagt:<\/p>\n\n\n\n<ul class=\"wp-block-list\"><li>das Einstellen, die Verbreitung, das Angebot und die Bewerbung pornografischer, gegen Jugendschutzgesetze, gegen Datenschutzrecht und\/oder gegen sonstiges Recht versto\u00dfender und\/oder betr\u00fcgerischer Inhalte, Dienste und\/oder Produkte;<\/li><li>die Ver\u00f6ffentlichung oder Zug\u00e4nglichmachung von Inhalten, durch die andere Teilnehmer oder Dritte beleidigt oder verleumdet werden;<\/li><li>die Nutzung, das Bereitstellen und das Verbreiten von Inhalten, Diensten und\/oder Produkten, die gesetzlich gesch\u00fctzt oder mit Rechten Dritter (z.B. Urheberrechte) belastet sind, ohne hierzu ausdr\u00fccklich berechtigt zu sein;<\/li><li>die \u00f6ffentliche Zug\u00e4nglichmachung von urheberrechtlich gesch\u00fctzten Werken oder sonstige urheberrechtswidrige Handlungen, insbesondere bei der Nutzung von sog. \u201eInternet-Tauschb\u00f6rsen\u201c oder File-Sharing-Diensten.<\/li><\/ul>\n\n\n\n<p>Des Weiteren sind auch unabh\u00e4ngig von einem eventuellen Gesetzesversto\u00df bei der Einstellung eigener Inhalte auf der Internetseite des Diensteanbieters sowie bei der Kommunikation mit anderen Nutzern (z.B. durch Versendung pers\u00f6nlicher Mitteilungen, durch die Teilnahme an Diskussionsforen etc.) die folgenden Aktivit\u00e4ten untersagt:<\/p>\n\n\n\n<ul class=\"wp-block-list\"><li>die \u00dcbertragung \u00fcberdurchschnittlich gro\u00dfer Datenmengen und insbesondere die anhaltende \u00dcbertragung solcher Datenmengen; das Hosting eines Web-Servers oder anderer Server durch Nutzung eines Hotspots des Diensteanbieters;<\/li><li>die \u00c4nderung der vorgegebenen DNS-Server in den Netzwerkeinstellungen des Hotspots des Diensteanbieters;<\/li><li>die Versendung von Junk- oder Spam-Mails sowie von Ketten-briefen;<\/li><li>die Verbreitung von Viren, Trojanern und anderen sch\u00e4dlichen Dateien;<\/li><li>die Verbreitung anz\u00fcglicher, anst\u00f6\u00dfiger, sexuell gepr\u00e4gter, obsz\u00f6ner oder diffamierender Inhalte bzw. Kommunikation sowie solcher Inhalte bzw. Kommunikation die geeignet sind\/ist, Rassismus, Fanatismus, Hass, k\u00f6rperliche Gewalt oder rechtswidrige Handlungen zu f\u00f6rdern bzw. zu unterst\u00fctzen (jeweils explizit oder implizit);<\/li><li>die Aufforderung anderer Nutzer oder Dritter zur Preisgabe von Kennw\u00f6rtern oder personenbezogener Daten f\u00fcr kommerzielle oder rechts- bzw. gesetzeswidrige Zwecke.<\/li><\/ul>\n\n\n\n<p>Ebenfalls untersagt ist jede Handlung, die geeignet ist, den reibungslosen Betrieb unseres Hotspots zu beeintr\u00e4chtigen, insbesondere unsere Systeme unverh\u00e4ltnism\u00e4\u00dfig hoch zu belasten.<\/p>\n\n\n\n<p><strong>9. Sperrung von Zug\u00e4ngen<\/strong><\/p>\n\n\n\n<p>Wir k\u00f6nnen Ihren Zugang zum Hotspot jederzeit vor\u00fcbergehend oder dauerhaft sperren, wenn konkrete Anhaltspunkte vorliegen, dass Sie gegen diese Nutzungsbedingungen und\/oder geltendes Recht versto\u00dfen, versto\u00dfen haben oder wenn wir ein sonstiges berechtigtes Interesse an der Sperrung haben.<\/p>\n\n\n\n<p><strong>10. Haftungsfreistellung<\/strong><\/p>\n\n\n\n<p>(1) Sie sind als Nutzer f\u00fcr alle ihre Handlungen, die Sie im Zusammenhang mit der Nutzung des Internets \u00fcber unseren Hotspot vornehmen, selbst verantwortlich.<\/p>\n\n\n\n<p>(2) Sie stellen uns von s\u00e4mtlichen Forderungen, die Dritte gegen uns wegen eines Versto\u00dfes des Nutzers gegen gesetzliche Vorschriften, gegen Rechte Dritter (insbesondere Pers\u00f6nlichkeits-, Urheber- und Markenrechte) oder gegen vertragliche Pflichten, Zusicherungen oder Garantien geltend machen, einschlie\u00dflich der Kosten der notwendigen Rechtsverteidigung (Rechtsanwalts- und Gerichtskosten in gesetzlicher H\u00f6he) auf erstes Anfordern frei.<\/p>\n\n\n\n<p>(3) Sie sind verpflichtet, im Falle der Geltendmachung von Anspr\u00fcchen im Sinne von Ziff. 10 Absatz 2 unverz\u00fcglich und vollst\u00e4ndig bei der Sachverhaltsaufkl\u00e4rung mitzuwirken und uns die hierzu erforderlichen Angaben in geeigneter Weise zug\u00e4nglich zu machen.<\/p>\n\n\n\n<p><strong>11. Haftungsbeschr\u00e4nkung<\/strong><\/p>\n\n\n\n<p>(1) Wir haften bei Vorsatz oder grober Fahrl\u00e4ssigkeit f\u00fcr alle von uns verursachten Sch\u00e4den unbeschr\u00e4nkt.<\/p>\n\n\n\n<p>(2) Bei leichter Fahrl\u00e4ssigkeit haften wir im Fall der Verletzung des Lebens, des K\u00f6rpers oder der Gesundheit unbeschr\u00e4nkt.<\/p>\n\n\n\n<p>(3) Im \u00dcbrigen haften wir nur, soweit wir eine wesentliche Vertragspflicht verletzt haben. Als wesentliche Vertragspflichten werden dabei abstrakt solche Pflichten bezeichnet, deren Erf\u00fcllung die ordnungsgem\u00e4\u00dfe Durchf\u00fchrung des Vertrages \u00fcberhaupt erst erm\u00f6glicht und auf deren Einhaltung der Nutzer regelm\u00e4\u00dfig vertrauen darf. In diesen F\u00e4llen ist die Haftung auf den Ersatz des vorhersehbaren, typischerweise eintretenden Schadens beschr\u00e4nkt.<\/p>\n\n\n\n<p>(4) Soweit unsere Haftung nach den vorgenannten Vorschriften ausgeschlossen oder beschr\u00e4nkt wird, gilt dies auch f\u00fcr unsere Erf\u00fcllungsgehilfen.<\/p>\n\n\n\n<p>(5) Die Haftung nach dem Produkthaftungsgesetz bleibt unber\u00fchrt.<\/p>\n\n\n\n<p><strong>12. Datenschutz<\/strong><\/p>\n\n\n\n<p>(1) Wir tragen Sorge daf\u00fcr, dass Ihre personenbezogenen Daten nur erhoben, gespeichert und verarbeitet werden, soweit dies zur vertragsgem\u00e4\u00dfen Leistungserbringung erforderlich und durch gesetzliche Vorschriften erlaubt, oder vom Gesetzgeber angeordnet ist.<\/p>\n\n\n\n<p>(2) F\u00fcr den Fall, dass im Rahmen der Nutzung unserer Leistungen datenschutzrechtliche Einwilligungserkl\u00e4rungen von Ihnen eingeholt werden, wird darauf hingewiesen, dass Sie diese jederzeit mit Wirkung f\u00fcr die Zukunft widerrufen k\u00f6nnen.<\/p>\n\n\n\n<p>(3) Um die Leistungen des Hotspots f\u00fcr Sie zu erbringen, ist die Verwendung von personenbezogenen Daten Ihres Endger\u00e4tes erforderlich. In dem Zusammenhang werden ggf. auch die MAC-Adressen von Endger\u00e4ten tempor\u00e4r gespeichert. Ferner werden wir ggf. Protokolldaten (\u201eLogfiles\u201c) \u00fcber Art und Umfang der Nutzung der Dienstleistungen speichern. Diese Daten k\u00f6nnen nicht unmittelbar Ihrer Person zugeordnet werden.<\/p>\n\n\n\n<p><strong>13. Schlussbestimmungen<\/strong><\/p>\n\n\n\n<p>(1) Es gilt das Recht der Bundesrepublik Deutschland, wobei die Geltung des UN-Kaufrechts ausgeschlossen wird.<\/p>\n\n\n\n<p>(2) Sollten einzelne Bestimmungen dieser Nutzungsbedingungen unwirksam sein oder werden, so ber\u00fchrt dies die Wirksamkeit der \u00fcbrigen Bestimmungen nicht.<\/p>\n","protected":false},"excerpt":{"rendered":"<p>Internetzugang f\u00fcr Patienten Zur Verk\u00fcrzung der Wartezeiten bietet die Praxis den Patienten einen kostenlosten Internet-Zugang \u00fcber ein \u00f6ffentliches WLAN Netzwerk \/ Free WiFi an.\u00a0Die Nutzung dieses Internetzugangs erfolgt unter der Voraussetzung, dass die Patienten bei der Anmeldung im WLAN die folgenden Nutzungsbestimmungen akzeptieren.\u00a0 Nutzungbestimmungen f\u00fcr Patienten WLAN 1. Gegenstand und<span class=\"more-link\"><a href=\"https:\/\/praxiswoytas.de\/?page_id=2671\">*** weiter lesen *** <\/a><\/span><\/p>\n","protected":false},"author":2,"featured_media":0,"parent":402,"menu_order":0,"comment_status":"closed","ping_status":"closed","template":"","meta":{"footnotes":""},"class_list":["entry","author-woytas","post-2671","page","type-page","status-publish"],"_links":{"self":[{"href":"https:\/\/praxiswoytas.de\/index.php?rest_route=\/wp\/v2\/pages\/2671","targetHints":{"allow":["GET"]}}],"collection":[{"href":"https:\/\/praxiswoytas.de\/index.php?rest_route=\/wp\/v2\/pages"}],"about":[{"href":"https:\/\/praxiswoytas.de\/index.php?rest_route=\/wp\/v2\/types\/page"}],"author":[{"embeddable":true,"href":"https:\/\/praxiswoytas.de\/index.php?rest_route=\/wp\/v2\/users\/2"}],"replies":[{"embeddable":true,"href":"https:\/\/praxiswoytas.de\/index.php?rest_route=%2Fwp%2Fv2%2Fcomments&post=2671"}],"version-history":[{"count":1,"href":"https:\/\/praxiswoytas.de\/index.php?rest_route=\/wp\/v2\/pages\/2671\/revisions"}],"predecessor-version":[{"id":2672,"href":"https:\/\/praxiswoytas.de\/index.php?rest_route=\/wp\/v2\/pages\/2671\/revisions\/2672"}],"up":[{"embeddable":true,"href":"https:\/\/praxiswoytas.de\/index.php?rest_route=\/wp\/v2\/pages\/402"}],"wp:attachment":[{"href":"https:\/\/praxiswoytas.de\/index.php?rest_route=%2Fwp%2Fv2%2Fmedia&parent=2671"}],"curies":[{"name":"wp","href":"https:\/\/api.w.org\/{rel}","templated":true}]}}