{"id":272,"date":"2010-03-18T00:12:00","date_gmt":"2010-03-17T23:12:00","guid":{"rendered":"http:\/\/woytas.de\/praxis\/?page_id=272"},"modified":"2010-03-18T00:17:40","modified_gmt":"2010-03-17T23:17:40","slug":"schwangerschaft","status":"publish","type":"page","link":"https:\/\/praxiswoytas.de\/?page_id=272","title":{"rendered":"Schwangerschaft"},"content":{"rendered":"<p style=\"text-align: justify;\">Bis zur 36. Schwangerschaftswoche, bzw. bis vier Wochen vor dem voraussichtlichen Entbindungstermin, k\u00f6nnen werdende M\u00fctter mit einem unkomplizierten Schwangerschaftsverlauf ohne gyn\u00e4kologisches Attest auf Lufthansa Fl\u00fcgen reisen.<\/p>\n<p style=\"text-align: justify;\">Eine Ausnahmegenehmigung f\u00fcr einen Flug nach der 36. Schwangerschaftswoche kann nur \u00fcber den Medizinischen Dienst der Lufthansa eingeholt werden. Gleiches gilt im Falle einer komplizierten Schwangerschaft wie z.B. Mehrlingsschwangerschaft, vorzeitige Wehent\u00e4tigkeit usw.<\/p>\n<p style=\"text-align: justify;\">W\u00e4hrend der gesamten Schwangerschaftszeit besteht zudem ein erh\u00f6htes Thromboserisiko, deshalb unser Tipp: W\u00e4hrend des Fluges Beine hoch lagern und St\u00fctzstr\u00fcmpfe tragen.<\/p>\n<p style=\"text-align: justify;\">Am besten, Sie sprechen vor einer geplanten Flugreise mit Ihrem behandelnden Arzt, um eventuell vorhandene Risiken auszuschlie\u00dfen.<\/p>\n<p style=\"text-align: justify;\"><strong>Bitte beachten Sie, dass f\u00fcr Fl\u00fcge von und nach <\/strong><strong><span style=\"text-decoration: underline;\">Kanada<\/span> besondere Bestimmungen w\u00e4hrend der Schwangerschaft gelten:<\/strong><\/p>\n<p style=\"text-align: justify;\">Schwangere mit Schwangerschaften ohne Komplikationen k\u00f6nnen bis zur 36. Schwangerschaftswoche bzw. bis zu vier Wochen vor dem erwarteten Entbindungstermin ohne \u00e4rztliches Attest mit Carrierfl\u00fcgen reisen.<\/p>\n<p style=\"text-align: justify;\">Nach der 28. Schwangerschaftswoche sollten Schwangere ein aktuelles Attest eines Arztes mit sich f\u00fchren, in dem ausgewiesen ist, dass die Schwangerschaft unkompliziert verl\u00e4uft. Auch sollte der erwartete Entbindungstermin aufgef\u00fchrt sein. Der Arzt sollte ausdr\u00fccklich erw\u00e4hnen, dass die Schwangerschaft die Patientin nicht an Flugreisen hindert.<\/p>\n<p style=\"text-align: justify;\">Nach der 36. Schwangerschaftswoche m\u00fcssen Schwangere ein \u00e4rztliches Attest vorlegen, das zum geplanten Zeitpunkt des Abfluges nicht \u00e4lter als 72 Stunden sein darf. In diesem Attest muss aufgef\u00fchrt sein, dass der Arzt die Patientin untersucht hat und sie k\u00f6rperlich zu einer Flugreise in der Lage ist. Dar\u00fcber hinaus muss der gesch\u00e4tzte Entbindungstermin aufgef\u00fchrt werden.<\/p>\n<p style=\"text-align: justify;\"><em>(Quelle: <a title=\"lh\" href=\"http:\/\/www.lufthansa.com\/online\/portal\/lh\/de\/info_and_services\/travel_preparation?nodeid=1757499&amp;l=de&amp;cid=18002\" target=\"_blank\">www.lufthansa.de<\/a>)<\/em><\/p>\n<p style=\"text-align: justify;\"><strong><\/strong><\/p>\n","protected":false},"excerpt":{"rendered":"<p>Bis zur 36. Schwangerschaftswoche, bzw. bis vier Wochen vor dem voraussichtlichen Entbindungstermin, k\u00f6nnen werdende M\u00fctter mit einem unkomplizierten Schwangerschaftsverlauf ohne gyn\u00e4kologisches Attest auf Lufthansa Fl\u00fcgen reisen. Eine Ausnahmegenehmigung f\u00fcr einen Flug nach der 36. Schwangerschaftswoche kann nur \u00fcber den Medizinischen Dienst der Lufthansa eingeholt werden. Gleiches gilt im Falle einer<span class=\"more-link\"><a href=\"https:\/\/praxiswoytas.de\/?page_id=272\">*** weiter lesen *** <\/a><\/span><\/p>\n","protected":false},"author":2,"featured_media":0,"parent":182,"menu_order":0,"comment_status":"closed","ping_status":"closed","template":"","meta":{"footnotes":""},"class_list":["entry","author-woytas","post-272","page","type-page","status-publish"],"_links":{"self":[{"href":"https:\/\/praxiswoytas.de\/index.php?rest_route=\/wp\/v2\/pages\/272","targetHints":{"allow":["GET"]}}],"collection":[{"href":"https:\/\/praxiswoytas.de\/index.php?rest_route=\/wp\/v2\/pages"}],"about":[{"href":"https:\/\/praxiswoytas.de\/index.php?rest_route=\/wp\/v2\/types\/page"}],"author":[{"embeddable":true,"href":"https:\/\/praxiswoytas.de\/index.php?rest_route=\/wp\/v2\/users\/2"}],"replies":[{"embeddable":true,"href":"https:\/\/praxiswoytas.de\/index.php?rest_route=%2Fwp%2Fv2%2Fcomments&post=272"}],"version-history":[{"count":2,"href":"https:\/\/praxiswoytas.de\/index.php?rest_route=\/wp\/v2\/pages\/272\/revisions"}],"predecessor-version":[{"id":279,"href":"https:\/\/praxiswoytas.de\/index.php?rest_route=\/wp\/v2\/pages\/272\/revisions\/279"}],"up":[{"embeddable":true,"href":"https:\/\/praxiswoytas.de\/index.php?rest_route=\/wp\/v2\/pages\/182"}],"wp:attachment":[{"href":"https:\/\/praxiswoytas.de\/index.php?rest_route=%2Fwp%2Fv2%2Fmedia&parent=272"}],"curies":[{"name":"wp","href":"https:\/\/api.w.org\/{rel}","templated":true}]}}