{"id":274,"date":"2010-03-18T00:15:50","date_gmt":"2010-03-17T23:15:50","guid":{"rendered":"http:\/\/woytas.de\/praxis\/?page_id=274"},"modified":"2010-03-18T00:16:03","modified_gmt":"2010-03-17T23:16:03","slug":"ohrenschmerzen","status":"publish","type":"page","link":"https:\/\/praxiswoytas.de\/?page_id=274","title":{"rendered":"Ohrenschmerzen"},"content":{"rendered":"<p>M\u00f6gliche Ursachen f\u00fcr Ohrenschmerzen an Bord<\/p>\n<p>Der Luftdruck in Verkehrsflugzeugen kann in der Kabine bis auf ein Niveau absinken, das einer H\u00f6he von etwa 2.500 Metern \u00fcber dem Meeresspiegel entspricht. Dadurch kommt es gelegentlich bei Flugg\u00e4sten zu Ohrenschmerzen.<\/p>\n<p>Diese treten vor allem dann auf, wenn der Druckausgleich zwischen dem Mittelohr und den umgebenden Druckverh\u00e4ltnissen nicht stattfinden kann. Insbesondere bei Erk\u00e4ltungskrankheiten mit einer Anschwellung der Nase und des Verbindungsganges zwischen Rachenhinterraum und Mittelohr (die sogenannte Eustachische R\u00f6hre) kann es zu solchen Beschwerden kommen.<\/p>\n<p><strong>Weniger problematisch: der Start<\/strong><br \/>\nWenig problematisch sind meistens der Start und der anschlie\u00dfende H\u00f6henaufstieg. Denn hier entsteht in der Kabine ein Unterdruck. Der im Mittelohr bestehende \u00dcberdruck kann dann sogar bei einer Erk\u00e4ltung relativ leicht \u00fcber die Eustachische R\u00f6hre ausgeglichen werden.<\/p>\n<p><strong>Bei Erk\u00e4ltung schmerzhaft: die Landung<\/strong><br \/>\nProbleme bereitet h\u00e4ufiger die Landung, denn bei einem H\u00f6henabstieg mit wieder steigendem Kabinendruck besteht die M\u00f6glichkeit, dass der nat\u00fcrliche Druckausgleich durch eine erk\u00e4ltungsbedingte Schleimhautschwellung gest\u00f6rt wird. Es kommt dann zu einem Unterdruck im Mittelohr mit einer Belastung des Trommelfells, die schmerzhaft sein kann.<\/p>\n<p><strong>Das k\u00f6nnen Sie tun, um Ohrenschmerzen vorzubeugen<\/strong><\/p>\n<ul>\n<li>Die wichtigste Technik, um einen Druckausgleich zu erm\u00f6glichen, ist die sogenannte Valsalva-Methode: Halten Sie sich die Nase zu und pressen Sie Luft kr\u00e4ftig bei geschlossenem Mund in den Rachenhinterraum. Dadurch wird die Eustachische R\u00f6hre ge\u00f6ffnet und ein Druckausgleich erm\u00f6glicht.<\/li>\n<li>Zur Vorbeugung k\u00f6nnen Sie etwa eine halbe Stunde bevor das Flugzeug die Reiseflugh\u00f6he verl\u00e4sst ein abschwellendes Nasenspray in beide Nasen\u00f6ffnungen geben. Die Verbindungsg\u00e4nge zwischen Nasennebenh\u00f6hlen und Mittelohr werden dann wieder frei und erm\u00f6glichen den Druckausgleich zwischen den \u00e4u\u00dferen Druckverh\u00e4ltnissen und dem Mittelohr.Zus\u00e4tzlich k\u00f6nnen Sie durch Kaubewegungen den Druckausgleich beschleunigen. Am besten, Sie nehmen ein paar Kaugummis mit. Aber auch durch bewusstes G\u00e4hnen k\u00f6nnen Sie den Druckausgleich verst\u00e4rken.<\/li>\n<li>Bei einer schweren entz\u00fcndlichen Erkrankung der Nasennebenh\u00f6hlen sollten Sie auf jeden Fall vor dem Flug den behandelnden Arzt befragen.<\/li>\n<\/ul>\n<p style=\"text-align: left;\"><em>(Quelle: <a title=\"lh\" href=\"http:\/\/www.lufthansa.com\/online\/portal\/lh\/de\/info_and_services\/travel_preparation?nodeid=1757420&amp;l=de&amp;cid=18002\" target=\"_blank\">www.lufthansa.de<\/a>)<\/em><\/p>\n","protected":false},"excerpt":{"rendered":"<p>M\u00f6gliche Ursachen f\u00fcr Ohrenschmerzen an Bord Der Luftdruck in Verkehrsflugzeugen kann in der Kabine bis auf ein Niveau absinken, das einer H\u00f6he von etwa 2.500 Metern \u00fcber dem Meeresspiegel entspricht. Dadurch kommt es gelegentlich bei Flugg\u00e4sten zu Ohrenschmerzen. Diese treten vor allem dann auf, wenn der Druckausgleich zwischen dem Mittelohr<span class=\"more-link\"><a href=\"https:\/\/praxiswoytas.de\/?page_id=274\">*** weiter lesen *** <\/a><\/span><\/p>\n","protected":false},"author":2,"featured_media":0,"parent":182,"menu_order":0,"comment_status":"closed","ping_status":"closed","template":"","meta":{"footnotes":""},"class_list":["entry","author-woytas","post-274","page","type-page","status-publish"],"_links":{"self":[{"href":"https:\/\/praxiswoytas.de\/index.php?rest_route=\/wp\/v2\/pages\/274","targetHints":{"allow":["GET"]}}],"collection":[{"href":"https:\/\/praxiswoytas.de\/index.php?rest_route=\/wp\/v2\/pages"}],"about":[{"href":"https:\/\/praxiswoytas.de\/index.php?rest_route=\/wp\/v2\/types\/page"}],"author":[{"embeddable":true,"href":"https:\/\/praxiswoytas.de\/index.php?rest_route=\/wp\/v2\/users\/2"}],"replies":[{"embeddable":true,"href":"https:\/\/praxiswoytas.de\/index.php?rest_route=%2Fwp%2Fv2%2Fcomments&post=274"}],"version-history":[{"count":3,"href":"https:\/\/praxiswoytas.de\/index.php?rest_route=\/wp\/v2\/pages\/274\/revisions"}],"predecessor-version":[{"id":277,"href":"https:\/\/praxiswoytas.de\/index.php?rest_route=\/wp\/v2\/pages\/274\/revisions\/277"}],"up":[{"embeddable":true,"href":"https:\/\/praxiswoytas.de\/index.php?rest_route=\/wp\/v2\/pages\/182"}],"wp:attachment":[{"href":"https:\/\/praxiswoytas.de\/index.php?rest_route=%2Fwp%2Fv2%2Fmedia&parent=274"}],"curies":[{"name":"wp","href":"https:\/\/api.w.org\/{rel}","templated":true}]}}