{"id":282,"date":"2010-03-18T00:25:47","date_gmt":"2010-03-17T23:25:47","guid":{"rendered":"http:\/\/woytas.de\/praxis\/?page_id=282"},"modified":"2014-02-09T18:46:23","modified_gmt":"2014-02-09T17:46:23","slug":"belastungs-ekg-ergometrie","status":"publish","type":"page","link":"https:\/\/praxiswoytas.de\/?page_id=282","title":{"rendered":"Belastungs-EKG (Ergometrie)"},"content":{"rendered":"<p style=\"text-align: justify;\">Ein Belastungs-EKG (Ergometrie) besteht aus einem  Ruhe-EKG und EKG-Registrierungen unter festgelegten Belastungsstufen. Die Belastung erfolgt auf einem Liegergometer. Zu jeder Belastungsstufe registrien wir den Blutdruck. Die  Belastung erfolgt bis zur Ersch\u00f6pfung des Patienten  oder  bis hoher  Blutdruck oder bestimmte EKG-Ver\u00e4nderungen auftreten.<\/p>\n<p style=\"text-align: justify;\">Mit dem Belastungs-EKG \u00fcberpr\u00fcfen wir die Kreislauf- und Blutdrucksituation der Patienten.<\/p>\n<p style=\"text-align: justify;\">Dies ist vor allem dann sinnvoll, wenn untrainierte Menschen wieder sportlich aktiv werden wollen (Sporttauglichkeitsuntersuchung). Sie kann jedoch auch zur \u00dcberpr\u00fcfung von medikament\u00f6sen Behandlungen eines erh\u00f6hten Blutdrucks genutzt werden.<\/p>\n<p style=\"text-align: justify;\">Eine Ergometrie setzen wir ein zur Erkennung von  Durchblutungsst\u00f6rungen des Herzens und von  belastungsabh\u00e4ngigen Herzrhythmusst\u00f6rungen.<\/p>\n<p style=\"text-align: justify; margin-top: 0px; margin-bottom: 6px;\">Das Schweizer Taschenmesser f\u00fcr Herz-Kreislaufdiagnostik von <a href=\"http:\/\/www.schillermed.de\" target=\"_blank\">Schiller<\/a> arbeit zuverl\u00e4ssig f\u00fcr Sie:<\/p>\n<p style=\"text-align: justify; margin-top: 0px; margin-bottom: 6px;\"><img loading=\"lazy\" decoding=\"async\" class=\"alignnone size-medium wp-image-1662\" title=\"zoom_200x146_at-10420pc1\" src=\"http:\/\/praxiswoytas.de\/wp-content\/uploads\/2010\/03\/zoom_200x146_at-10420pc1-300x219.jpg\" alt=\"zoom_200x146_at-10420pc1\" width=\"206\" height=\"150\" srcset=\"https:\/\/praxiswoytas.de\/wp-content\/uploads\/2010\/03\/zoom_200x146_at-10420pc1-300x219.jpg 300w, https:\/\/praxiswoytas.de\/wp-content\/uploads\/2010\/03\/zoom_200x146_at-10420pc1.jpg 700w\" sizes=\"auto, (max-width: 206px) 100vw, 206px\" \/><img loading=\"lazy\" decoding=\"async\" class=\"alignnone size-full wp-image-1661\" title=\"200x259_erg_911_sl1\" src=\"http:\/\/praxiswoytas.de\/wp-content\/uploads\/2010\/03\/200x259_erg_911_sl1.jpg\" alt=\"200x259_erg_911_sl1\" width=\"116\" height=\"150\" \/><img loading=\"lazy\" decoding=\"async\" class=\"alignnone size-medium wp-image-1672\" title=\"2010310949446552\" src=\"http:\/\/praxiswoytas.de\/wp-content\/uploads\/2010\/03\/2010310949446552-300x204.jpg\" alt=\"2010310949446552\" width=\"221\" height=\"150\" srcset=\"https:\/\/praxiswoytas.de\/wp-content\/uploads\/2010\/03\/2010310949446552-300x204.jpg 300w, https:\/\/praxiswoytas.de\/wp-content\/uploads\/2010\/03\/2010310949446552.jpg 450w\" sizes=\"auto, (max-width: 221px) 100vw, 221px\" \/><\/p>\n<p style=\"text-align: justify;\">\n<p style=\"text-align: justify;\">\n","protected":false},"excerpt":{"rendered":"<p>Ein Belastungs-EKG (Ergometrie) besteht aus einem Ruhe-EKG und EKG-Registrierungen unter festgelegten Belastungsstufen. Die Belastung erfolgt auf einem Liegergometer. Zu jeder Belastungsstufe registrien wir den Blutdruck. Die Belastung erfolgt bis zur Ersch\u00f6pfung des Patienten oder bis hoher Blutdruck oder bestimmte EKG-Ver\u00e4nderungen auftreten. Mit dem Belastungs-EKG \u00fcberpr\u00fcfen wir die Kreislauf- und Blutdrucksituation<span class=\"more-link\"><a href=\"https:\/\/praxiswoytas.de\/?page_id=282\">*** weiter lesen *** <\/a><\/span><\/p>\n","protected":false},"author":2,"featured_media":0,"parent":188,"menu_order":0,"comment_status":"closed","ping_status":"closed","template":"","meta":{"footnotes":""},"class_list":["entry","author-woytas","post-282","page","type-page","status-publish"],"_links":{"self":[{"href":"https:\/\/praxiswoytas.de\/index.php?rest_route=\/wp\/v2\/pages\/282","targetHints":{"allow":["GET"]}}],"collection":[{"href":"https:\/\/praxiswoytas.de\/index.php?rest_route=\/wp\/v2\/pages"}],"about":[{"href":"https:\/\/praxiswoytas.de\/index.php?rest_route=\/wp\/v2\/types\/page"}],"author":[{"embeddable":true,"href":"https:\/\/praxiswoytas.de\/index.php?rest_route=\/wp\/v2\/users\/2"}],"replies":[{"embeddable":true,"href":"https:\/\/praxiswoytas.de\/index.php?rest_route=%2Fwp%2Fv2%2Fcomments&post=282"}],"version-history":[{"count":4,"href":"https:\/\/praxiswoytas.de\/index.php?rest_route=\/wp\/v2\/pages\/282\/revisions"}],"predecessor-version":[{"id":284,"href":"https:\/\/praxiswoytas.de\/index.php?rest_route=\/wp\/v2\/pages\/282\/revisions\/284"}],"up":[{"embeddable":true,"href":"https:\/\/praxiswoytas.de\/index.php?rest_route=\/wp\/v2\/pages\/188"}],"wp:attachment":[{"href":"https:\/\/praxiswoytas.de\/index.php?rest_route=%2Fwp%2Fv2%2Fmedia&parent=282"}],"curies":[{"name":"wp","href":"https:\/\/api.w.org\/{rel}","templated":true}]}}