{"id":286,"date":"2010-03-18T00:40:44","date_gmt":"2010-03-17T23:40:44","guid":{"rendered":"http:\/\/woytas.de\/praxis\/langzeit-blutdruckmessung\/"},"modified":"2014-02-09T18:51:13","modified_gmt":"2014-02-09T17:51:13","slug":"langzeit-blutdruckmessung","status":"publish","type":"page","link":"https:\/\/praxiswoytas.de\/?page_id=286","title":{"rendered":"Langzeit-Blutdruckmessung"},"content":{"rendered":"<p>W\u00e4hrend der Langzeit-Blutdruckmessung wird der Blutdruck tags\u00fcber viertel \u2013 st\u00fcndlich und nachts halb-st\u00fcndlich gemessen. Nach der Untersuchung erhalten Sie den Ausdruck.<\/p>\n<p>In der Regel wird das Ger\u00e4t morgens um 8.00 Uhr angelegt und am folgenden Tag um 8.00 Uhr in der Praxis abgegeben.\u00a0Bitte halten Sie w\u00e4hrend der Messung den Arm ruhig ohne Muskelanspannung, da es sonst zu Fehlmessungen kommen kann. Bei einer Fehlmessung misst das Ger\u00e4t nochmals und dann evtl. mit erh\u00f6htem Druck. Anhand der Ergebnisse erfolgt eine individuelle Behandlung. Eine medikament\u00f6se Unter- als auch \u00dcber-Therapie wird dadurch vermieden.<\/p>\n<p>Es ist sinnvoll, die Messung w\u00e4hrend eines ganz normalen Tagesablaufs durchzuf\u00fchren. Das Ger\u00e4t schr\u00e4nkt Ihre Aktivit\u00e4ten nicht ein.<\/p>\n<p>Wir setzen auf Qualit\u00e4tstechnologie von Bosch&amp;Sohn und Spacelabs Healthcare:<\/p>\n<p><a href=\"http:\/\/www.spacelabshealthcare.com\/diagnostic-cardiology\/abp-monitoring\/abp-monitors\/\" target=\"_blank\"><img loading=\"lazy\" decoding=\"async\" class=\"alignnone\" src=\"http:\/\/www.spacelabshealthcare.com\/wp-content\/uploads\/2013\/08\/ABP-monitors-1transparent.png\" alt=\"\" width=\"150\" height=\"80\" \/><\/a><a href=\"http:\/\/www.boso.de\/produkte\/blutdruckmessgeraete-fuer-arzt-und-klinik\/24-stunden-messgeraete.html\" target=\"_blank\"><img loading=\"lazy\" decoding=\"async\" class=\"alignnone\" src=\"http:\/\/www.boso.de\/uploads\/pics\/tm2430-g.jpg\" alt=\"\" width=\"150\" height=\"80\" \/><\/a><a href=\"http:\/\/www.boso.de\/produkte\/blutdruckmessgeraete-fuer-arzt-und-klinik\/24-stunden-messgeraete.html\" target=\"_blank\"><\/a><\/p>\n<p><a href=\"http:\/\/www.boso.de\/produkte\/blutdruckmessgeraete-fuer-arzt-und-klinik\/24-stunden-messgeraete.html\" target=\"_blank\"><img loading=\"lazy\" decoding=\"async\" class=\"alignnone size-thumbnail wp-image-1674\" title=\"boso-tm-2430-pc-2_ueberlage1\" src=\"http:\/\/praxiswoytas.de\/wp-content\/uploads\/2010\/03\/boso-tm-2430-pc-2_ueberlage1-150x150.gif\" alt=\"boso-tm-2430-pc-2_ueberlage1\" width=\"150\" height=\"150\" \/><img loading=\"lazy\" decoding=\"async\" class=\"alignnone size-thumbnail wp-image-1675\" title=\"boso-tm-2430-pc-2_profilaus1\" src=\"http:\/\/praxiswoytas.de\/wp-content\/uploads\/2010\/03\/boso-tm-2430-pc-2_profilaus1-150x150.gif\" alt=\"boso-tm-2430-pc-2_profilaus1\" width=\"150\" height=\"150\" \/><\/a><\/p>\n","protected":false},"excerpt":{"rendered":"<p>W\u00e4hrend der Langzeit-Blutdruckmessung wird der Blutdruck tags\u00fcber viertel \u2013 st\u00fcndlich und nachts halb-st\u00fcndlich gemessen. Nach der Untersuchung erhalten Sie den Ausdruck. In der Regel wird das Ger\u00e4t morgens um 8.00 Uhr angelegt und am folgenden Tag um 8.00 Uhr in der Praxis abgegeben.\u00a0Bitte halten Sie w\u00e4hrend der Messung den Arm<span class=\"more-link\"><a href=\"https:\/\/praxiswoytas.de\/?page_id=286\">*** weiter lesen *** <\/a><\/span><\/p>\n","protected":false},"author":2,"featured_media":0,"parent":188,"menu_order":0,"comment_status":"closed","ping_status":"closed","template":"","meta":{"footnotes":""},"class_list":["entry","author-woytas","post-286","page","type-page","status-publish"],"_links":{"self":[{"href":"https:\/\/praxiswoytas.de\/index.php?rest_route=\/wp\/v2\/pages\/286","targetHints":{"allow":["GET"]}}],"collection":[{"href":"https:\/\/praxiswoytas.de\/index.php?rest_route=\/wp\/v2\/pages"}],"about":[{"href":"https:\/\/praxiswoytas.de\/index.php?rest_route=\/wp\/v2\/types\/page"}],"author":[{"embeddable":true,"href":"https:\/\/praxiswoytas.de\/index.php?rest_route=\/wp\/v2\/users\/2"}],"replies":[{"embeddable":true,"href":"https:\/\/praxiswoytas.de\/index.php?rest_route=%2Fwp%2Fv2%2Fcomments&post=286"}],"version-history":[{"count":8,"href":"https:\/\/praxiswoytas.de\/index.php?rest_route=\/wp\/v2\/pages\/286\/revisions"}],"predecessor-version":[{"id":1677,"href":"https:\/\/praxiswoytas.de\/index.php?rest_route=\/wp\/v2\/pages\/286\/revisions\/1677"}],"up":[{"embeddable":true,"href":"https:\/\/praxiswoytas.de\/index.php?rest_route=\/wp\/v2\/pages\/188"}],"wp:attachment":[{"href":"https:\/\/praxiswoytas.de\/index.php?rest_route=%2Fwp%2Fv2%2Fmedia&parent=286"}],"curies":[{"name":"wp","href":"https:\/\/api.w.org\/{rel}","templated":true}]}}