{"id":287,"date":"2010-03-18T00:41:34","date_gmt":"2010-03-17T23:41:34","guid":{"rendered":"http:\/\/woytas.de\/praxis\/angebot-ausstattung\/diagnostikverfahren\/lungenfunktionsprufung\/"},"modified":"2014-02-09T18:43:18","modified_gmt":"2014-02-09T17:43:18","slug":"lungenfunktionsprufung","status":"publish","type":"page","link":"https:\/\/praxiswoytas.de\/?page_id=287","title":{"rendered":"Lungenfunktionspr\u00fcfung"},"content":{"rendered":"<p style=\"text-align: justify;\">Die Lungenfunktionspr\u00fcfung kann verschiedene St\u00f6rungen der Lungen- bzw. Bronchialfunktionen unterscheiden. Die\u00a0\u00a0 Untersuchung dient dazu ob Atemnot durch eine Lungen-, Bronchial- oder Herzerkrankung verursacht wird.<\/p>\n<p style=\"text-align: justify;\">Bei der Untersuchung wird in ein Ger\u00e4t, das Spirometer, geatmet. Dabei ist besonders darauf zu achten, dass nach tiefer Einatmung so schnell und vollst\u00e4ndig wie m\u00f6glich ausgeatmet wird. Eine\u00a0 Nasenklammer verhindert, dass Luft durch die Nase entweicht.<\/p>\n<p style=\"text-align: justify;\">Manchmal sind mehrere Versuche notwendig, um ein verwertbares Ergebnis zu erhalten. Die Ergebnisse zeigen, ob m\u00f6gliche krankhafte Ver\u00e4nderungen durch eine\u00a0\u00a0 Verengung der Bronchien, (z.B. Asthma bronchiale) oder ob die Ver\u00e4nderungen von einer Lungen-Ger\u00fcstst\u00f6rung z.B. vermindertes Lungenvolumen wie bei Lungen\u00fcberbl\u00e4hung (Emphysem) gegeben ist.<\/p>\n<p style=\"text-align: justify;\">\n<p style=\"text-align: justify; margin-top: 0px; margin-bottom: 6px;\">Das Schweizer Taschenmesser f\u00fcr Herz-Kreislaufdiagnostik von <a href=\"http:\/\/www.schillermed.de\" target=\"_blank\">Schiller<\/a> arbeit zuverl\u00e4ssig f\u00fcr Sie:<\/p>\n<p style=\"text-align: justify; margin-top: 0px; margin-bottom: 6px;\"><img loading=\"lazy\" decoding=\"async\" class=\"alignnone size-medium wp-image-1663\" title=\"zoom_200x150_fischli_screen_web1\" src=\"http:\/\/praxiswoytas.de\/wp-content\/uploads\/2010\/03\/zoom_200x150_fischli_screen_web1-300x225.jpg\" alt=\"zoom_200x150_fischli_screen_web1\" width=\"201\" height=\"150\" srcset=\"https:\/\/praxiswoytas.de\/wp-content\/uploads\/2010\/03\/zoom_200x150_fischli_screen_web1-300x225.jpg 300w, https:\/\/praxiswoytas.de\/wp-content\/uploads\/2010\/03\/zoom_200x150_fischli_screen_web1.jpg 800w\" sizes=\"auto, (max-width: 201px) 100vw, 201px\" \/><img loading=\"lazy\" decoding=\"async\" class=\"alignnone size-medium wp-image-1670\" title=\"zoom_137x200_sp-260_web1\" src=\"http:\/\/praxiswoytas.de\/wp-content\/uploads\/2010\/03\/zoom_137x200_sp-260_web1-205x300.jpg\" alt=\"zoom_137x200_sp-260_web1\" width=\"102\" height=\"150\" srcset=\"https:\/\/praxiswoytas.de\/wp-content\/uploads\/2010\/03\/zoom_137x200_sp-260_web1-205x300.jpg 205w, https:\/\/praxiswoytas.de\/wp-content\/uploads\/2010\/03\/zoom_137x200_sp-260_web1-700x1024.jpg 700w, https:\/\/praxiswoytas.de\/wp-content\/uploads\/2010\/03\/zoom_137x200_sp-260_web1.jpg 800w\" sizes=\"auto, (max-width: 102px) 100vw, 102px\" \/><img loading=\"lazy\" decoding=\"async\" class=\"alignnone size-medium wp-image-1662\" title=\"zoom_200x146_at-10420pc1\" src=\"http:\/\/praxiswoytas.de\/wp-content\/uploads\/2010\/03\/zoom_200x146_at-10420pc1-300x219.jpg\" alt=\"zoom_200x146_at-10420pc1\" width=\"206\" height=\"150\" srcset=\"https:\/\/praxiswoytas.de\/wp-content\/uploads\/2010\/03\/zoom_200x146_at-10420pc1-300x219.jpg 300w, https:\/\/praxiswoytas.de\/wp-content\/uploads\/2010\/03\/zoom_200x146_at-10420pc1.jpg 700w\" sizes=\"auto, (max-width: 206px) 100vw, 206px\" \/><\/p>\n","protected":false},"excerpt":{"rendered":"<p>Die Lungenfunktionspr\u00fcfung kann verschiedene St\u00f6rungen der Lungen- bzw. Bronchialfunktionen unterscheiden. Die\u00a0\u00a0 Untersuchung dient dazu ob Atemnot durch eine Lungen-, Bronchial- oder Herzerkrankung verursacht wird. Bei der Untersuchung wird in ein Ger\u00e4t, das Spirometer, geatmet. Dabei ist besonders darauf zu achten, dass nach tiefer Einatmung so schnell und vollst\u00e4ndig wie m\u00f6glich<span class=\"more-link\"><a href=\"https:\/\/praxiswoytas.de\/?page_id=287\">*** weiter lesen *** <\/a><\/span><\/p>\n","protected":false},"author":2,"featured_media":0,"parent":188,"menu_order":0,"comment_status":"closed","ping_status":"closed","template":"","meta":{"footnotes":""},"class_list":["entry","author-woytas","post-287","page","type-page","status-publish"],"_links":{"self":[{"href":"https:\/\/praxiswoytas.de\/index.php?rest_route=\/wp\/v2\/pages\/287","targetHints":{"allow":["GET"]}}],"collection":[{"href":"https:\/\/praxiswoytas.de\/index.php?rest_route=\/wp\/v2\/pages"}],"about":[{"href":"https:\/\/praxiswoytas.de\/index.php?rest_route=\/wp\/v2\/types\/page"}],"author":[{"embeddable":true,"href":"https:\/\/praxiswoytas.de\/index.php?rest_route=\/wp\/v2\/users\/2"}],"replies":[{"embeddable":true,"href":"https:\/\/praxiswoytas.de\/index.php?rest_route=%2Fwp%2Fv2%2Fcomments&post=287"}],"version-history":[{"count":2,"href":"https:\/\/praxiswoytas.de\/index.php?rest_route=\/wp\/v2\/pages\/287\/revisions"}],"predecessor-version":[{"id":1669,"href":"https:\/\/praxiswoytas.de\/index.php?rest_route=\/wp\/v2\/pages\/287\/revisions\/1669"}],"up":[{"embeddable":true,"href":"https:\/\/praxiswoytas.de\/index.php?rest_route=\/wp\/v2\/pages\/188"}],"wp:attachment":[{"href":"https:\/\/praxiswoytas.de\/index.php?rest_route=%2Fwp%2Fv2%2Fmedia&parent=287"}],"curies":[{"name":"wp","href":"https:\/\/api.w.org\/{rel}","templated":true}]}}