{"id":292,"date":"2010-03-18T00:45:55","date_gmt":"2010-03-17T23:45:55","guid":{"rendered":"http:\/\/woytas.de\/praxis\/angebot-ausstattung\/diagnostikverfahren\/ultraschall\/"},"modified":"2014-02-09T18:58:50","modified_gmt":"2014-02-09T17:58:50","slug":"ultraschall","status":"publish","type":"page","link":"https:\/\/praxiswoytas.de\/?page_id=292","title":{"rendered":"Ultraschall"},"content":{"rendered":"<p style=\"text-align: justify;\">Bei der Ultraschalluntersuchung des Bauchraumes beurteilen wir <img loading=\"lazy\" decoding=\"async\" class=\"size-medium wp-image-1646 alignleft\" title=\"mindray_dp-50_umt-1501\" src=\"http:\/\/praxiswoytas.de\/wp-content\/uploads\/2010\/03\/mindray_dp-50_umt-1501-225x300.jpg\" alt=\"mindray_dp-50_umt-1501\" width=\"173\" height=\"231\" srcset=\"https:\/\/praxiswoytas.de\/wp-content\/uploads\/2010\/03\/mindray_dp-50_umt-1501-225x300.jpg 225w, https:\/\/praxiswoytas.de\/wp-content\/uploads\/2010\/03\/mindray_dp-50_umt-1501.jpg 240w\" sizes=\"auto, (max-width: 173px) 100vw, 173px\" \/>folgende Organe: Leber, Nieren, Gallenblase, Bauchspeicheldr\u00fcse, Milz, Bauchaorta, eventuelle krankhafte Lymphknotenvergr\u00f6\u00dferung entlang der Hauptschlagader, Harnblase, Prostata. Die Untersuchung ist schmerz- und nebenwirkungsfrei.<\/p>\n<p style=\"text-align: justify;\">Die Oberbauchorgane beurteilt man am besten morgens n\u00fcchtern, da dann keine Luft\u00fcberlagerungen durch Darmgase vorliegen. Die Gallenblase ist vor der Nahrungsaufnahme prall gef\u00fcllt und ebenfalls besser zu beurteilen.<\/p>\n<p style=\"text-align: justify;\">Mit einem speziellen Schallkopf kann die Schilddr\u00fcse ultraschalltechnisch gut untersucht werden. Dabei ist es wichtig die Gr\u00f6\u00dfe, Echostruktur, Knoten oder zystische Ver\u00e4nderungen zu erkennen und zu beurteilen.<\/p>\n<p style=\"text-align: center;\"><img loading=\"lazy\" decoding=\"async\" class=\"size-medium wp-image-1650 aligncenter\" title=\"mindray-z6-041\" src=\"http:\/\/praxiswoytas.de\/wp-content\/uploads\/2010\/03\/mindray-z6-041-300x110.jpg\" alt=\"mindray-z6-041\" width=\"480\" height=\"175\" \/><\/p>\n<p style=\"text-align: justify;\">Bilder: Mindray Z6, Mindray Medical International Limited<\/p>\n","protected":false},"excerpt":{"rendered":"<p>Bei der Ultraschalluntersuchung des Bauchraumes beurteilen wir folgende Organe: Leber, Nieren, Gallenblase, Bauchspeicheldr\u00fcse, Milz, Bauchaorta, eventuelle krankhafte Lymphknotenvergr\u00f6\u00dferung entlang der Hauptschlagader, Harnblase, Prostata. Die Untersuchung ist schmerz- und nebenwirkungsfrei. Die Oberbauchorgane beurteilt man am besten morgens n\u00fcchtern, da dann keine Luft\u00fcberlagerungen durch Darmgase vorliegen. Die Gallenblase ist vor der Nahrungsaufnahme<span class=\"more-link\"><a href=\"https:\/\/praxiswoytas.de\/?page_id=292\">*** weiter lesen *** <\/a><\/span><\/p>\n","protected":false},"author":2,"featured_media":0,"parent":188,"menu_order":0,"comment_status":"closed","ping_status":"closed","template":"","meta":{"footnotes":""},"class_list":["entry","author-woytas","post-292","page","type-page","status-publish"],"_links":{"self":[{"href":"https:\/\/praxiswoytas.de\/index.php?rest_route=\/wp\/v2\/pages\/292","targetHints":{"allow":["GET"]}}],"collection":[{"href":"https:\/\/praxiswoytas.de\/index.php?rest_route=\/wp\/v2\/pages"}],"about":[{"href":"https:\/\/praxiswoytas.de\/index.php?rest_route=\/wp\/v2\/types\/page"}],"author":[{"embeddable":true,"href":"https:\/\/praxiswoytas.de\/index.php?rest_route=\/wp\/v2\/users\/2"}],"replies":[{"embeddable":true,"href":"https:\/\/praxiswoytas.de\/index.php?rest_route=%2Fwp%2Fv2%2Fcomments&post=292"}],"version-history":[{"count":10,"href":"https:\/\/praxiswoytas.de\/index.php?rest_route=\/wp\/v2\/pages\/292\/revisions"}],"predecessor-version":[{"id":293,"href":"https:\/\/praxiswoytas.de\/index.php?rest_route=\/wp\/v2\/pages\/292\/revisions\/293"}],"up":[{"embeddable":true,"href":"https:\/\/praxiswoytas.de\/index.php?rest_route=\/wp\/v2\/pages\/188"}],"wp:attachment":[{"href":"https:\/\/praxiswoytas.de\/index.php?rest_route=%2Fwp%2Fv2%2Fmedia&parent=292"}],"curies":[{"name":"wp","href":"https:\/\/api.w.org\/{rel}","templated":true}]}}