{"id":300,"date":"2010-03-18T00:51:07","date_gmt":"2010-03-17T23:51:07","guid":{"rendered":"http:\/\/woytas.de\/praxis\/angebot-ausstattung\/therapie\/"},"modified":"2014-02-27T17:41:00","modified_gmt":"2014-02-27T16:41:00","slug":"therapie","status":"publish","type":"page","link":"https:\/\/praxiswoytas.de\/?page_id=300","title":{"rendered":"Therapie"},"content":{"rendered":"<p style=\"text-align: justify;\"><!--BEGIN #primary .hfeed--> <!--BEGIN .hentry--><\/p>\n<p><!--BEGIN .entry-content .article--><\/p>\n<p style=\"text-align: justify;\">Die Therapie der sogenannten Volkskrankheiten wie Bluthochdruck, Diabetes mellitus, Herzerkrankungen, Lungenerkrankungen und\u00a0 Stoffwechselerkrankungen erfolgt nach den jeweils aktuellen Leitlinien der Fachgesellschaften. Wir ber\u00fccksichtigen selbstverst\u00e4ndlich indivduelle Vertr\u00e4glichkeiten und Bef\u00fcrchtungen bez\u00fcglich eventueller Nebenwirkungen. Eine kritische Nutzenabw\u00e4gung einer medikament\u00f6sen Therapie erfolgt hinsichtlich potentieller Gefahren und positiv zu erwartenden Ergebnissen.<\/p>\n<p style=\"text-align: justify;\"><a title=\"Medikation\" href=\"http:\/\/www.kv-thueringen.de\/pub\/08_Flyer_Patinfo.pdf\" target=\"_blank\"><strong><span style=\"font-size: x-small;\">Flyer:<\/span><\/strong><span style=\"font-size: x-small;\"> Hinweise der Krankenkassen in Th\u00fcringen und der Kassen\u00e4rztlichen Vereinigung                  Th\u00fcringen zur Versorgung mit Arzneimitteln <\/span><\/a><\/p>\n<p style=\"text-align: justify;\">\n<p style=\"text-align: justify;\">\n<h2 style=\"text-align: justify;\">Medizinlexikon<\/h2>\n<p style=\"text-align: center;\">\n<p style=\"text-align: center;\">\n<p align=\"center\">[iframe:   src=&#8221;http:\/\/de.wikipedia.org\/wiki\/Portal:Medizin&#8221;   frameborder=&#8221;0&#8243; width=&#8221;105%&#8221; height=&#8221;700&#8243; scrolling=&#8221;yes&#8221;]<\/p>\n<p style=\"text-align: left;\">powered by<a href=\"http:\/\/de.wikipedia.org\/wiki\/Portal:Medizin\" target=\"_blank\"> Wikipedia<\/a><\/p>\n","protected":false},"excerpt":{"rendered":"<p>Die Therapie der sogenannten Volkskrankheiten wie Bluthochdruck, Diabetes mellitus, Herzerkrankungen, Lungenerkrankungen und\u00a0 Stoffwechselerkrankungen erfolgt nach den jeweils aktuellen Leitlinien der Fachgesellschaften. Wir ber\u00fccksichtigen selbstverst\u00e4ndlich indivduelle Vertr\u00e4glichkeiten und Bef\u00fcrchtungen bez\u00fcglich eventueller Nebenwirkungen. Eine kritische Nutzenabw\u00e4gung einer medikament\u00f6sen Therapie erfolgt hinsichtlich potentieller Gefahren und positiv zu erwartenden Ergebnissen. Flyer: Hinweise der Krankenkassen<span class=\"more-link\"><a href=\"https:\/\/praxiswoytas.de\/?page_id=300\">*** weiter lesen *** <\/a><\/span><\/p>\n","protected":false},"author":2,"featured_media":0,"parent":49,"menu_order":0,"comment_status":"closed","ping_status":"closed","template":"tmpl_fullwidth-page.php","meta":{"footnotes":""},"class_list":["entry","author-woytas","post-300","page","type-page","status-publish"],"_links":{"self":[{"href":"https:\/\/praxiswoytas.de\/index.php?rest_route=\/wp\/v2\/pages\/300","targetHints":{"allow":["GET"]}}],"collection":[{"href":"https:\/\/praxiswoytas.de\/index.php?rest_route=\/wp\/v2\/pages"}],"about":[{"href":"https:\/\/praxiswoytas.de\/index.php?rest_route=\/wp\/v2\/types\/page"}],"author":[{"embeddable":true,"href":"https:\/\/praxiswoytas.de\/index.php?rest_route=\/wp\/v2\/users\/2"}],"replies":[{"embeddable":true,"href":"https:\/\/praxiswoytas.de\/index.php?rest_route=%2Fwp%2Fv2%2Fcomments&post=300"}],"version-history":[{"count":7,"href":"https:\/\/praxiswoytas.de\/index.php?rest_route=\/wp\/v2\/pages\/300\/revisions"}],"predecessor-version":[{"id":1758,"href":"https:\/\/praxiswoytas.de\/index.php?rest_route=\/wp\/v2\/pages\/300\/revisions\/1758"}],"up":[{"embeddable":true,"href":"https:\/\/praxiswoytas.de\/index.php?rest_route=\/wp\/v2\/pages\/49"}],"wp:attachment":[{"href":"https:\/\/praxiswoytas.de\/index.php?rest_route=%2Fwp%2Fv2%2Fmedia&parent=300"}],"curies":[{"name":"wp","href":"https:\/\/api.w.org\/{rel}","templated":true}]}}