{"id":301,"date":"2010-03-18T00:53:03","date_gmt":"2010-03-17T23:53:03","guid":{"rendered":"http:\/\/woytas.de\/praxis\/?page_id=301"},"modified":"2010-03-18T00:53:03","modified_gmt":"2010-03-17T23:53:03","slug":"dmp-copd-und-asthma-bronchiale","status":"publish","type":"page","link":"https:\/\/praxiswoytas.de\/?page_id=301","title":{"rendered":"DMP COPD und Asthma bronchiale"},"content":{"rendered":"<p style=\"text-align: justify;\">Viele Menschen leiden an einer chronischen Lungenerkrankung (COPD= chronic obstrutive pulmonary disease) oder an Asthma bronchiale. Deshalb wurden spezielle Programme f\u00fcr Patienten mit diesen &#8220;Volkserkrankungen&#8221;  ausgearbeitet, die als DMP (disease management programm) bezeichnet werden. Patienten, die sich in diese Programme einschreiben, werden von Ihrer Krankenkasse mit besonderen Informationen versorgt. Wir stellen eine leitliniengest\u00fctzte Behandlung sicher und berichten quartalsbezogen \u00fcber Therapie und Vorkommnisse an ein Zentrum. Wir sind und f\u00fchlen uns verpflichtet durch regelm\u00e4\u00dfige Fortbildungen den Behandlungsstandard optimal zu halten.<\/p>\n","protected":false},"excerpt":{"rendered":"<p>Viele Menschen leiden an einer chronischen Lungenerkrankung (COPD= chronic obstrutive pulmonary disease) oder an Asthma bronchiale. Deshalb wurden spezielle Programme f\u00fcr Patienten mit diesen &#8220;Volkserkrankungen&#8221; ausgearbeitet, die als DMP (disease management programm) bezeichnet werden. Patienten, die sich in diese Programme einschreiben, werden von Ihrer Krankenkasse mit besonderen Informationen versorgt. Wir<span class=\"more-link\"><a href=\"https:\/\/praxiswoytas.de\/?page_id=301\">*** weiter lesen *** <\/a><\/span><\/p>\n","protected":false},"author":2,"featured_media":0,"parent":300,"menu_order":0,"comment_status":"closed","ping_status":"closed","template":"","meta":{"footnotes":""},"class_list":["entry","author-woytas","post-301","page","type-page","status-publish"],"_links":{"self":[{"href":"https:\/\/praxiswoytas.de\/index.php?rest_route=\/wp\/v2\/pages\/301","targetHints":{"allow":["GET"]}}],"collection":[{"href":"https:\/\/praxiswoytas.de\/index.php?rest_route=\/wp\/v2\/pages"}],"about":[{"href":"https:\/\/praxiswoytas.de\/index.php?rest_route=\/wp\/v2\/types\/page"}],"author":[{"embeddable":true,"href":"https:\/\/praxiswoytas.de\/index.php?rest_route=\/wp\/v2\/users\/2"}],"replies":[{"embeddable":true,"href":"https:\/\/praxiswoytas.de\/index.php?rest_route=%2Fwp%2Fv2%2Fcomments&post=301"}],"version-history":[{"count":2,"href":"https:\/\/praxiswoytas.de\/index.php?rest_route=\/wp\/v2\/pages\/301\/revisions"}],"predecessor-version":[{"id":303,"href":"https:\/\/praxiswoytas.de\/index.php?rest_route=\/wp\/v2\/pages\/301\/revisions\/303"}],"up":[{"embeddable":true,"href":"https:\/\/praxiswoytas.de\/index.php?rest_route=\/wp\/v2\/pages\/300"}],"wp:attachment":[{"href":"https:\/\/praxiswoytas.de\/index.php?rest_route=%2Fwp%2Fv2%2Fmedia&parent=301"}],"curies":[{"name":"wp","href":"https:\/\/api.w.org\/{rel}","templated":true}]}}