{"id":304,"date":"2010-03-18T00:55:38","date_gmt":"2010-03-17T23:55:38","guid":{"rendered":"http:\/\/woytas.de\/praxis\/?page_id=304"},"modified":"2014-06-15T01:55:16","modified_gmt":"2014-06-15T00:55:16","slug":"dmp-diabetes","status":"publish","type":"page","link":"https:\/\/praxiswoytas.de\/?page_id=304","title":{"rendered":"DMP Diabetes"},"content":{"rendered":"<p style=\"text-align: justify;\">Patienten mit Diabetes mellitus k\u00f6nnen sich in unserer Praxis f\u00fcr ein DMP (disease management programm) einschreiben. Es handelt sich dabei um eine strukturierte computergest\u00fctzte Behandlungsoptimierung mit regelm\u00e4\u00dfiger Untersuchung, Behandlungsanpassung und Dokumentation. Wir\u00a0 orientieren  uns an den Leitlinien der Diabetes- Fachgesellschaften.<\/p>\n<p style=\"text-align: justify;\"><a href=\"http:\/\/diabetes-risiko.de\/diabetes-risikotest.html\" target=\"_blank\">Online Risikocheck Diabetes mellitus<\/a><\/p>\n","protected":false},"excerpt":{"rendered":"<p>Patienten mit Diabetes mellitus k\u00f6nnen sich in unserer Praxis f\u00fcr ein DMP (disease management programm) einschreiben. Es handelt sich dabei um eine strukturierte computergest\u00fctzte Behandlungsoptimierung mit regelm\u00e4\u00dfiger Untersuchung, Behandlungsanpassung und Dokumentation. Wir\u00a0 orientieren uns an den Leitlinien der Diabetes- Fachgesellschaften. Online Risikocheck Diabetes mellitus<span class=\"more-link\"><a href=\"https:\/\/praxiswoytas.de\/?page_id=304\">*** weiter lesen *** <\/a><\/span><\/p>\n","protected":false},"author":2,"featured_media":0,"parent":300,"menu_order":0,"comment_status":"closed","ping_status":"closed","template":"","meta":{"footnotes":""},"class_list":["entry","author-woytas","post-304","page","type-page","status-publish"],"_links":{"self":[{"href":"https:\/\/praxiswoytas.de\/index.php?rest_route=\/wp\/v2\/pages\/304","targetHints":{"allow":["GET"]}}],"collection":[{"href":"https:\/\/praxiswoytas.de\/index.php?rest_route=\/wp\/v2\/pages"}],"about":[{"href":"https:\/\/praxiswoytas.de\/index.php?rest_route=\/wp\/v2\/types\/page"}],"author":[{"embeddable":true,"href":"https:\/\/praxiswoytas.de\/index.php?rest_route=\/wp\/v2\/users\/2"}],"replies":[{"embeddable":true,"href":"https:\/\/praxiswoytas.de\/index.php?rest_route=%2Fwp%2Fv2%2Fcomments&post=304"}],"version-history":[{"count":6,"href":"https:\/\/praxiswoytas.de\/index.php?rest_route=\/wp\/v2\/pages\/304\/revisions"}],"predecessor-version":[{"id":719,"href":"https:\/\/praxiswoytas.de\/index.php?rest_route=\/wp\/v2\/pages\/304\/revisions\/719"}],"up":[{"embeddable":true,"href":"https:\/\/praxiswoytas.de\/index.php?rest_route=\/wp\/v2\/pages\/300"}],"wp:attachment":[{"href":"https:\/\/praxiswoytas.de\/index.php?rest_route=%2Fwp%2Fv2%2Fmedia&parent=304"}],"curies":[{"name":"wp","href":"https:\/\/api.w.org\/{rel}","templated":true}]}}