{"id":306,"date":"2010-03-18T00:57:02","date_gmt":"2010-03-17T23:57:02","guid":{"rendered":"http:\/\/woytas.de\/praxis\/?page_id=306"},"modified":"2010-03-18T00:57:35","modified_gmt":"2010-03-17T23:57:35","slug":"dmp-herzerkrankungen","status":"publish","type":"page","link":"https:\/\/praxiswoytas.de\/?page_id=306","title":{"rendered":"DMP Herzerkrankungen"},"content":{"rendered":"<p style=\"text-align: justify;\">Das DMP (disease management programm) ist f\u00fcr Patienten mit Herzkranzgef\u00e4\u00dfverkalkung (KHK) vorgesehen, um eine qualit\u00e4tsorientierte und nach Leitlinien strukturierte Behandlung zu gew\u00e4hrleisten. Unsere regelm\u00e4\u00dfigen Fortbildungen stellen Ihnen eine moderne und effektive Therapie der Erkrankung sicher.<\/p>\n","protected":false},"excerpt":{"rendered":"<p>Das DMP (disease management programm) ist f\u00fcr Patienten mit Herzkranzgef\u00e4\u00dfverkalkung (KHK) vorgesehen, um eine qualit\u00e4tsorientierte und nach Leitlinien strukturierte Behandlung zu gew\u00e4hrleisten. Unsere regelm\u00e4\u00dfigen Fortbildungen stellen Ihnen eine moderne und effektive Therapie der Erkrankung sicher.<span class=\"more-link\"><a href=\"https:\/\/praxiswoytas.de\/?page_id=306\">*** weiter lesen *** <\/a><\/span><\/p>\n","protected":false},"author":2,"featured_media":0,"parent":300,"menu_order":0,"comment_status":"closed","ping_status":"closed","template":"","meta":{"footnotes":""},"class_list":["entry","author-woytas","post-306","page","type-page","status-publish"],"_links":{"self":[{"href":"https:\/\/praxiswoytas.de\/index.php?rest_route=\/wp\/v2\/pages\/306","targetHints":{"allow":["GET"]}}],"collection":[{"href":"https:\/\/praxiswoytas.de\/index.php?rest_route=\/wp\/v2\/pages"}],"about":[{"href":"https:\/\/praxiswoytas.de\/index.php?rest_route=\/wp\/v2\/types\/page"}],"author":[{"embeddable":true,"href":"https:\/\/praxiswoytas.de\/index.php?rest_route=\/wp\/v2\/users\/2"}],"replies":[{"embeddable":true,"href":"https:\/\/praxiswoytas.de\/index.php?rest_route=%2Fwp%2Fv2%2Fcomments&post=306"}],"version-history":[{"count":1,"href":"https:\/\/praxiswoytas.de\/index.php?rest_route=\/wp\/v2\/pages\/306\/revisions"}],"predecessor-version":[{"id":307,"href":"https:\/\/praxiswoytas.de\/index.php?rest_route=\/wp\/v2\/pages\/306\/revisions\/307"}],"up":[{"embeddable":true,"href":"https:\/\/praxiswoytas.de\/index.php?rest_route=\/wp\/v2\/pages\/300"}],"wp:attachment":[{"href":"https:\/\/praxiswoytas.de\/index.php?rest_route=%2Fwp%2Fv2%2Fmedia&parent=306"}],"curies":[{"name":"wp","href":"https:\/\/api.w.org\/{rel}","templated":true}]}}