{"id":352,"date":"2010-03-26T23:19:01","date_gmt":"2010-03-26T22:19:01","guid":{"rendered":"http:\/\/woytas.de\/praxis\/?page_id=352"},"modified":"2020-09-17T00:15:16","modified_gmt":"2020-09-16T23:15:16","slug":"qualitatsmanagement","status":"publish","type":"page","link":"https:\/\/praxiswoytas.de\/?page_id=352","title":{"rendered":"Qualit\u00e4tsmanagement"},"content":{"rendered":"<p style=\"text-align: justify;\"><strong><img loading=\"lazy\" decoding=\"async\" class=\"alignleft size-medium wp-image-2161\" title=\"qep-logo\" src=\"http:\/\/praxiswoytas.de\/wp-content\/uploads\/2017\/12\/qep-logo-300x176.png\" alt=\"qep-logo\" width=\"122\" height=\"71\" \/>QM<\/strong><br \/>\nWir haben das Qualit\u00e4tsmanagementverfahren \u201eQEP &#8211; Qualit\u00e4t und Entwicklung in Praxen&#8221; der kassen\u00e4rztlichen Bundesvereinigung eingef\u00fchrt und entwickeln es st\u00e4ndig weiter. Dieses indikatorenbasierte und handbuchgest\u00fctzte System ist modular aufgebaut und kann von der Praxis stufenweise umgesetzt werden.<\/p>\n<p style=\"text-align: justify;\">\n<p><strong>Aus- und Weiterbildung<br \/>\n<\/strong>Die \u00e4rztliche Weiterbildung erfolgt nach \u00a7 95 d Abs. 2 Satz 1 SGB V durch Akademie f\u00fcr \u00e4rztliche Fort- und Weiterbildung der Landes\u00e4rztekammer Th\u00fcringen und wird durch das Fortbildungszertifikat der Landes\u00e4rztekammer Th\u00fcringen dokumentiert<strong>. <\/strong><\/p>\n<p style=\"text-align: justify;\">Die Aus- und Weiterbildung unserer Mitarbeiterinnen ein wichtiger und stetiger Bestandteil. Schwerpunkte sind hier Datenschutz, Hygiene, Impfwesen und Notf\u00e4lle. Innerhalb der Praxis f\u00fchren wir jedes Jahr Fortbildungen zum Thema &#8220;Notfallmanagement in der \u00e4rztlichen Praxis&#8221; durch. Denn Ihr Arzt und das gesamte Praxis-Team stehen Ihnen selbstverst\u00e4ndlich auch in akuten Notfallsituationen zur Verf\u00fcgung. Um Ihrem Anspruch, einer bestm\u00f6glichen reibungslosen Notfallversorgung stets gerecht zu werden, muss eine konsequente Weiterbildung und regelm\u00e4\u00dfiges Notfall-Training gew\u00e4hrleistet sein. Wir stellen uns dieser Aufgabe: 1 &#8211; 2 x j\u00e4hrlich wird das Praxis-Team in den eigenen R\u00e4umen geschult in CPR, BLS und (A)ED Anwendung nach den Richtlinien der AHA.<\/p>\n<p style=\"text-align: justify;\"><strong>Hygiene<\/strong><br \/>\nVerbraucherschutz f\u00fcr Patienten in unserer Praxis. Unsere Praxis legt gr\u00f6\u00dften Wert auf die hygienisch einwandfreie Aufbereitung derInstrumente. Deswegen erfolgt die professionelle Aufarbeitung und Sterilisation der Instrumente nach <a title=\"RKI\" href=\"http:\/\/www.rki.de\/cln_006\/nn_226780\/DE\/Content\/Infekt\/Krankenhaushygiene\/Kommission\/Downloads\/AufbEnd__Rili,templateId=raw,property=publicationFile.pdf\/AufbEnd_Rili\" target=\"_blank\" rel=\"noopener noreferrer\">neuesten Richtlinien<\/a> durch die Zentrale Sterilgutversorgung des Helios-Klinikum Erfurt.<\/p>\n<p style=\"text-align: justify;\">\n<p style=\"text-align: justify;\"><strong><a href=\"http:\/\/www.bioscientia.de\" target=\"_blank\" rel=\"noopener noreferrer\"><img loading=\"lazy\" decoding=\"async\" class=\"alignleft\" src=\"http:\/\/praxiswoytas.de\/wp-content\/uploads\/2011\/09\/labor.png\" alt=\"\" width=\"137\" height=\"45\" \/><\/a><\/strong><\/p>\n<p style=\"text-align: justify;\">\n<p><a href=\"http:\/\/www.biovis.de\" target=\"_blank\" rel=\"noopener noreferrer\"><img loading=\"lazy\" decoding=\"async\" class=\"size-medium wp-image-1321 alignleft\" title=\"biovis-logo-3d370a1\" src=\"http:\/\/praxiswoytas.de\/wp-content\/uploads\/2012\/05\/biovis-logo-3d370a1-300x87.png\" alt=\"biovis-logo-3d370a1\" width=\"136\" height=\"45\" \/><\/a><\/p>\n<p><strong>Labor<\/strong><br \/>\nBis auf ein Minimal-Labor mit Schnelltests zur Akutdiagnostik erfolgt die Probeneinsendung an das Bioscientia Institut f\u00fcr Medizinische Diagnostik GmbH Labor Jena \/ \u00c4rztliche Laborgemeinschaft Jena, Orlaweg 2, 07743 Jena als zertifiziertes und akkreditiertes Gro\u00dflabor. Weitere, insebsondere Privat- und Individualleistungen k\u00f6nnen wir \u00fcber das Labor Biovis Dignostik MVZ anbieten.<\/p>\n<p style=\"text-align: justify;\">\n<p style=\"text-align: justify;\">\n<p style=\"text-align: justify;\">\n<p style=\"text-align: justify;\">\n<p style=\"text-align: justify;\">\n<p style=\"text-align: justify;\"><strong><br \/>\nEntsorgung<\/strong><br \/>\nDie Entsorgung biologischer Abf\u00e4lle erfolgt \u00fcber ein zertifiziertes Entsorgungsunternehmen entsprechend der aktuell g\u00fcltigen Abfallwirtschaftssatzung der Stadt Erfurt.<\/p>\n<p style=\"text-align: justify;\"><strong>Datenschutz<br \/>\n<\/strong>Wir, die Praxis Woytas, Anger 58, 99084 Erfurt, nehmen den Schutz Ihrer pers\u00f6nlichen Daten sehr ernst und halten uns an die Regeln der Datenschutzgesetze und der beruflichen Schweigepflicht. Personen- und Krankheitsbezogene Daten werden nur im technisch notwendigen Umfang erhoben. Die nachfolgende Erkl\u00e4rung gibt Ihnen einen \u00dcberblick dar\u00fcber, wie wir diesen Schutz gew\u00e4hrleisten und welche Art von Daten zu welchem Zweck erhoben werden.<\/p>\n<p style=\"text-align: justify;\"><strong>Datenverarbeitung in der Praxis:<\/strong><br \/>\nDie Praxis-EDV ist durch die KBV zertifiziert. Es werden alle notwendigen personen-, krankheits- und fallbezogenen Daten gespeichert und gesichert. Die Daten werden verschl\u00fcsselt zu Abrechnungszwecken an die KV-Th\u00fcringen und an die DMP-Datenstelle \u00fcbertragen. Die gesetzliche Aufbewahrungsfrist f\u00fcr Krankenunterlagen betr\u00e4gt mindestens 10 Jahre.<\/p>\n<p style=\"text-align: left;\"><strong>Qualt\u00e4t &amp; Feedback<\/strong><br \/>\nIhre Zufriedenheit und Ihre Meinung sind uns wichtig. Nutzen Sie die zahlreichen M\u00f6glichkeiten der Qualit\u00e4tsbewertung im Internet:<\/p>\n<table id=\"AutoNumber1\" style=\"border-collapse: collapse;\" border=\"0\" cellspacing=\"0\" cellpadding=\"0\">\n<tbody>\n<tr>\n<td><a href=\"http:\/\/www.jameda.de\/erfurt\/aerzte\/allgemeinmedizin\/dipl-med-marcus-matthias-woytas\/uebersicht\/81057013_1\/\" target=\"_blank\" rel=\"noopener noreferrer\"><img loading=\"lazy\" decoding=\"async\" class=\"size-full wp-image-842 alignnone\" title=\"Jameda\" src=\"http:\/\/praxiswoytas.de\/wp-content\/uploads\/2010\/03\/jameda-arztempfehlung2.gif\" alt=\"jameda-arztempfehlung2\" width=\"300\" height=\"70\" \/><\/a><\/td>\n<td><a href=\"http:\/\/www.sanego.de\/Arzt\/Th%C3%BCringen\/6925-Erfurt\/Allgemeinmedizin\/273454-Dipl-Med-Marcus-Matthias-Woytas\/\" target=\"_blank\" rel=\"noopener noreferrer\"><img loading=\"lazy\" decoding=\"async\" class=\"alignnone size-full wp-image-844\" title=\"sanego_logo1\" src=\"http:\/\/praxiswoytas.de\/wp-content\/uploads\/2010\/03\/sanego_logo1.gif\" alt=\"sanego_logo1\" width=\"300\" height=\"70\" \/><\/a><\/td>\n<\/tr>\n<tr>\n<td>\n<form id=\"tabbedSearchForm2\" action=\"http:\/\/arzt.weisse-liste.de\/index.3.de.html?wlaes\/tab=name\" method=\"post\"><input name=\"wlaes[submit]\" type=\"hidden\" value=\"1\" \/><\/p>\n<div>\n<div class=\"inputElement\">\n<div class=\"input\"><input id=\"inputname\" class=\"text\" maxlength=\"200\" name=\"wlaes[name]\" size=\"20\" type=\"hidden\" value=\"woytas\" \/><\/div>\n<\/div>\n<\/div>\n<div>\n<div class=\"inputElement\">\n<div class=\"input\"><input id=\"inputlocation\" class=\"text\" maxlength=\"100\" name=\"wlaes[location]\" size=\"20\" type=\"hidden\" value=\"99084 Erfurt Altstadt, Erfurt\" \/><\/div>\n<\/div>\n<\/div>\n<div>\n<p><a href=\"https:\/\/www.weisse-liste.de\/de\/arzt\/arztsuche\/ergebnisliste\/profil\/?id=1223596&amp;type=medic\" target=\"_blank\" rel=\"noopener noreferrer\"><input alt=\"Submit Form\" src=\"http:\/\/praxiswoytas.de\/wp-content\/uploads\/2010\/03\/438439b36c96b6caf122316011bfcd16v31.png\" type=\"image\" \/><\/a><\/p>\n<\/div>\n<p><input id=\"inputhidden_postalcode\" class=\"text\" maxlength=\"200\" name=\"wlaes[hidden_postalcode]\" type=\"hidden\" value=\"99084\" \/> <input id=\"inputhidden_city\" class=\"text\" maxlength=\"200\" name=\"wlaes[hidden_city]\" type=\"hidden\" value=\"Erfurt Altstadt, Erfurt\" \/><\/p>\n<\/form>\n<\/td>\n<td><a href=\"http:\/\/www.imedo.de\/practice\/provider\/show\/452662-marcus-matthias-woytas\" target=\"_blank\" rel=\"noopener noreferrer\"><img loading=\"lazy\" decoding=\"async\" class=\"alignnone size-full wp-image-857\" title=\"Imedo\" src=\"http:\/\/praxiswoytas.de\/wp-content\/uploads\/2010\/03\/imedo-de-logo233x371.png\" alt=\"Imedo\" width=\"300\" height=\"70\" \/><\/a><\/td>\n<\/tr>\n<\/tbody>\n<\/table>\n<p style=\"text-align: left;\">\n<p style=\"text-align: left;\">\n<p style=\"text-align: left;\">\n<p style=\"text-align: left;\">Nat\u00fcrlich k\u00f6nnen Sie uns auch direkt informieren ob Sie mit unseren Leistungen zufrieden sind und wie wir unseren Service noch mehr in Ihrem Sinne verbessern k\u00f6nnen.<\/p>\n<p style=\"text-align: justify;\">\n","protected":false},"excerpt":{"rendered":"<p>QM Wir haben das Qualit\u00e4tsmanagementverfahren \u201eQEP &#8211; Qualit\u00e4t und Entwicklung in Praxen&#8221; der kassen\u00e4rztlichen Bundesvereinigung eingef\u00fchrt und entwickeln es st\u00e4ndig weiter. Dieses indikatorenbasierte und handbuchgest\u00fctzte System ist modular aufgebaut und kann von der Praxis stufenweise umgesetzt werden. Aus- und Weiterbildung Die \u00e4rztliche Weiterbildung erfolgt nach \u00a7 95 d Abs. 2<span class=\"more-link\"><a href=\"https:\/\/praxiswoytas.de\/?page_id=352\">*** weiter lesen *** <\/a><\/span><\/p>\n","protected":false},"author":2,"featured_media":0,"parent":132,"menu_order":0,"comment_status":"closed","ping_status":"closed","template":"","meta":{"footnotes":""},"class_list":["entry","author-woytas","post-352","page","type-page","status-publish"],"_links":{"self":[{"href":"https:\/\/praxiswoytas.de\/index.php?rest_route=\/wp\/v2\/pages\/352","targetHints":{"allow":["GET"]}}],"collection":[{"href":"https:\/\/praxiswoytas.de\/index.php?rest_route=\/wp\/v2\/pages"}],"about":[{"href":"https:\/\/praxiswoytas.de\/index.php?rest_route=\/wp\/v2\/types\/page"}],"author":[{"embeddable":true,"href":"https:\/\/praxiswoytas.de\/index.php?rest_route=\/wp\/v2\/users\/2"}],"replies":[{"embeddable":true,"href":"https:\/\/praxiswoytas.de\/index.php?rest_route=%2Fwp%2Fv2%2Fcomments&post=352"}],"version-history":[{"count":82,"href":"https:\/\/praxiswoytas.de\/index.php?rest_route=\/wp\/v2\/pages\/352\/revisions"}],"predecessor-version":[{"id":356,"href":"https:\/\/praxiswoytas.de\/index.php?rest_route=\/wp\/v2\/pages\/352\/revisions\/356"}],"up":[{"embeddable":true,"href":"https:\/\/praxiswoytas.de\/index.php?rest_route=\/wp\/v2\/pages\/132"}],"wp:attachment":[{"href":"https:\/\/praxiswoytas.de\/index.php?rest_route=%2Fwp%2Fv2%2Fmedia&parent=352"}],"curies":[{"name":"wp","href":"https:\/\/api.w.org\/{rel}","templated":true}]}}