{"id":420,"date":"2010-04-15T22:25:13","date_gmt":"2010-04-15T21:25:13","guid":{"rendered":"http:\/\/praxiswoytas.de\/?page_id=420"},"modified":"2012-05-14T00:26:28","modified_gmt":"2012-05-13T23:26:28","slug":"vorsorge","status":"publish","type":"page","link":"https:\/\/praxiswoytas.de\/?page_id=420","title":{"rendered":"Vorsorge"},"content":{"rendered":"<p style=\"text-align: justify;\">Seit einigen Jahren wird der Wert pr\u00e4ventiver Leistungen zur Gesunderhaltung nicht nur von den Patienten gesch\u00e4tzt. Mittlererweile haben die gesetzlichen Krankenkassen verschiedene Vorsorgeprogramme gestartet. Je nach Versicherungsumfang gelten die Vorsorgeprogramme auch f\u00fcr Privatversicherte.<\/p>\n<p style=\"text-align: justify;\">Aktuell bieten wir folgende Vorsorgeuntersuchungen an:<\/p>\n<p style=\"text-align: justify;\">U1 &#8211; U9 + J1 (allerdings \u00fcberlassen wir diese Untersuchungen \u00fcblicherweise unseren Kinder\u00e4rzten im Hause)<br \/>\nJugendarbeitsschutzuntersuchungen  (f\u00fcr Jugendliche unter 18 Jahren)Check &#8211; up 35Hautkrebsscreening ab 35<br \/>\nKrebsfr\u00fcherkennung f\u00fcr M\u00e4nner ab 45<br \/>\nDarmkrebsfr\u00fcherkennung ab 50<\/p>\n<p style=\"text-align: justify;\">Fr\u00fcherkennungsuntersuchungen im Rahmen des Fr\u00fcherkennungsprogramms der  gesetzlichen Krankenversicherung sind von der Praxisgeb\u00fchr befreit.  Sollten jedoch weitere Untersuchungen, die nicht Teil des gesetzlichen  Fr\u00fcherkennungsprogramms sind, erforderlich werden, oder sollte die  \u00c4rztin\/der Arzt zum Beispiel Arzneimittel oder Verh\u00fctungsmittel  (Kontrazeptiva) verschreiben, ist hierf\u00fcr die Praxisgeb\u00fchr zu  entrichten. Dies gilt nicht f\u00fcr privat zu bezahlende so genannte  individuelle Gesundheitsleistungen (<abbr title=\"individuelle  Gesundheitsleistungen\">IGeL<\/abbr>). F\u00fcr diese ist ebenfalls keine  Praxisgeb\u00fchr zu bezahlen.<\/p>\n<p style=\"text-align: justify;\">\n<table id=\"AutoNumber1\" style=\"border-collapse: collapse;\" border=\"0\" cellspacing=\"0\" cellpadding=\"0\" width=\"100%\">\n<tbody>\n<tr>\n<td width=\"50%\">\n<h3 style=\"text-align: justify;\"><a href=\"http:\/\/www.vorsorge-online.de\/\" target=\"_blank\"><strong>Infozentrum f\u00fcr Pr\u00e4vention<br \/>\nund Fr\u00fcherkennung<\/strong><\/a><\/h3>\n<p><strong><br \/>\n<\/strong><\/p>\n<p><strong><a href=\"http:\/\/www.vorsorge-online.de\/\" target=\"_blank\"><img loading=\"lazy\" decoding=\"async\" class=\"size-full wp-image-1223 alignleft\" title=\"ipf_logo_166\" src=\"http:\/\/praxiswoytas.de\/wp-content\/uploads\/2012\/05\/ipf_logo_166.gif\" alt=\"ipf_logo_166\" width=\"166\" height=\"120\" \/><\/a><\/strong><\/td>\n<td width=\"50%\">\n<h3><a href=\"http:\/\/www.bioscientia.de\/de\/service\/igel-angebote\/igel-labor-angebote\/\" target=\"_blank\">IGeL-Angebote<\/a><\/h3>\n<p><a href=\"http:\/\/www.bioscientia.de\/de\/service\/igel-angebote\/igel-labor-angebote\/\" target=\"_blank\"><img loading=\"lazy\" decoding=\"async\" class=\"size-full wp-image-1224 alignleft\" title=\"b_igelangeb_1\" src=\"http:\/\/praxiswoytas.de\/wp-content\/uploads\/2012\/05\/b_igelangeb_1.jpg\" alt=\"b_igelangeb_1\" width=\"168\" height=\"237\" \/><\/a><\/td>\n<\/tr>\n<\/tbody>\n<\/table>\n<p style=\"text-align: justify;\">\n<p style=\"text-align: justify;\"><strong><br \/>\n<\/strong><\/p>\n<p style=\"text-align: justify;\">\n<p style=\"text-align: justify;\">\n<p style=\"text-align: justify;\">\n","protected":false},"excerpt":{"rendered":"<p>Seit einigen Jahren wird der Wert pr\u00e4ventiver Leistungen zur Gesunderhaltung nicht nur von den Patienten gesch\u00e4tzt. Mittlererweile haben die gesetzlichen Krankenkassen verschiedene Vorsorgeprogramme gestartet. Je nach Versicherungsumfang gelten die Vorsorgeprogramme auch f\u00fcr Privatversicherte. Aktuell bieten wir folgende Vorsorgeuntersuchungen an: U1 &#8211; U9 + J1 (allerdings \u00fcberlassen wir diese Untersuchungen \u00fcblicherweise<span class=\"more-link\"><a href=\"https:\/\/praxiswoytas.de\/?page_id=420\">*** weiter lesen *** <\/a><\/span><\/p>\n","protected":false},"author":2,"featured_media":0,"parent":49,"menu_order":0,"comment_status":"closed","ping_status":"closed","template":"","meta":{"footnotes":""},"class_list":["entry","author-woytas","post-420","page","type-page","status-publish"],"_links":{"self":[{"href":"https:\/\/praxiswoytas.de\/index.php?rest_route=\/wp\/v2\/pages\/420","targetHints":{"allow":["GET"]}}],"collection":[{"href":"https:\/\/praxiswoytas.de\/index.php?rest_route=\/wp\/v2\/pages"}],"about":[{"href":"https:\/\/praxiswoytas.de\/index.php?rest_route=\/wp\/v2\/types\/page"}],"author":[{"embeddable":true,"href":"https:\/\/praxiswoytas.de\/index.php?rest_route=\/wp\/v2\/users\/2"}],"replies":[{"embeddable":true,"href":"https:\/\/praxiswoytas.de\/index.php?rest_route=%2Fwp%2Fv2%2Fcomments&post=420"}],"version-history":[{"count":10,"href":"https:\/\/praxiswoytas.de\/index.php?rest_route=\/wp\/v2\/pages\/420\/revisions"}],"predecessor-version":[{"id":462,"href":"https:\/\/praxiswoytas.de\/index.php?rest_route=\/wp\/v2\/pages\/420\/revisions\/462"}],"up":[{"embeddable":true,"href":"https:\/\/praxiswoytas.de\/index.php?rest_route=\/wp\/v2\/pages\/49"}],"wp:attachment":[{"href":"https:\/\/praxiswoytas.de\/index.php?rest_route=%2Fwp%2Fv2%2Fmedia&parent=420"}],"curies":[{"name":"wp","href":"https:\/\/api.w.org\/{rel}","templated":true}]}}