{"id":424,"date":"2010-04-15T22:34:17","date_gmt":"2010-04-15T21:34:17","guid":{"rendered":"http:\/\/praxiswoytas.de\/?page_id=424"},"modified":"2011-03-01T12:57:42","modified_gmt":"2011-03-01T11:57:42","slug":"hautkrebsscreening","status":"publish","type":"page","link":"https:\/\/praxiswoytas.de\/?page_id=424","title":{"rendered":"Hautkrebsscreening"},"content":{"rendered":"<p><img loading=\"lazy\" decoding=\"async\" class=\"alignleft\" src=\"http:\/\/www.hautkrebs-screening.de\/images\/logos\/adp-logo-100.gif\" alt=\"\" width=\"178\" height=\"100\" \/> Der Gemeinsamen Bundesausschuss hat die bundesweite Einf\u00fchrung des Hautkrebs-<span lang=\"en\" xml:lang=\"en\">Screening<\/span> zum 1. Juli 2008 beschlossen.  Jeder gesetzlich Versicherte ab 35 Jahren hat nun alle zwei Jahre einen  Anspruch auf eine Hautkrebs-Fr\u00fcherkennungsuntersuchung. Wir sind f\u00fcr diese Vorsorgeuntersuchung qualifiziert und zertifiziert. Bitte vereinbaren Sie einen Termin f\u00fcr diese Untersuchung.<\/p>\n<p><strong>Wie l\u00e4uft das Screening ab?<\/strong><\/p>\n<p><em>Wie bereite ich mich auf die Untersuchung vor?<\/em><\/p>\n<p>Es gibt ein paar Dinge, die Sie beachten sollten, um sich und Ihrem Arzt die Untersuchung so einfach wie m\u00f6glich zu machen:<\/p>\n<ul>\n<li>Entfernen Sie vor der Untersuchung Nagellack von Finger- und Zehenn\u00e4geln, da Hautkrebs auch unter den N\u00e4geln entstehen kann. Auch K\u00f6rperschmuck wie Ohrstecker oder Piercings k\u00f6nnen dem Arzt das Erkennen kleiner Ver\u00e4nderungen erschweren.<\/li>\n<li>Verzichten Sie au\u00dferdem auf Make-up: Vor allem der \u201ehelle Hautkrebs&#8221; ist mit Make-up kaum zu entdecken.<\/li>\n<li>Da der Arzt Ihre Kopfhaut genau untersucht, sollten Sie auch auf aufwendige Frisuren (Gel, Haarspray, Z\u00f6pfe) verzichten.<\/li>\n<\/ul>\n<p><em>Wie l\u00e4uft die Untersuchung ab?<\/em><\/p>\n<p>Zuerst erkundigt sich Ihr Arzt nach Ihrem gesundheitlichen Zustand und Ihren Vorerkrankungen. Au\u00dferdem stellt er Risikofaktoren fest.<\/p>\n<ul>\n<li>Dann folgt die Untersuchung der ganzen Haut. Hierf\u00fcr legen Sie Ihre Kleidung ab. Der Arzt schaut zun\u00e4chst ihre Kopfhaut genau an, dazu scheitelt er mit einem Spatel die Haare. Auch die Ohren werden genau inspiziert.<\/li>\n<li>Damit Ihr Arzt sich Ihre Augen und die Lider anschauen kann, m\u00fcssen sie ggf. Ihre Brille absetzen. Mit einem neuen Spatel betrachtet er dann Ihre Mundschleimh\u00e4ute, Lippen und das Zahnfleisch.<\/li>\n<li> Es folgt die Kontrolle von Hals, Oberk\u00f6rper, Axillen, Armen und H\u00e4nden. Auch die Brust wird auf auff\u00e4llige Hautstellen hin untersucht.<\/li>\n<li>Die After- und Dammregion und die \u00e4u\u00dferen Genitalien werden ebenfalls angeschaut, da auch hier Hautkrebs auftreten kann, ebenso Ihre Beine. Die F\u00fc\u00dfe werden inklusive der Zehenzwischenr\u00e4ume und der Sohlen inspiziert.<\/li>\n<\/ul>\n<p>F\u00fcr die Untersuchung ben\u00f6tigt Ihr Arzt keine Instrumente, sondern nur eine helle Lampe und sein geschultes Auge.<\/p>\n<p>Dar\u00fcb<img loading=\"lazy\" decoding=\"async\" class=\"alignleft\" src=\"http:\/\/www.hautkrebs-screening.de\/images\/logos\/dkh-logo-100.gif\" alt=\"\" width=\"100\" height=\"100\" \/>er hinaus gibt Ihnen Ihr Arzt wertvolle Tipps f\u00fcr den richtigen Umgang mit der Sonne und informiert Sie dar\u00fcber, welche Krebsfr\u00fcherkennungs- und Gesundheitsuntersuchungen ab welchem Alter angeboten werden.<\/p>\n<p>Planen Sie f\u00fcr die gesamte Untersuchung etwa eine Viertelstunde ein.<\/p>\n<p>Die Kosten f\u00fcr das Screening \u00fcbernehmen die Krankenkassen. Wie bei anderen gesetzlichen Krebsfr\u00fcherkennungsuntersuchungen wird \u00fcber die Versichertenkarte abgerechnet. Wenn Sie nur wegen des Hautkrebs-Screenings beim Arzt sind, m\u00fcssen Sie keine Praxisgeb\u00fchr bezahlen.<\/p>\n","protected":false},"excerpt":{"rendered":"<p>Der Gemeinsamen Bundesausschuss hat die bundesweite Einf\u00fchrung des Hautkrebs-Screening zum 1. Juli 2008 beschlossen. Jeder gesetzlich Versicherte ab 35 Jahren hat nun alle zwei Jahre einen Anspruch auf eine Hautkrebs-Fr\u00fcherkennungsuntersuchung. Wir sind f\u00fcr diese Vorsorgeuntersuchung qualifiziert und zertifiziert. Bitte vereinbaren Sie einen Termin f\u00fcr diese Untersuchung. Wie l\u00e4uft das Screening<span class=\"more-link\"><a href=\"https:\/\/praxiswoytas.de\/?page_id=424\">*** weiter lesen *** <\/a><\/span><\/p>\n","protected":false},"author":2,"featured_media":0,"parent":420,"menu_order":0,"comment_status":"closed","ping_status":"closed","template":"","meta":{"footnotes":""},"class_list":["entry","author-woytas","post-424","page","type-page","status-publish"],"_links":{"self":[{"href":"https:\/\/praxiswoytas.de\/index.php?rest_route=\/wp\/v2\/pages\/424","targetHints":{"allow":["GET"]}}],"collection":[{"href":"https:\/\/praxiswoytas.de\/index.php?rest_route=\/wp\/v2\/pages"}],"about":[{"href":"https:\/\/praxiswoytas.de\/index.php?rest_route=\/wp\/v2\/types\/page"}],"author":[{"embeddable":true,"href":"https:\/\/praxiswoytas.de\/index.php?rest_route=\/wp\/v2\/users\/2"}],"replies":[{"embeddable":true,"href":"https:\/\/praxiswoytas.de\/index.php?rest_route=%2Fwp%2Fv2%2Fcomments&post=424"}],"version-history":[{"count":7,"href":"https:\/\/praxiswoytas.de\/index.php?rest_route=\/wp\/v2\/pages\/424\/revisions"}],"predecessor-version":[{"id":428,"href":"https:\/\/praxiswoytas.de\/index.php?rest_route=\/wp\/v2\/pages\/424\/revisions\/428"}],"up":[{"embeddable":true,"href":"https:\/\/praxiswoytas.de\/index.php?rest_route=\/wp\/v2\/pages\/420"}],"wp:attachment":[{"href":"https:\/\/praxiswoytas.de\/index.php?rest_route=%2Fwp%2Fv2%2Fmedia&parent=424"}],"curies":[{"name":"wp","href":"https:\/\/api.w.org\/{rel}","templated":true}]}}