{"id":457,"date":"2010-04-21T21:05:17","date_gmt":"2010-04-21T20:05:17","guid":{"rendered":"http:\/\/praxiswoytas.de\/?page_id=457"},"modified":"2011-01-05T02:12:50","modified_gmt":"2011-01-05T01:12:50","slug":"check-up-35","status":"publish","type":"page","link":"https:\/\/praxiswoytas.de\/?page_id=457","title":{"rendered":"Check-up 35"},"content":{"rendered":"<p>Unser K\u00f6rper ist heute vielf\u00e4ltigen Belastungen bzw. Risikofaktoren ausgesetzt, die durch den pers\u00f6nlichen Lebensstil sowie \u00e4u\u00dfere Einfl\u00fcsse bedingt sind (z. B. Fehlern\u00e4hrung, Bewegungsmangel, Tabak- und Alkoholkonsum, Stress, Umwelteinfl\u00fcsse u. a.). Wird er \u00fcberfordert, k\u00f6nnen so genannte Zivilisationskrankheiten, wie z. B.  Herz-Kreislauf-Erkrankungen oder ein Diabetes mellitus Typ 2 m\u00f6gliche Folgen sein. Ob und wie stark jeder Einzelne gef\u00e4hrdet ist, kann die \u00c4rztin oder der Arzt oft schon einsch\u00e4tzen, bevor eine Erkrankung entsteht. Sie oder er kann bei der Gesundheitsuntersuchung, dem sogenannten \u201eCheck-up 35&#8243;, feststellen, ob bestimmte Krankheiten bereits vorliegen oder entsprechende Risikofaktoren erkennbar sind. Deshalb ist es empfehlenswert, zur Gesundheitsuntersuchung zu gehen, auch wenn man gar keine Beschwerden sp\u00fcrt und sich gesund f\u00fchlt. Die Gesundheitsuntersuchung bzw. der \u201eCheck-up 35&#8243; steht allen weiblichen und m\u00e4nnlichen Versicherten ab dem Alter von 35 Jahren im Abstand von zwei Jahren zu.<br \/>\nWas leistet die Gesundheitsuntersuchung?<\/p>\n<p>Ziel der Untersuchung ist die Fr\u00fcherkennung von ausgew\u00e4hlten Zivilisationskrankheiten, insbesondere von Herz-Kreislauf- und Nierenerkrankungen sowie der Zuckerkrankheit (Diabetes mellitus).<\/p>\n<p>Die Gesundheitsuntersuchung, auch kurz \u201eCheck-up 35&#8243; genannt, besteht aus mehreren Teilen. Im Vordergrund steht zun\u00e4chst das Gespr\u00e4ch. Die \u00c4rztin oder der Arzt befragt die\/den Versicherte(n) nach eigenen Vorerkrankungen sowie nach Erkrankungen innerhalb der Familie und nach eventuellen Beschwerden (Anamnese). Dann wird eine k\u00f6rperliche Untersuchung vorgenommen, wobei u. a. der Blutdruck gemessen wird. Des Weiteren erfolgt eine Blutentnahme, um im Labor die Werte f\u00fcr Blutzucker und Cholesterin zu bestimmen. Durch die Messung des Blutzuckers kann die \u00c4rztin oder der Arzt erkennen, ob ein Diabetes mellitus angenommen werden muss. Ein erh\u00f6hter Gesamtcholesterinwert kann darauf hinweisen, dass ein Risiko f\u00fcr eine Arteriosklerose (Gef\u00e4\u00dfverkalkung) vorliegt und damit ein erh\u00f6htes Risiko z. B. f\u00fcr einen Herzinfarkt besteht, insbesondere wenn andere Risikofaktoren wie erh\u00f6hter Blutdruck und Rauchen dazu kommen. Zur Gesundheitsuntersuchung geh\u00f6rt ebenfalls ein Urinstreifentest. Dabei wird ein Teststreifen in eine Urinprobe der\/des Versicherten getaucht. Die Farbfelder geben Hinweise auf die Konzentration von Substanzen im Urin, die z. B. Hinweise auf das Vorliegen von Nierenerkrankungen oder einer Zuckerkrankheit geben k\u00f6nnen.<\/p>\n<p>In der Abschlussberatung informiert die \u00c4rztin oder der Arzt die\/den Versicherte(n) \u00fcber das Ergebnis der durchgef\u00fchrten Gesundheitsuntersuchung und er\u00f6rtert mit ihr\/ihm die m\u00f6glichen Auswirkungen auf ihre\/seine weitere Lebensgestaltung und \u00fcber ggf. notwendige Behandlungsma\u00dfnahmen. Dabei wird insbesondere das individuelle Risikoprofil angesprochen und auf Hilfen zur Vermeidung und zum Abbau gesundheitssch\u00e4digender Verhaltensweisen hingewiesen. Dar\u00fcber hinaus sollen Versicherte zu einer regelm\u00e4\u00dfigen Inanspruchnahme der Krebsfr\u00fcherkennungsuntersuchung motiviert bzw. diese gegebenenfalls zeitgleich durchgef\u00fchrt werden.<\/p>\n<p>F\u00fcr die Versicherten hat die Gesundheitsuntersuchung mehrere Funktionen:<\/p>\n<p>* Sie verschafft einen \u00dcberblick \u00fcber die eigene gesundheitliche Situation.<\/p>\n<p>* Sie kl\u00e4rt Fragen zu einer gesundheitsf\u00f6rderlichen Lebensweise zur Reduzierung von entdeckten Risikofaktoren durch ein \u00e4rztliches Aufkl\u00e4rungsgespr\u00e4ch.<\/p>\n<p>* Es werden Vorbeugungsma\u00dfnahmen von gesundheitlichen St\u00f6rungen er\u00f6rtert, bevor diese zu schweren chronischen Krankheiten f\u00fchren.<\/p>\n<p>* Es k\u00f6nnen Risikokonstellationen f\u00fcr Krankheitsentstehung und bereits eingetretene Krankheiten im Anfangsstadium erkannt werden und deren Folgesch\u00e4den durch fr\u00fchzeitige Behandlung begrenzt werden.<\/p>\n<p>Quelle: BMG<\/p>\n<p><a title=\"Vorsorge\" href=\"http:\/\/daris.kbv.de\/daris\/link.asp?ID=1003760798\" target=\"_blank\">Vorsorge-Checker<\/a><\/p>\n<p><a title=\"Vorsorge\" href=\"http:\/\/daris.kbv.de\/daris\/link.asp?ID=1003760799\" target=\"_blank\">Fr\u00fcherkennungs- und Vorsorgeuntersuchungen<\/a><\/p>\n<h2>Wir bieten Ihnen folgende Gesundheits-Check-Ups an:<\/h2>\n<h3>* Komplett Gesundheitscheck<\/h3>\n<p>Ein Gesundheitscheck sollte strukturiert, aber gleichzeitig auch individuell zusammengestellt sein. Deshalb empfehlen wir Ihnen unseren kompletten Gesundheitscheck. Dieser besteht aus vielen Untersuchungsbausteinen.<\/p>\n<h3>* Basis Gesundheitscheck, Erg\u00e4nzung zum &#8220;Check-up 35&#8221;<\/h3>\n<p>Dieses Checkup-Programm ist eine preiswerte Alternative insbesondere f\u00fcr Patienten, die nicht privat versichert sind, da die gesetzlichen Krankenversicherungen meist nur einen geringen Teil dieser Untersuchungen abdecken.<\/p>\n<h3>* Fitness Gesundheitscheck<\/h3>\n<p>Auch Freizeitsportler sollten regelm\u00e4\u00dfig einen Check-up durchf\u00fchren lassen. Erst recht, wenn Sie nach l\u00e4ngerer Pause wieder mit dem Sport anfangen wollen. Neben Ergometrie und Lactatstufentest wird auch eine Lungenfunktion durchgef\u00fchrt.<\/p>\n<h3>* Raucher Gesundheitscheck<\/h3>\n<p>Raucher haben ein eindeutig erh\u00f6htes Schlaganfall- und Herzinfarktrisiko. Weitere Folgeerkrankungen sind das sog. Raucherbein sowie Lungenerkrankungen wie Bronchitis oder auch Lungenkarzinom.<\/p>\n<h2>Erstattung durch die Versicherung<\/h2>\n<p>Wenn der Gesundheitscheck je nach Krankheitsvorgeschichte, Alter und Risikofaktoren individuell zusammengestellt wird und nur medizinisch notwendige Untersuchungen durchgef\u00fchrt werden, gibt es im Allgemeinen keine Schwierigkeiten mit der Kostenerstattung durch private Krankenversicherungen oder Beihilfestellen.<\/p>\n<p>Hier wird in einem pers\u00f6nlichen Vorabgespr\u00e4ch gekl\u00e4rt, welche Untersuchungen in Ihrem individuellen Fall medizinisch indiziert sind. Die Rechnungen werden auf Basis der GO\u00c4 (Geb\u00fchrenordnung f\u00fcr \u00c4rzte) von unserer internistischen Gemeinschaftspraxis ausgestellt.<\/p>\n","protected":false},"excerpt":{"rendered":"<p>Unser K\u00f6rper ist heute vielf\u00e4ltigen Belastungen bzw. Risikofaktoren ausgesetzt, die durch den pers\u00f6nlichen Lebensstil sowie \u00e4u\u00dfere Einfl\u00fcsse bedingt sind (z. B. Fehlern\u00e4hrung, Bewegungsmangel, Tabak- und Alkoholkonsum, Stress, Umwelteinfl\u00fcsse u. a.). Wird er \u00fcberfordert, k\u00f6nnen so genannte Zivilisationskrankheiten, wie z. B. Herz-Kreislauf-Erkrankungen oder ein Diabetes mellitus Typ 2 m\u00f6gliche Folgen sein.<span class=\"more-link\"><a href=\"https:\/\/praxiswoytas.de\/?page_id=457\">*** weiter lesen *** <\/a><\/span><\/p>\n","protected":false},"author":2,"featured_media":0,"parent":420,"menu_order":0,"comment_status":"closed","ping_status":"closed","template":"","meta":{"footnotes":""},"class_list":["entry","author-woytas","post-457","page","type-page","status-publish"],"_links":{"self":[{"href":"https:\/\/praxiswoytas.de\/index.php?rest_route=\/wp\/v2\/pages\/457","targetHints":{"allow":["GET"]}}],"collection":[{"href":"https:\/\/praxiswoytas.de\/index.php?rest_route=\/wp\/v2\/pages"}],"about":[{"href":"https:\/\/praxiswoytas.de\/index.php?rest_route=\/wp\/v2\/types\/page"}],"author":[{"embeddable":true,"href":"https:\/\/praxiswoytas.de\/index.php?rest_route=\/wp\/v2\/users\/2"}],"replies":[{"embeddable":true,"href":"https:\/\/praxiswoytas.de\/index.php?rest_route=%2Fwp%2Fv2%2Fcomments&post=457"}],"version-history":[{"count":6,"href":"https:\/\/praxiswoytas.de\/index.php?rest_route=\/wp\/v2\/pages\/457\/revisions"}],"predecessor-version":[{"id":459,"href":"https:\/\/praxiswoytas.de\/index.php?rest_route=\/wp\/v2\/pages\/457\/revisions\/459"}],"up":[{"embeddable":true,"href":"https:\/\/praxiswoytas.de\/index.php?rest_route=\/wp\/v2\/pages\/420"}],"wp:attachment":[{"href":"https:\/\/praxiswoytas.de\/index.php?rest_route=%2Fwp%2Fv2%2Fmedia&parent=457"}],"curies":[{"name":"wp","href":"https:\/\/api.w.org\/{rel}","templated":true}]}}