{"id":461,"date":"2010-04-21T21:11:32","date_gmt":"2010-04-21T20:11:32","guid":{"rendered":"http:\/\/praxiswoytas.de\/?page_id=461"},"modified":"2010-04-21T23:01:08","modified_gmt":"2010-04-21T22:01:08","slug":"krebsfruherkennung","status":"publish","type":"page","link":"https:\/\/praxiswoytas.de\/?page_id=461","title":{"rendered":"Krebsfr\u00fcherkennung"},"content":{"rendered":"<p>Nach der Krebsfr\u00fcherkennungs-Richtlinie in der derzeit g\u00fcltigen  Fassung ist f\u00fcr das Krebsfr\u00fcherkennungsprogramm der gesetzlichen  Krankenversicherung im Einzelnen Folgendes vorgesehen:<\/p>\n<p><strong>Grunds\u00e4tzlich besteht ab den angegebenen Altersgrenzen ein  j\u00e4hrlicher Anspruch, sofern nichts anderes festgelegt ist.<\/strong><\/p>\n<p><strong>F\u00fcr Frauen ab dem Alter von 20 Jahren:<\/strong><\/p>\n<p>Zur Fr\u00fcherkennung von Krebserkrankungen der Geschlechtsorgane<\/p>\n<ul>\n<li>gezielte Anamnese (z. B. Fragen nach Blutungsst\u00f6rungen,  Ausfluss)<\/li>\n<li>Inspektion des Muttermundes<\/li>\n<li>Entnahme von  Untersuchungsmaterial vom Muttermund und aus dem Geb\u00e4rmutterhals  (Krebsabstrich) und zytologische Untersuchung (Pap\u2013Test)<\/li>\n<li>gyn\u00e4kologische  Tastuntersuchung<\/li>\n<li>Beratung \u00fcber das Ergebnis<\/li>\n<\/ul>\n<p><strong>zus\u00e4tzlich ab dem Alter von 30 Jahren:<\/strong><\/p>\n<p><strong>Zur Fr\u00fcherkennung von Krebserkrankungen der Brust (Mamma) <\/strong><\/p>\n<ul>\n<li>gezielte Anamnese (z. B. Fragen nach Ver\u00e4nderungen\/Beschwerden  der Brust)<\/li>\n<li>Inspektion und Abtasten der Brust und der region\u00e4ren  Lymphknoten einschlie\u00dflich der Anleitung zur Selbstuntersuchung<\/li>\n<\/ul>\n<p><strong>zus\u00e4tzlich ab dem Alter von 35 Jahren:<\/strong><\/p>\n<p><strong>Zur Fr\u00fcherkennung von Krebserkrankungen der Haut (im Abstand  von zwei Jahren)<\/strong><\/p>\n<ul>\n<li>gezielte Anamnese (z. B. Fragen nach Ver\u00e4nderungen\/Beschwerden  der Haut)<\/li>\n<li>visuelle, standardisierte Ganzk\u00f6rperinspektion der  gesamten Haut einschlie\u00dflich des behaarten Kopfes und aller  K\u00f6rperhautfalten (vor allem Achselh\u00f6hlen, Leisten, Ges\u00e4\u00dfspalte,<\/li>\n<li> Finger- und Zehenzwischenr\u00e4ume, Unterbrustbereich, Bauchnabel)<\/li>\n<li>Befundmitteilung  mit diesbez\u00fcglicher Beratung<br \/>\n(im Falle eines verd\u00e4chtigen Befundes erfolgt die weitere Abkl\u00e4rung bei  einem Facharzt\/einer Fach\u00e4rztin f\u00fcr Haut- und Geschlechtskrankheiten  (Dermatologe\/Dermatologin))<\/li>\n<\/ul>\n<p><strong>zus\u00e4tzlich ab dem Alter von 50 Jahren:<\/strong><\/p>\n<p><strong>Zur Fr\u00fcherkennung von Krebserkrankungen der Brust<\/strong><\/p>\n<ul>\n<li>Mammographie-Screening im Abstand von zwei Jahren bis zum Ende  des 70. Lebensjahres<\/li>\n<li>(Information und schriftliche Einladung  aller Frauen im Alter von 50 bis 69 Jahren in zertifizierte so genannte  Screening-Einheiten: Dort erfolgt die R\u00f6ntgenuntersuchung der Brust  beiderseits durch Mammographie sowie die Veranlassung einer ggf.  notwendigen Abkl\u00e4rungsdiagnostik)<\/li>\n<\/ul>\n<p><strong>Zur Fr\u00fcherkennung von Krebserkrankungen des End- und des  \u00fcbrigen Dickdarms<\/strong><\/p>\n<ul>\n<li>gezielte Beratung<\/li>\n<li>Tastuntersuchung des Enddarms<\/li>\n<li>Test  (Guajak-Test, FOBT) auf verborgenes Blut im Stuhl (j\u00e4hrlich bis zum  Alter von 54 Jahren)<\/li>\n<\/ul>\n<p><strong>zus\u00e4tzlich ab dem Alter von 55 Jahren:<\/strong><\/p>\n<ul>\n<li>gezielte Beratung<\/li>\n<li>zwei Koloskopien (Darmspiegelungen) im  Abstand von 10 Jahren oder<\/li>\n<li>Test (Guajak-Test, FOBT) auf  verborgenes Blut im Stuhl alle zwei Jahre.<\/li>\n<\/ul>\n<p><strong>F\u00fcr M\u00e4nner ab dem Alter von 35 Jahren:<\/strong><\/p>\n<p><strong>Zur Fr\u00fcherkennung von Krebserkrankungen der Haut (im Abstand  von zwei Jahren; wie bei Frauen)<\/strong><\/p>\n<ul>\n<li>gezielte Anamnese (z. B. Fragen nach Ver\u00e4nderungen\/Beschwerden  der Haut)<\/li>\n<li>visuelle, standardisierte Ganzk\u00f6rperinspektion der  gesamten Haut einschlie\u00dflich des behaarten Kopfes und aller  K\u00f6rperhautfalten (vor allem Achselh\u00f6hlen, Leisten, Ges\u00e4\u00dfspalte, Finger-  und Zehenzwischenr\u00e4ume, Unterbrustbereich, Bauchnabel)<\/li>\n<li>Befundmitteilung  mit diesbez\u00fcglicher Beratung<br \/>\n(im Falle eines verd\u00e4chtigen Befundes erfolgt die weitere Abkl\u00e4rung bei  einem Facharzt\/einer Fach\u00e4rztin f\u00fcr Haut- und Geschlechtskrankheiten  (Dermatologe\/Dermatologin))<\/li>\n<\/ul>\n<p><strong>zus\u00e4tzlich ab dem Alter von 45 Jahren:<\/strong><\/p>\n<p><strong>Zur Fr\u00fcherkennung von Krebserkrankungen der Geschlechtsorgane<\/strong><\/p>\n<ul>\n<li>gezielte Anamnese<\/li>\n<li>Inspektion und Abtasten der \u00e4u\u00dferen  Geschlechtsorgane<\/li>\n<li>Tastuntersuchung der Prostata<\/li>\n<li>Tastuntersuchung  der region\u00e4ren Lymphknoten<\/li>\n<li>Beratung \u00fcber das Ergebnis<\/li>\n<\/ul>\n<p><strong>zus\u00e4tzlich ab dem Alter von 50 Jahren:<\/strong><\/p>\n<p><strong>Zur Fr\u00fcherkennung von Krebserkrankungen des End- und des  \u00fcbrigen Dickdarms (wie bei Frauen)<\/strong><\/p>\n<ul>\n<li>gezielte Beratung<\/li>\n<li>Tastuntersuchung des Enddarms<\/li>\n<li>Test  (Guajak-Test, FOBT) auf verborgenes Blut im Stuhl (j\u00e4hrlich bis zum  Alter von 54 Jahren)<\/li>\n<\/ul>\n<p><strong>zus\u00e4tzlich ab dem Alter von 55 Jahren:<\/strong><\/p>\n<ul>\n<li>gezielte Beratung<\/li>\n<li>zwei Koloskopien (Darmspiegelungen) im  Abstand von 10 Jahren oder<\/li>\n<li>Test (Guajak-Test, FOBT) auf  verborgenes Blut im Stuhl alle zwei Jahre.<\/li>\n<\/ul>\n<p>Die vorgenannten Untersuchungen umfassen auch die Befundmitteilung  mit anschlie\u00dfender diesbez\u00fcglicher Beratung.<\/p>\n<p>Unterscheidung Screeninguntersuchungen \u2013 kurative Untersuchungen<\/p>\n<p>Von diesen Screeningangeboten im Rahmen des gesetzlichen  Krebsfr\u00fcherkennungsprogramms sind diejenigen diagnostischen, auch  \u201ekurativ\u201c genannten Untersuchungen zu unterscheiden, die aufgrund von  Beschwerden oder bei Krankheitsverdacht erforderlich werden. Hierzu  z\u00e4hlt zum Beispiel die so genannte \u201ekurative\u201c Mammographie.<br \/>\nAuch kann beispielsweise eine gyn\u00e4kologische Ultraschalluntersuchung zur  Abkl\u00e4rung erforderlich sein, wenn Beschwerden aufgetreten sind. F\u00fcr  diese F\u00e4lle gelten nicht die oben genannten Richtlinien zur  Fr\u00fcherkennung von Krebskrankheiten, sondern es gilt der Leistungskatalog  der gesetzlichen Krankenversicherung. Danach haben Versicherte Anspruch  auf Krankenbehandlung, wenn sie notwendig ist, um eine Krankheit zu  erkennen, zu heilen, ihre Verschlimmerung zu verh\u00fcten oder  Krankheitsbeschwerden zu lindern.<\/p>\n<p>Um im Einzelfall zu kl\u00e4ren, ob eine bestimmte \u00e4rztliche Leistung in die  Leistungspflicht der gesetzlichen Krankenversicherung f\u00e4llt, k\u00f6nnen sich  Versicherte an ihre Krankenkasse wenden.<\/p>\n<p>Fr\u00fcherkennungsuntersuchungen im Rahmen des gesetzlichen  Fr\u00fcherkennungsprogramms sind von der Praxisgeb\u00fchr befreit. Sollten  jedoch weitere Untersuchungen, die nicht Teil des gesetzlichen  Fr\u00fcherkennungsprogramms sind, erforderlich werden oder sollte die  \u00c4rztin\/der Arzt zum Beispiel Arzneimittel oder Verh\u00fctungsmittel  (Kontrazeptiva) verschreiben, ist hierf\u00fcr die Praxisgeb\u00fchr zu  entrichten. Dies gilt nicht f\u00fcr privat zu bezahlende so genannte  Individuelle Gesundheitsleistungen (IGeL). F\u00fcr diese ist ebenfalls keine  Praxisgeb\u00fchr zu bezahlen.<\/p>\n","protected":false},"excerpt":{"rendered":"<p>Nach der Krebsfr\u00fcherkennungs-Richtlinie in der derzeit g\u00fcltigen Fassung ist f\u00fcr das Krebsfr\u00fcherkennungsprogramm der gesetzlichen Krankenversicherung im Einzelnen Folgendes vorgesehen: Grunds\u00e4tzlich besteht ab den angegebenen Altersgrenzen ein j\u00e4hrlicher Anspruch, sofern nichts anderes festgelegt ist. F\u00fcr Frauen ab dem Alter von 20 Jahren: Zur Fr\u00fcherkennung von Krebserkrankungen der Geschlechtsorgane gezielte Anamnese (z.<span class=\"more-link\"><a href=\"https:\/\/praxiswoytas.de\/?page_id=461\">*** weiter lesen *** <\/a><\/span><\/p>\n","protected":false},"author":2,"featured_media":0,"parent":420,"menu_order":0,"comment_status":"closed","ping_status":"closed","template":"","meta":{"footnotes":""},"class_list":["entry","author-woytas","post-461","page","type-page","status-publish"],"_links":{"self":[{"href":"https:\/\/praxiswoytas.de\/index.php?rest_route=\/wp\/v2\/pages\/461","targetHints":{"allow":["GET"]}}],"collection":[{"href":"https:\/\/praxiswoytas.de\/index.php?rest_route=\/wp\/v2\/pages"}],"about":[{"href":"https:\/\/praxiswoytas.de\/index.php?rest_route=\/wp\/v2\/types\/page"}],"author":[{"embeddable":true,"href":"https:\/\/praxiswoytas.de\/index.php?rest_route=\/wp\/v2\/users\/2"}],"replies":[{"embeddable":true,"href":"https:\/\/praxiswoytas.de\/index.php?rest_route=%2Fwp%2Fv2%2Fcomments&post=461"}],"version-history":[{"count":4,"href":"https:\/\/praxiswoytas.de\/index.php?rest_route=\/wp\/v2\/pages\/461\/revisions"}],"predecessor-version":[{"id":472,"href":"https:\/\/praxiswoytas.de\/index.php?rest_route=\/wp\/v2\/pages\/461\/revisions\/472"}],"up":[{"embeddable":true,"href":"https:\/\/praxiswoytas.de\/index.php?rest_route=\/wp\/v2\/pages\/420"}],"wp:attachment":[{"href":"https:\/\/praxiswoytas.de\/index.php?rest_route=%2Fwp%2Fv2%2Fmedia&parent=461"}],"curies":[{"name":"wp","href":"https:\/\/api.w.org\/{rel}","templated":true}]}}