{"id":465,"date":"2010-04-21T21:59:54","date_gmt":"2010-04-21T20:59:54","guid":{"rendered":"http:\/\/praxiswoytas.de\/?page_id=465"},"modified":"2010-04-21T22:01:55","modified_gmt":"2010-04-21T21:01:55","slug":"fruherkennung-von-krankheiten-bei-kindern","status":"publish","type":"page","link":"https:\/\/praxiswoytas.de\/?page_id=465","title":{"rendered":"Fr\u00fcherkennung von Krankheiten bei Kindern"},"content":{"rendered":"<p>Der Umfang der Fr\u00fcherkennungsma\u00dfnahmen bei Kindern ist in den  Kinder-Richtlinien des G-BA festgelegt. Im \u201eUntersuchungsheft f\u00fcr  Kinder\u201c (Anlage zu den Richtlinien) werden die Befunde dokumentiert. Das  gelbe Heft wird den Eltern nach der Geburt von der Entbindungsstation  oder durch die Hebamme \u00fcbergeben.<\/p>\n<p>Die nach den Richtlinien  durchzuf\u00fchrenden \u00e4rztlichen Ma\u00dfnahmen dienen der Fr\u00fcherkennung von  Krankheiten, die eine normale k\u00f6rperliche oder geistige Entwicklung des  Kindes gef\u00e4hrden. Die vorgesehenen Untersuchungen m\u00fcssen innerhalb  bestimmter Zeitr\u00e4ume wahrgenommen werden.<\/p>\n<table border=\"1\" cellspacing=\"2\" cellpadding=\"1\" summary=\"Fr\u00fcherkennungsma\u00dfnahmen bei Kindern im \u00dcberblick\">\n<caption> <\/caption>\n<thead>\n<tr align=\"left\" valign=\"top\">\n<th id=\"th0CE29C800000\"><\/th>\n<th id=\"th0CE29C800001\">Zeitraum<\/th>\n<th id=\"th0CE29C800002\">Ma\u00dfnahmen<\/th>\n<\/tr>\n<\/thead>\n<tbody>\n<tr align=\"left\" valign=\"top\">\n<td class=\"first-child\">U1<\/td>\n<td>Neugeborenen-Erstuntersuchung<\/td>\n<td class=\"last-child\">Kontrolle  von Hautfarbe, Atmung, Muskelt\u00e4tigkeit, Herzschlag und Reflexen<br \/>\nScreening  zur Fr\u00fcherkennung angeborener Stoffwechseldefekte und endokriner  St\u00f6rungen<br \/>\nH\u00f6rscreening zur Erkennung beidseitiger H\u00f6rst\u00f6rungen ab  einem H\u00f6rverlust von 35 dB<\/td>\n<\/tr>\n<tr align=\"left\" valign=\"top\">\n<td class=\"first-child\">U2<\/td>\n<td>3. &#8211; 10. Lebenstag<\/td>\n<td class=\"last-child\">Untersuchung  von Organen, Sinnesorganen und Reflexen<\/td>\n<\/tr>\n<tr align=\"left\" valign=\"top\">\n<td class=\"first-child\">U3<\/td>\n<td>4. &#8211; 5. Lebenswoche<\/td>\n<td class=\"last-child\">Pr\u00fcfung  der altersgem\u00e4\u00dfen Entwicklung der Reflexe, der Motorik, des Gewichts  und der Reaktionen, Untersuchung der Organe und der H\u00fcften, Abfrage des  Trinkverhaltens<\/td>\n<\/tr>\n<tr align=\"left\" valign=\"top\">\n<td class=\"first-child\">U4<\/td>\n<td>3. &#8211; 4. Lebensmonat<\/td>\n<td class=\"last-child\">Untersuchung  der Organe, Sinnesorgane, Geschlechtsorgane und der Haut, von Wachstum,  Motorik und Nervensystem<\/td>\n<\/tr>\n<tr align=\"left\" valign=\"top\">\n<td class=\"first-child\">U5<\/td>\n<td>6. &#8211; 7. Lebensmonat<\/td>\n<td class=\"last-child\">Untersuchung  der Organe, Sinnesorgane, Geschlechtsorgane und der Haut, von Wachstum,  Motorik und Nervensystem<\/td>\n<\/tr>\n<tr align=\"left\" valign=\"top\">\n<td class=\"first-child\">U6<\/td>\n<td>10. &#8211; 12. Lebensmonat<\/td>\n<td class=\"last-child\">Kontrolle  der geistigen Entwicklung, der Sinnesorgane und der Bewegungsf\u00e4higkeit<\/td>\n<\/tr>\n<tr align=\"left\" valign=\"top\">\n<td class=\"first-child\">U7<\/td>\n<td>21. &#8211; 24. Lebensmonat<\/td>\n<td class=\"last-child\">Test  der sprachlichen Entwicklung, Feinmotorik und K\u00f6rperbeherrschung<\/td>\n<\/tr>\n<tr align=\"left\" valign=\"top\">\n<td class=\"first-child\">U7a<\/td>\n<td>34. &#8211; 36. Lebensmonat<\/td>\n<td class=\"last-child\">Fr\u00fchzeitige  Erkennung von Sehst\u00f6rungen und sonstigen Auff\u00e4lligkeiten<\/td>\n<\/tr>\n<tr align=\"left\" valign=\"top\">\n<td class=\"first-child\">U8<\/td>\n<td>46. &#8211; 48. Lebensmonat<\/td>\n<td class=\"last-child\">Intensive  Pr\u00fcfung der Entwicklung von Sprache, Aussprache und Verhalten, um  eventuelle Krankheiten und Fehlentwicklungen im Vorschulalter gezielt  behandeln zu k\u00f6nnen.<\/td>\n<\/tr>\n<tr align=\"left\" valign=\"top\">\n<td class=\"first-child\">U9<\/td>\n<td>60. &#8211; 64. Lebensmonat<\/td>\n<td class=\"last-child\">Pr\u00fcfung  der Motorik und Sprachentwicklung, um eventuelle Krankheiten und  Fehlentwicklungen vor dem Schuleintritt zu erkennen und zu heilen.<\/td>\n<\/tr>\n<\/tbody>\n<\/table>\n<p>Quelle: GBA<\/p>\n","protected":false},"excerpt":{"rendered":"<p>Der Umfang der Fr\u00fcherkennungsma\u00dfnahmen bei Kindern ist in den Kinder-Richtlinien des G-BA festgelegt. Im \u201eUntersuchungsheft f\u00fcr Kinder\u201c (Anlage zu den Richtlinien) werden die Befunde dokumentiert. Das gelbe Heft wird den Eltern nach der Geburt von der Entbindungsstation oder durch die Hebamme \u00fcbergeben. Die nach den Richtlinien durchzuf\u00fchrenden \u00e4rztlichen Ma\u00dfnahmen dienen<span class=\"more-link\"><a href=\"https:\/\/praxiswoytas.de\/?page_id=465\">*** weiter lesen *** <\/a><\/span><\/p>\n","protected":false},"author":2,"featured_media":0,"parent":420,"menu_order":0,"comment_status":"closed","ping_status":"closed","template":"","meta":{"footnotes":""},"class_list":["entry","author-woytas","post-465","page","type-page","status-publish"],"_links":{"self":[{"href":"https:\/\/praxiswoytas.de\/index.php?rest_route=\/wp\/v2\/pages\/465","targetHints":{"allow":["GET"]}}],"collection":[{"href":"https:\/\/praxiswoytas.de\/index.php?rest_route=\/wp\/v2\/pages"}],"about":[{"href":"https:\/\/praxiswoytas.de\/index.php?rest_route=\/wp\/v2\/types\/page"}],"author":[{"embeddable":true,"href":"https:\/\/praxiswoytas.de\/index.php?rest_route=\/wp\/v2\/users\/2"}],"replies":[{"embeddable":true,"href":"https:\/\/praxiswoytas.de\/index.php?rest_route=%2Fwp%2Fv2%2Fcomments&post=465"}],"version-history":[{"count":2,"href":"https:\/\/praxiswoytas.de\/index.php?rest_route=\/wp\/v2\/pages\/465\/revisions"}],"predecessor-version":[{"id":468,"href":"https:\/\/praxiswoytas.de\/index.php?rest_route=\/wp\/v2\/pages\/465\/revisions\/468"}],"up":[{"embeddable":true,"href":"https:\/\/praxiswoytas.de\/index.php?rest_route=\/wp\/v2\/pages\/420"}],"wp:attachment":[{"href":"https:\/\/praxiswoytas.de\/index.php?rest_route=%2Fwp%2Fv2%2Fmedia&parent=465"}],"curies":[{"name":"wp","href":"https:\/\/api.w.org\/{rel}","templated":true}]}}