{"id":470,"date":"2010-06-17T00:07:29","date_gmt":"2010-06-16T23:07:29","guid":{"rendered":"http:\/\/praxiswoytas.de\/?page_id=470"},"modified":"2010-06-17T00:07:29","modified_gmt":"2010-06-16T23:07:29","slug":"fruherkennung-von-krankheiten-bei-jugendlichen","status":"publish","type":"page","link":"https:\/\/praxiswoytas.de\/?page_id=470","title":{"rendered":"Fr\u00fcherkennung von Krankheiten bei Jugendlichen"},"content":{"rendered":"<p>Zur  Fr\u00fcherkennung von Krankheiten bei Jugendlichen gibt es die sogenannte  &#8220;Jugendgesundheitsuntersuchung&#8221;. Sie findet im Alter von 13 bis 14  Jahren statt. Der Umfang der Fr\u00fcherkennungsma\u00dfnahmen ist in den  Richtlinien des G-BA f\u00fcr alle Krankenkassen verbindlich festgelegt.<\/p>\n<p>Anamnese  und k\u00f6rperliche Untersuchung beschr\u00e4nken sich dabei auf diejenigen  St\u00f6rungen und Verhaltensauff\u00e4lligkeiten, die schon in einem fr\u00fchen  Stadium einer Behandlung und Beratung zugef\u00fchrt werden k\u00f6nnen bzw. von  Bedeutung sind f\u00fcr die soziale Integration des Jugendlichen. Untersucht  werden aber auch auff\u00e4llige seelische Entwicklungen oder  Verhaltensst\u00f6rungen. Eine Fehlentwicklung in der Pubert\u00e4t soll so  verhindert werden.<\/p>\n<p>Dar\u00fcber hinaus hat die Untersuchung das Ziel,  individuell auftretende gesundheitsgef\u00e4hrdende Verhaltensweisen  fr\u00fchzeitig zu erkennen (z.B. Rauchen, Alkohol- und Drogenkonsum). Die  Untersuchung bietet die Gelegenheit, die Jugendlichen \u00fcber  gesundheitliche Gef\u00e4hrdungen aufzukl\u00e4ren.<\/p>\n<p>Wichtiger Bestandteil  der Untersuchung ist au\u00dferdem die \u00dcberpr\u00fcfung des Impfstatus (zum  Beispiel Diphtherie, Tetanus, Polio).<\/p>\n<p>Quelle: GBA<\/p>\n","protected":false},"excerpt":{"rendered":"<p>Zur Fr\u00fcherkennung von Krankheiten bei Jugendlichen gibt es die sogenannte &#8220;Jugendgesundheitsuntersuchung&#8221;. Sie findet im Alter von 13 bis 14 Jahren statt. Der Umfang der Fr\u00fcherkennungsma\u00dfnahmen ist in den Richtlinien des G-BA f\u00fcr alle Krankenkassen verbindlich festgelegt. Anamnese und k\u00f6rperliche Untersuchung beschr\u00e4nken sich dabei auf diejenigen St\u00f6rungen und Verhaltensauff\u00e4lligkeiten, die schon<span class=\"more-link\"><a href=\"https:\/\/praxiswoytas.de\/?page_id=470\">*** weiter lesen *** <\/a><\/span><\/p>\n","protected":false},"author":2,"featured_media":0,"parent":420,"menu_order":0,"comment_status":"closed","ping_status":"closed","template":"","meta":{"footnotes":""},"class_list":["entry","author-woytas","post-470","page","type-page","status-publish"],"_links":{"self":[{"href":"https:\/\/praxiswoytas.de\/index.php?rest_route=\/wp\/v2\/pages\/470","targetHints":{"allow":["GET"]}}],"collection":[{"href":"https:\/\/praxiswoytas.de\/index.php?rest_route=\/wp\/v2\/pages"}],"about":[{"href":"https:\/\/praxiswoytas.de\/index.php?rest_route=\/wp\/v2\/types\/page"}],"author":[{"embeddable":true,"href":"https:\/\/praxiswoytas.de\/index.php?rest_route=\/wp\/v2\/users\/2"}],"replies":[{"embeddable":true,"href":"https:\/\/praxiswoytas.de\/index.php?rest_route=%2Fwp%2Fv2%2Fcomments&post=470"}],"version-history":[{"count":2,"href":"https:\/\/praxiswoytas.de\/index.php?rest_route=\/wp\/v2\/pages\/470\/revisions"}],"predecessor-version":[{"id":617,"href":"https:\/\/praxiswoytas.de\/index.php?rest_route=\/wp\/v2\/pages\/470\/revisions\/617"}],"up":[{"embeddable":true,"href":"https:\/\/praxiswoytas.de\/index.php?rest_route=\/wp\/v2\/pages\/420"}],"wp:attachment":[{"href":"https:\/\/praxiswoytas.de\/index.php?rest_route=%2Fwp%2Fv2%2Fmedia&parent=470"}],"curies":[{"name":"wp","href":"https:\/\/api.w.org\/{rel}","templated":true}]}}