{"id":49,"date":"2010-03-09T02:52:56","date_gmt":"2010-03-09T01:52:56","guid":{"rendered":"http:\/\/woytas.de\/praxis\/?page_id=49"},"modified":"2020-05-10T22:42:53","modified_gmt":"2020-05-10T21:42:53","slug":"angebot-ausstattung","status":"publish","type":"page","link":"https:\/\/praxiswoytas.de\/?page_id=49","title":{"rendered":"Diagnostik &#038; Therapie"},"content":{"rendered":"<p><strong>Ausstattung<\/strong><br \/>\nDie Praxis wurde im Jahr 2009 als moderne Hausarztpraxis und Praxis f\u00fcr \u00e4sthetische Medizin gegr\u00fcndet.<br \/>\nUnsere medizinischen Behandlungen basieren auf ganzheitlichen Therapiekonzepten. Das hei\u00dft, der einzelne Mensch in seiner Gesamtheit von K\u00f6rper und Seele steht im Mittelpunkt des Heilverfahrens. Dabei kommen bew\u00e4hrte und neue Behandlungsmethoden zur Anwendung.<\/p>\n<p>Meine T\u00e4tigkeitsschwerpunkte sind neben der Allgemeinmedizin: Reise- und Impfberatung, psychosomatische Grundversorgung, Chronikerbetreuung, Sportmedizinische Betreuung.<\/p>\n<p>Wir bieten in der Betreuung chronisch Kranker Patienten strukturierte Behandlungsprogramme f\u00fcr Patienten mit Asthma bronchiale, COPD, Diabetes mellitus Typ 2 oder koronarer Herzkrankheit.<\/p>\n<p>F\u00fcr die Behandlung unserer Patienten stehen folgende Behandlungsr\u00e4ume zur Verf\u00fcgung:<\/p>\n<ul>\n<li>Behandlungsraum mit EKG, Sonografie, Duplex und Doppler<\/li>\n<li>Behandlungsraum mit kleiner Chirurgie, \u00c4sthetischer und Lasermedizin mit kardiorespiratorischem Monitoring,<\/li>\n<li>Funktionsraum mit:\n<ul>\n<li>EKG und Belastungs-EKG (Liegeergometer)<\/li>\n<li>Langzeit-EKG<\/li>\n<li>Langzeitblutdruckmessung<\/li>\n<li>Spirometrie<\/li>\n<li>Kardiorespiratorischem Monitoring<\/li>\n<li>Infusionstherapie \/ Drip Spa<\/li>\n<li>Reiszstrom mit Interferenz- und Diadynamischen Str\u00f6men und Saugwelle<\/li>\n<li>Mikrowelle und Pulswelle<\/li>\n<li>StimaWell<\/li>\n<\/ul>\n<\/li>\n<li>Labor<\/li>\n<li>EsthetiQ &#8211; Wellness &amp; Beauty Lounge im Erdgescho\u00df<\/li>\n<\/ul>\n<p>Um meine Patienten nach den aktuellen, medizinischen Erkenntnissen betreuen zu k\u00f6nnen, werden von mir regelm\u00e4\u00dfig Fortbildungsveranstaltungen der unterschiedlichsten Art wahrgenommen. Dies wurde auch durch das Fortbildungszertifikat der Landes\u00e4rztekammer best\u00e4tigt.<\/p>\n<p><img loading=\"lazy\" decoding=\"async\" class=\"aligncenter wp-image-2558 size-full\" src=\"http:\/\/praxiswoytas.de\/wp-content\/uploads\/human-skeleton-163715_1280.jpg\" alt=\"\" width=\"1280\" height=\"720\" srcset=\"https:\/\/praxiswoytas.de\/wp-content\/uploads\/human-skeleton-163715_1280.jpg 1280w, https:\/\/praxiswoytas.de\/wp-content\/uploads\/human-skeleton-163715_1280-300x169.jpg 300w, https:\/\/praxiswoytas.de\/wp-content\/uploads\/human-skeleton-163715_1280-1024x576.jpg 1024w, https:\/\/praxiswoytas.de\/wp-content\/uploads\/human-skeleton-163715_1280-768x432.jpg 768w, https:\/\/praxiswoytas.de\/wp-content\/uploads\/human-skeleton-163715_1280-465x262.jpg 465w, https:\/\/praxiswoytas.de\/wp-content\/uploads\/human-skeleton-163715_1280-695x391.jpg 695w\" sizes=\"auto, (max-width: 1280px) 100vw, 1280px\" \/><\/p>\n","protected":false},"excerpt":{"rendered":"<p>Ausstattung Die Praxis wurde im Jahr 2009 als moderne Hausarztpraxis und Praxis f\u00fcr \u00e4sthetische Medizin gegr\u00fcndet. Unsere medizinischen Behandlungen basieren auf ganzheitlichen Therapiekonzepten. Das hei\u00dft, der einzelne Mensch in seiner Gesamtheit von K\u00f6rper und Seele steht im Mittelpunkt des Heilverfahrens. Dabei kommen bew\u00e4hrte und neue Behandlungsmethoden zur Anwendung. Meine T\u00e4tigkeitsschwerpunkte<span class=\"more-link\"><a href=\"https:\/\/praxiswoytas.de\/?page_id=49\">*** weiter lesen *** <\/a><\/span><\/p>\n","protected":false},"author":2,"featured_media":0,"parent":0,"menu_order":0,"comment_status":"closed","ping_status":"closed","template":"","meta":{"footnotes":""},"class_list":["entry","author-woytas","post-49","page","type-page","status-publish"],"_links":{"self":[{"href":"https:\/\/praxiswoytas.de\/index.php?rest_route=\/wp\/v2\/pages\/49","targetHints":{"allow":["GET"]}}],"collection":[{"href":"https:\/\/praxiswoytas.de\/index.php?rest_route=\/wp\/v2\/pages"}],"about":[{"href":"https:\/\/praxiswoytas.de\/index.php?rest_route=\/wp\/v2\/types\/page"}],"author":[{"embeddable":true,"href":"https:\/\/praxiswoytas.de\/index.php?rest_route=\/wp\/v2\/users\/2"}],"replies":[{"embeddable":true,"href":"https:\/\/praxiswoytas.de\/index.php?rest_route=%2Fwp%2Fv2%2Fcomments&post=49"}],"version-history":[{"count":6,"href":"https:\/\/praxiswoytas.de\/index.php?rest_route=\/wp\/v2\/pages\/49\/revisions"}],"predecessor-version":[{"id":2563,"href":"https:\/\/praxiswoytas.de\/index.php?rest_route=\/wp\/v2\/pages\/49\/revisions\/2563"}],"wp:attachment":[{"href":"https:\/\/praxiswoytas.de\/index.php?rest_route=%2Fwp%2Fv2%2Fmedia&parent=49"}],"curies":[{"name":"wp","href":"https:\/\/api.w.org\/{rel}","templated":true}]}}