{"id":519,"date":"2010-05-17T22:44:34","date_gmt":"2010-05-17T21:44:34","guid":{"rendered":"http:\/\/praxiswoytas.de\/?page_id=519"},"modified":"2021-07-18T23:39:03","modified_gmt":"2021-07-18T22:39:03","slug":"tauchtauglichkeitsuntersuchung","status":"publish","type":"page","link":"https:\/\/praxiswoytas.de\/?page_id=519","title":{"rendered":"Tauchtauglichkeitsuntersuchung"},"content":{"rendered":"<p style=\"text-align: justify;\">\n<p style=\"text-align: justify;\"><img loading=\"lazy\" decoding=\"async\" class=\"alignleft size-thumbnail wp-image-481\" title=\"M. Woytas\" src=\"http:\/\/praxiswoytas.de\/wp-content\/uploads\/2010\/04\/coj-bender-0112-150x150.jpg\" alt=\"M. Woytas\" width=\"172\" height=\"172\" \/><\/p>\n<p style=\"text-align: justify;\">Tauchen kann der sch\u00f6nste Sport der Welt sein\u00a0 &#8211; sofern man gesund ist.\u00a0 Auch Erkrankungen schlie\u00dfen Tauchen nicht unmittelbar aus. Bis zum 40- sten Lebensjahr wird die Tauglichkeitsuntersuchung zum Sporttauchen alle 2 Jahre, dann und bei Erkrankungen j\u00e4hrlich seitens der deutschen Gesellschaft f\u00fcr Tauch- und \u00dcberdruckmedizin e.V., der \u00f6sterreichischen und schweizerischen Tauchgesellschaft und seitens des DAN (Divers Allert Network, international) empfohlen.<\/p>\n<p style=\"text-align: justify;\">Der Untersuchungsumfang bel\u00e4uft sich auf eine ausf\u00fchrliche Befragung, k\u00f6rperliche Untersuchung, Lungenfunktionskontrolle, laborchemische Untersuchungen des Blutes und Urins, sowie Alters-\/krankheitsabh\u00e4ngig auf eine Lungenr\u00f6ntgenuntersuchung und Ergometrie (Fahrradbelastungs-EKG).<\/p>\n<p style=\"text-align: justify;\">Abweichend von den Empfehlungen der Gesellschaften rate ich bei allen Tauchern zu einer Fahrradergometrie, unabh\u00e4ngig vom Alter.<\/p>\n<p style=\"text-align: justify;\">Insbesondere bei Vorerkrankungen ist es notwendig, dass Sie Vorbefunde (Krankenhausbefunde, Laborbefunde, R\u00f6ntgenthoraxbefunde,&#8230;) mitbringen.<img loading=\"lazy\" decoding=\"async\" class=\"alignright size-full wp-image-480\" style=\"margin: 5px; border: 0pt none;\" title=\"M.Woytas\" src=\"http:\/\/praxiswoytas.de\/wp-content\/uploads\/2010\/04\/cimg07131.jpg\" alt=\"cimg07131\" width=\"179\" height=\"135\" \/><\/p>\n<p style=\"text-align: justify;\">Gegebenefalls sind auch spezielle Untersuchungen beim HNO-Arzt (Gaumenanomalien, Trommelfelldefekt, Septumdeviation, Airtrapping), Kardiologen (persisierendes Foramen ovale \/PFO) oder Zahnarzt (Zahnfehlstellung, Bi\u00dfkorrektur \/ ergonomische Anpassung d. Mundst\u00fccks, Sicherheit von Plomben \/ Implantaten) oder auch eine Druckkammerfahrt notwendig.<\/p>\n<p style=\"text-align: justify;\">Die Leistung ist keine Kassenleistung. Die Abrechnung erfolgt nach GO\u00c4 entsprechend den GTUEM-Empfehlungen bzw. \u00c4rztenetz-Erfurt-Leistungsindex.<\/p>\n<p style=\"text-align: justify;\"><img loading=\"lazy\" decoding=\"async\" class=\"alignleft size-full wp-image-479\" title=\"M. Woytas\" src=\"http:\/\/praxiswoytas.de\/wp-content\/uploads\/2010\/04\/cimg06861.jpg\" alt=\"cimg06861\" width=\"174\" height=\"131\" \/>Bitte bedenken Sie, dass gegebenenfalls auch noch eine Reiseberatung und entsprechende Impfungen notwendig sind. Hier lassen sich allerdings auch in Zusammenhang mit der Tauglichkeitsuntersuchung Kosten sparen indem Leistungen geb\u00fcndelt werden. Vielleicht werden Impfungen auch auf Anfrage von Ihrer Krankenkasse erstattet &#8211; fragen kostet nichts.<\/p>\n<p style=\"text-align: justify;\">Bitte sehen Sie aber von Anfragen hinsichtlich einer Pauschalbescheinigung f\u00fcr 20,- \u20ac ab. Tauchen ist Leistungssport und verlangt dem K\u00f6rper einiges ab &#8211; deshalb erfolgen auch die aufwendigen Untersuchungen. Pauschalatteste schaden hier nur Taucher und Untersucher.<\/p>\n<hr \/>\n<p style=\"text-align: justify;\"><strong>Informationen:<\/strong><br \/>\n<a title=\"KI\" href=\"http:\/\/www.tauchtauglichkeitsuntersuchungen.de\/kontraindikationen\/\" target=\"_blank\" rel=\"noopener noreferrer\">Kontraindikationen zum Sporttauchen<\/a><\/p>\n<p style=\"text-align: justify;\"><a href=\"http:\/\/www.alertdiver.eu\/\" target=\"_blank\" rel=\"noopener noreferrer\">DAN-AlertDiver Magazin<\/a><\/p>\n<hr \/>\n<p style=\"text-align: justify;\"><strong>Verbandsinformationen:<\/strong><\/p>\n<p><a href=\"https:\/\/www.gtuem.org\/\" target=\"_blank\" rel=\"noopener noreferrer\"><img loading=\"lazy\" decoding=\"async\" class=\"alignnone wp-image-2723 size-thumbnail\" src=\"http:\/\/praxiswoytas.de\/wp-content\/uploads\/gtuem1-150x150.jpg\" alt=\"\" width=\"150\" height=\"150\" \/><\/a> <a href=\"https:\/\/www.daneurope.org\/de\/home\" target=\"_blank\" rel=\"noopener noreferrer\"><img loading=\"lazy\" decoding=\"async\" class=\"alignnone wp-image-2722 size-thumbnail\" src=\"http:\/\/praxiswoytas.de\/wp-content\/uploads\/1519902189508-150x150.png\" alt=\"\" width=\"150\" height=\"150\" srcset=\"https:\/\/praxiswoytas.de\/wp-content\/uploads\/1519902189508-150x150.png 150w, https:\/\/praxiswoytas.de\/wp-content\/uploads\/1519902189508.png 200w\" sizes=\"auto, (max-width: 150px) 100vw, 150px\" \/><\/a><\/p>\n<p><strong>Tauchversicherungen:<\/strong><br \/>\nBergung, Rettung und Druckkammerbehandlung sind auch im Inland nicht immer mitversichert. Deshalb wird entsprechender Schutz empfohlen. Hier einige Anbieter:<\/p>\n<p style=\"text-align: justify;\"><a id=\"apf0\" href=\"http:\/\/www.adac.de\/Produkte\/versicherungen\/unfallversicherung\/unfallschutz_aktiv\/kontakt_service.aspx\" target=\"_blank\" rel=\"noopener noreferrer\"><img loading=\"lazy\" decoding=\"async\" id=\"ipfnjVmH-AWY1p6ZM:\" class=\"alignleft\" style=\"border: 1px solid; vertical-align: bottom;\" src=\"http:\/\/t2.gstatic.com\/images?q=tbn:njVmH-AWY1p6ZM:http:\/\/eurode-racing.de\/assets\/images\/599px-ADAC-Logo.svg.png\" alt=\"\" width=\"92\" height=\"89\" \/><\/a><a href=\"http:\/\/www.aqua-med.de\"><img loading=\"lazy\" decoding=\"async\" class=\"alignleft size-full wp-image-773\" title=\"aqua-med-logo\" src=\"http:\/\/praxiswoytas.de\/wp-content\/uploads\/2010\/05\/aqua-med-logo.jpg\" alt=\"aqua-med-logo\" width=\"319\" height=\"79\" \/><\/a><a href=\"https:\/\/www.daneurope.org\/de\/tauchversicherung\" target=\"_blank\" rel=\"noopener noreferrer\"><img loading=\"lazy\" decoding=\"async\" class=\"alignnone wp-image-2722\" src=\"http:\/\/praxiswoytas.de\/wp-content\/uploads\/1519902189508-150x150.png\" alt=\"\" width=\"100\" height=\"100\" srcset=\"https:\/\/praxiswoytas.de\/wp-content\/uploads\/1519902189508-150x150.png 150w, https:\/\/praxiswoytas.de\/wp-content\/uploads\/1519902189508.png 200w\" sizes=\"auto, (max-width: 100px) 100vw, 100px\" \/><\/a><\/p>\n<hr \/>\n<p><strong>Zum Taucher M. Woytas:<\/strong><br \/>\nseit 1984 Tauchsport (GST\/Optima Erfurt),<\/p>\n<p>1996 Neubrevetierung mit SSI-OWD \/ SSI-Jena<\/p>\n<p>Druckkammerassistent und -bediener<br \/>\nim ehem. Druckkammerzentrum Jena-Lobeda (HYPERmed) 1997-1999<\/p>\n<p><img loading=\"lazy\" decoding=\"async\" class=\"alignleft size-medium wp-image-510\" title=\"tauchen-gst4\" src=\"http:\/\/praxiswoytas.de\/wp-content\/uploads\/2010\/04\/tauchen-gst4-204x300.jpg\" alt=\"tauchen-gst4\" width=\"136\" height=\"200\" srcset=\"https:\/\/praxiswoytas.de\/wp-content\/uploads\/2010\/04\/tauchen-gst4-204x300.jpg 204w, https:\/\/praxiswoytas.de\/wp-content\/uploads\/2010\/04\/tauchen-gst4.jpg 564w\" sizes=\"auto, (max-width: 136px) 100vw, 136px\" \/><\/p>\n<p style=\"text-align: justify;\"><img loading=\"lazy\" decoding=\"async\" class=\"alignleft size-medium wp-image-509\" title=\"tauchen-gst3\" src=\"http:\/\/praxiswoytas.de\/wp-content\/uploads\/2010\/04\/tauchen-gst3-203x300.jpg\" alt=\"tauchen-gst3\" width=\"134\" height=\"200\" \/><img loading=\"lazy\" decoding=\"async\" class=\"alignleft  size-medium wp-image-508\" title=\"tauchen-gst2\" src=\"http:\/\/praxiswoytas.de\/wp-content\/uploads\/2010\/04\/tauchen-gst2-205x300.jpg\" alt=\"tauchen-gst2\" width=\"137\" height=\"200\" srcset=\"https:\/\/praxiswoytas.de\/wp-content\/uploads\/2010\/04\/tauchen-gst2-205x300.jpg 205w, https:\/\/praxiswoytas.de\/wp-content\/uploads\/2010\/04\/tauchen-gst2.jpg 560w\" sizes=\"auto, (max-width: 137px) 100vw, 137px\" \/><img loading=\"lazy\" decoding=\"async\" class=\"alignleft  size-medium wp-image-507\" title=\"tauchen-gst1\" src=\"http:\/\/praxiswoytas.de\/wp-content\/uploads\/2010\/04\/tauchen-gst1-205x300.jpg\" alt=\"tauchen-gst1\" width=\"137\" height=\"200\" srcset=\"https:\/\/praxiswoytas.de\/wp-content\/uploads\/2010\/04\/tauchen-gst1-205x300.jpg 205w, https:\/\/praxiswoytas.de\/wp-content\/uploads\/2010\/04\/tauchen-gst1.jpg 558w\" sizes=\"auto, (max-width: 137px) 100vw, 137px\" \/><\/p>\n<p style=\"text-align: justify;\">\n<p style=\"text-align: justify;\">\n<p style=\"text-align: justify;\">\n<p style=\"text-align: justify;\">\n<p style=\"text-align: justify;\">\n<p style=\"text-align: justify;\">\n<p style=\"text-align: justify;\">\n<hr \/>\n<p>Weihnachtstauchen GST Erfurt in den 80-ern<\/p>\n<hr \/>\n<p style=\"text-align: justify;\">\n<p>Einige meiner Tauchimpressionen aus den letzten Jahren:<\/p>\n<p><iframe loading=\"lazy\" title=\"dive tr 2018\" width=\"1440\" height=\"810\" src=\"https:\/\/www.youtube.com\/embed\/JF_7t0ABcOo?feature=oembed\" frameborder=\"0\" allow=\"accelerometer; autoplay; clipboard-write; encrypted-media; gyroscope; picture-in-picture\" allowfullscreen><\/iframe><\/p>\n<p style=\"text-align: justify;\">Die 3 Inseln vor Kemer &#8211; Tekirova sind ein sch\u00f6nes und abwechslungreiches Tauchrevier<\/p>\n<p><iframe loading=\"lazy\" title=\"Wracktauchgang zur &quot;Sheikh Mohammed&quot; im Nirgendwo zwischen Dubai und Iran\" width=\"1333\" height=\"1000\" src=\"https:\/\/www.youtube.com\/embed\/UUgvvBzY9Cs?feature=oembed\" frameborder=\"0\" allow=\"accelerometer; autoplay; clipboard-write; encrypted-media; gyroscope; picture-in-picture\" allowfullscreen><\/iframe><\/p>\n<p>Wracktauchgang zur \u201cSheikh Mohammed\u201d im Nirgendwo zwischen Dubai und Iran<\/p>\n<p><iframe loading=\"lazy\" title=\"Tauchen in Costa Calma \/ Fuerteventura 10\/2011\" width=\"1333\" height=\"1000\" src=\"https:\/\/www.youtube.com\/embed\/ADbXan8cxkQ?feature=oembed\" frameborder=\"0\" allow=\"accelerometer; autoplay; clipboard-write; encrypted-media; gyroscope; picture-in-picture\" allowfullscreen><\/iframe><\/p>\n<p>Abtauchen in Fuerteventura mit viel Fisch und auch ein paar Engelhaien<\/p>\n<p><iframe loading=\"lazy\" title=\"Wrack Bowbelle \/ Madeira\" width=\"1333\" height=\"1000\" src=\"https:\/\/www.youtube.com\/embed\/nvQsCVacDhE?feature=oembed\" frameborder=\"0\" allow=\"accelerometer; autoplay; clipboard-write; encrypted-media; gyroscope; picture-in-picture\" allowfullscreen><\/iframe><\/p>\n<p>Wracktauchgang &#8220;Bowbelle&#8221; \/ Madeira am 11.06.2011 eintauchen in die dunkle Vergangenheit<\/p>\n<p><iframe loading=\"lazy\" title=\"madeira-garajau.avi\" width=\"1333\" height=\"1000\" src=\"https:\/\/www.youtube.com\/embed\/rhMMi7XTNLY?feature=oembed\" frameborder=\"0\" allow=\"accelerometer; autoplay; clipboard-write; encrypted-media; gyroscope; picture-in-picture\" allowfullscreen><\/iframe><\/p>\n<p>Tauchen im Naturschutzgebiet Garajau \/ Madeira am 09.06.2011 etwas unbalanciert mit Stingray und Manta<\/p>\n<p><iframe loading=\"lazy\" title=\"dive fuerte 2011.avi\" width=\"1333\" height=\"1000\" src=\"https:\/\/www.youtube.com\/embed\/JGYRf9RfMwY?feature=oembed\" frameborder=\"0\" allow=\"accelerometer; autoplay; clipboard-write; encrypted-media; gyroscope; picture-in-picture\" allowfullscreen><\/iframe><\/p>\n<p>Tauchen am Hafen von Morro Jable, Jandia \/ FUE am 24.03.2011 mit etwas Fisch<\/p>\n<p><iframe loading=\"lazy\" title=\"dive tr 2007.avi\" width=\"1333\" height=\"1000\" src=\"https:\/\/www.youtube.com\/embed\/X09Z_lOZcjw?feature=oembed\" frameborder=\"0\" allow=\"accelerometer; autoplay; clipboard-write; encrypted-media; gyroscope; picture-in-picture\" allowfullscreen><\/iframe><\/p>\n<p>H\u00f6hlentauchen in Sarigerme, Dalaman \/ TR 2007<\/p>\n","protected":false},"excerpt":{"rendered":"<p>Tauchen kann der sch\u00f6nste Sport der Welt sein\u00a0 &#8211; sofern man gesund ist.\u00a0 Auch Erkrankungen schlie\u00dfen Tauchen nicht unmittelbar aus. Bis zum 40- sten Lebensjahr wird die Tauglichkeitsuntersuchung zum Sporttauchen alle 2 Jahre, dann und bei Erkrankungen j\u00e4hrlich seitens der deutschen Gesellschaft f\u00fcr Tauch- und \u00dcberdruckmedizin e.V., der \u00f6sterreichischen und<span class=\"more-link\"><a href=\"https:\/\/praxiswoytas.de\/?page_id=519\">*** weiter lesen *** <\/a><\/span><\/p>\n","protected":false},"author":2,"featured_media":0,"parent":164,"menu_order":0,"comment_status":"closed","ping_status":"closed","template":"","meta":{"footnotes":""},"class_list":["entry","author-woytas","post-519","page","type-page","status-publish"],"_links":{"self":[{"href":"https:\/\/praxiswoytas.de\/index.php?rest_route=\/wp\/v2\/pages\/519","targetHints":{"allow":["GET"]}}],"collection":[{"href":"https:\/\/praxiswoytas.de\/index.php?rest_route=\/wp\/v2\/pages"}],"about":[{"href":"https:\/\/praxiswoytas.de\/index.php?rest_route=\/wp\/v2\/types\/page"}],"author":[{"embeddable":true,"href":"https:\/\/praxiswoytas.de\/index.php?rest_route=\/wp\/v2\/users\/2"}],"replies":[{"embeddable":true,"href":"https:\/\/praxiswoytas.de\/index.php?rest_route=%2Fwp%2Fv2%2Fcomments&post=519"}],"version-history":[{"count":38,"href":"https:\/\/praxiswoytas.de\/index.php?rest_route=\/wp\/v2\/pages\/519\/revisions"}],"predecessor-version":[{"id":2726,"href":"https:\/\/praxiswoytas.de\/index.php?rest_route=\/wp\/v2\/pages\/519\/revisions\/2726"}],"up":[{"embeddable":true,"href":"https:\/\/praxiswoytas.de\/index.php?rest_route=\/wp\/v2\/pages\/164"}],"wp:attachment":[{"href":"https:\/\/praxiswoytas.de\/index.php?rest_route=%2Fwp%2Fv2%2Fmedia&parent=519"}],"curies":[{"name":"wp","href":"https:\/\/api.w.org\/{rel}","templated":true}]}}